{"id":94507,"date":"2025-12-03T18:26:33","date_gmt":"2025-12-03T18:26:33","guid":{"rendered":"https:\/\/brandss.com.py\/index\/?post_type=product&#038;p=94507"},"modified":"2025-12-03T18:28:48","modified_gmt":"2025-12-03T18:28:48","slug":"perfume-femenino-volare-milani-red-apple-edp-100ml","status":"publish","type":"product","link":"https:\/\/brandss.com.py\/index\/producto\/perfume-femenino-volare-milani-red-apple-edp-100ml\/","title":{"rendered":"PERFUME FEMENINO VOLAR\u00c9 MILANI RED APPLE EDP 100ML"},"content":{"rendered":"<p><img loading=\"lazy\" decoding=\"async\" class=\"\" src=\"https:\/\/bestperfumesmiami.com\/cdn\/shop\/collections\/Volare_Logo_-_Edited_1.png?v=1747240421\" alt=\"Volar\u00e9 \u2013 Best Perfumes Miami\" width=\"136\" height=\"136\" \/><\/p>\n<h1>MILANI RED APPLE<\/h1>\n<p><span dir=\"auto\">D\u00e9jate seducir por Milani Red Apple, una deliciosa fragancia que revela tu feminidad con frescura y sensualidad. Con su deslumbrante frasco rojo y su acabado dorado, esta fragancia encarna la pasi\u00f3n y la elegancia.\u00a0<\/span><\/p>\n<h4><em>Una botella rojo pasi\u00f3n<\/em><\/h4>\n<p>La botella de\u00a0<em>Milani Manzana Roja<\/em><img loading=\"lazy\" decoding=\"async\" class=\"size-medium wp-image-94510 alignleft\" src=\"https:\/\/brandss.com.py\/index\/wp-content\/uploads\/2025\/12\/A-80-237x300.png\" alt=\"\" width=\"237\" height=\"300\" srcset=\"https:\/\/brandss.com.py\/index\/wp-content\/uploads\/2025\/12\/A-80-237x300.png 237w, https:\/\/brandss.com.py\/index\/wp-content\/uploads\/2025\/12\/A-80-430x545.png 430w, https:\/\/brandss.com.py\/index\/wp-content\/uploads\/2025\/12\/A-80-150x190.png 150w, https:\/\/brandss.com.py\/index\/wp-content\/uploads\/2025\/12\/A-80.png 600w\" sizes=\"auto, (max-width: 237px) 100vw, 237px\" \/>tiene una silueta elegante y moderna, en un rojo intenso sublimado por detalles dorados. S\u00edmbolo de feminidad e indulgencia, refleja a la perfecci\u00f3n el universo olfativo afrutado y dulce de esta fragancia.<\/p>\n<h3>Notas Olfativas<\/h3>\n<p data-start=\"309\" data-end=\"928\">Una fragancia tan chispeante como una manzana roja reci\u00e9n mordida. Milani Red Apple captura la jugosa dulzura de los frutos rojos y la delicadeza de las flores, creando una fragancia luminosa, femenina y adictiva. Desde la primera aplicaci\u00f3n, revela una explosi\u00f3n de chispa afrutada, seguida de un embriagador coraz\u00f3n floral y una irresistible estela de almizcle y vainilla. La fragancia se abre con una salida din\u00e1mica y chispeante:\u00a0grosella negra \u00e1cida, lichi ex\u00f3tico, manzana roja crujiente y pomelo rosa jugoso que aportan frescura y vitalidad.<br data-start=\"498\" data-end=\"501\" \/>En su coraz\u00f3n florecen la\u00a0elegancia del jazm\u00edn, la delicadeza de la rosa gallica, la suavidad de la flor de frambuesa y un toque de bayas silvestres, creando un bouquet vibrante y sofisticado.<br data-start=\"711\" data-end=\"714\" \/>El fondo se posa c\u00e1lido y sensual con\u00a0\u00e1mbar dorado, almizcle aterciopelado, az\u00facar delicada, vainilla cremosa y un susurro de musgo, envolviendo la piel con equilibrio entre dulzura y elegancia.<\/p>\n<p data-start=\"930\" data-end=\"952\">\n<p data-start=\"954\" data-end=\"1219\"><strong data-start=\"957\" data-end=\"977\">Notas de salida:<\/strong> grosella negra, lichi, manzana roja, pomelo rosa.<br data-start=\"1038\" data-end=\"1041\" \/><strong data-start=\"1044\" data-end=\"1065\">Notas de coraz\u00f3n:<\/strong> jazm\u00edn, flor de frambuesa, bayas silvestres, rosa gallica.<br data-start=\"1137\" data-end=\"1140\" \/><strong data-start=\"1143\" data-end=\"1162\">Notas de fondo:<\/strong> \u00e1mbar, almizcle, az\u00facar, vainilla, musgo.<\/p>\n","protected":false},"excerpt":{"rendered":"<p>MILANI RED APPLE D\u00e9jate seducir por Milani Red Apple, una deliciosa fragancia que revela tu feminidad con frescura y sensualidad.<\/p>\n","protected":false},"featured_media":94508,"comment_status":"open","ping_status":"closed","template":"","meta":{"nf_dc_page":""},"product_brand":[1550],"product_cat":[84],"product_tag":[1580],"class_list":{"0":"post-94507","1":"product","2":"type-product","3":"status-publish","4":"has-post-thumbnail","6":"product_brand-volare","7":"product_cat-perfumeria","8":"product_tag-1580","10":"first","11":"instock","12":"shipping-taxable","13":"purchasable","14":"product-type-simple"},"_links":{"self":[{"href":"https:\/\/brandss.com.py\/index\/wp-json\/wp\/v2\/product\/94507","targetHints":{"allow":["GET"]}}],"collection":[{"href":"https:\/\/brandss.com.py\/index\/wp-json\/wp\/v2\/product"}],"about":[{"href":"https:\/\/brandss.com.py\/index\/wp-json\/wp\/v2\/types\/product"}],"replies":[{"embeddable":true,"href":"https:\/\/brandss.com.py\/index\/wp-json\/wp\/v2\/comments?post=94507"}],"version-history":[{"count":1,"href":"https:\/\/brandss.com.py\/index\/wp-json\/wp\/v2\/product\/94507\/revisions"}],"predecessor-version":[{"id":94511,"href":"https:\/\/brandss.com.py\/index\/wp-json\/wp\/v2\/product\/94507\/revisions\/94511"}],"wp:featuredmedia":[{"embeddable":true,"href":"https:\/\/brandss.com.py\/index\/wp-json\/wp\/v2\/media\/94508"}],"wp:attachment":[{"href":"https:\/\/brandss.com.py\/index\/wp-json\/wp\/v2\/media?parent=94507"}],"wp:term":[{"taxonomy":"product_brand","embeddable":true,"href":"https:\/\/brandss.com.py\/index\/wp-json\/wp\/v2\/product_brand?post=94507"},{"taxonomy":"product_cat","embeddable":true,"href":"https:\/\/brandss.com.py\/index\/wp-json\/wp\/v2\/product_cat?post=94507"},{"taxonomy":"product_tag","embeddable":true,"href":"https:\/\/brandss.com.py\/index\/wp-json\/wp\/v2\/product_tag?post=94507"}],"curies":[{"name":"wp","href":"https:\/\/api.w.org\/{rel}","templated":true}]}}