{"id":94512,"date":"2025-12-03T18:49:32","date_gmt":"2025-12-03T18:49:32","guid":{"rendered":"https:\/\/brandss.com.py\/index\/?post_type=product&#038;p=94512"},"modified":"2025-12-03T18:50:11","modified_gmt":"2025-12-03T18:50:11","slug":"perfume-unisex-volare-milani-warm-vanilla-edp-100ml","status":"publish","type":"product","link":"https:\/\/brandss.com.py\/index\/producto\/perfume-unisex-volare-milani-warm-vanilla-edp-100ml\/","title":{"rendered":"PERFUME UNISEX VOLAR\u00c9 MILANI WARM VANILLA EDP 100ML"},"content":{"rendered":"<p><img loading=\"lazy\" decoding=\"async\" class=\"\" src=\"https:\/\/bestperfumesmiami.com\/cdn\/shop\/collections\/Volare_Logo_-_Edited_1.png?v=1747240421\" alt=\"Volar\u00e9 \u2013 Best Perfumes Miami\" width=\"94\" height=\"94\" \/><\/p>\n<h1>MILANI WARM VANILLA<\/h1>\n<p><strong><em>Un capricho refinado y sensual<\/em><\/strong><\/p>\n<p>Un abrazo olfativo reconfortante, sensual y profundamente cautivador. Milani Warm Vanilla es una fragancia c\u00e1lida que celebra la vainilla en todas sus facetas, mezcl\u00e1ndola con notas especiadas, dulces y amaderadas. <span dir=\"auto\">Milani Warm Vanilla es la elegancia de una fragancia c\u00e1lida y sofisticada, para llevar como un suave abrigo de seda.<\/span><\/p>\n<h3>Notas Olfativas<\/h3>\n<p><span dir=\"auto\">Milani Warm Vanilla<\/span><span dir=\"auto\">, cautiva desde el primer momento con su elegante composici\u00f3n y su car\u00e1cter\u00a0<\/span><span dir=\"auto\">unisex<\/span><span dir=\"auto\">. Esta creaci\u00f3n atrae tanto a los amantes de los acordes\u00a0<\/span><span dir=\"auto\">reconfortantes y golosos<\/span><span dir=\"auto\">\u00a0como a quienes buscan matices m\u00e1s profundos. Ideal tanto para el d\u00eda como para la noche, equilibra a la perfecci\u00f3n la\u00a0<\/span><span dir=\"auto\">cremosa vainilla<\/span><span dir=\"auto\">, la sofisticaci\u00f3n floral y las envolventes notas amaderadas, convirti\u00e9ndola en una opci\u00f3n esencial para los amantes de los perfumes que buscan diversidad.\u00a0<\/span><\/p>\n<p><span dir=\"auto\">Desde la primera bocanada, d\u00e9jate seducir por un tr\u00edo gourmand de cr\u00e8me br\u00fbl\u00e9e, orqu\u00eddea de vainilla y ron dorado, para una salida dulce y audaz. En el coraz\u00f3n, la flor de jazm\u00edn, el pachul\u00ed especiado y el az\u00facar moreno aportan una sensualidad embriagadora. Finalmente, la fragancia se asienta en un fondo rico y profundo de vainilla real, oud, almizcle, haba tonka y \u00e1mbar, para una esencia inolvidable.<\/span><\/p>\n<p>&nbsp;<\/p>\n<p><strong>Notas de salida:<\/strong> Cr\u00e8me br\u00fbl\u00e9e, orqu\u00eddea de vainilla, ron dorado.<\/p>\n<p><strong>Notas de coraz\u00f3n:<\/strong> jazm\u00edn, pachul\u00ed picante, az\u00facar moreno.<\/p>\n<p><strong>Notas de fondo:<\/strong> oud real, vainilla, pachul\u00ed dulce, almizcle, haba tonka, \u00e1mbar.<\/p>\n","protected":false},"excerpt":{"rendered":"<p>MILANI WARM VANILLA Un capricho refinado y sensual Un abrazo olfativo reconfortante, sensual y profundamente cautivador. Milani Warm Vanilla es<\/p>\n","protected":false},"featured_media":94513,"comment_status":"open","ping_status":"closed","template":"","meta":{"nf_dc_page":""},"product_brand":[1550],"product_cat":[84],"product_tag":[1581],"class_list":{"0":"post-94512","1":"product","2":"type-product","3":"status-publish","4":"has-post-thumbnail","6":"product_brand-volare","7":"product_cat-perfumeria","8":"product_tag-1581","10":"first","11":"instock","12":"shipping-taxable","13":"purchasable","14":"product-type-simple"},"_links":{"self":[{"href":"https:\/\/brandss.com.py\/index\/wp-json\/wp\/v2\/product\/94512","targetHints":{"allow":["GET"]}}],"collection":[{"href":"https:\/\/brandss.com.py\/index\/wp-json\/wp\/v2\/product"}],"about":[{"href":"https:\/\/brandss.com.py\/index\/wp-json\/wp\/v2\/types\/product"}],"replies":[{"embeddable":true,"href":"https:\/\/brandss.com.py\/index\/wp-json\/wp\/v2\/comments?post=94512"}],"version-history":[{"count":1,"href":"https:\/\/brandss.com.py\/index\/wp-json\/wp\/v2\/product\/94512\/revisions"}],"predecessor-version":[{"id":94515,"href":"https:\/\/brandss.com.py\/index\/wp-json\/wp\/v2\/product\/94512\/revisions\/94515"}],"wp:featuredmedia":[{"embeddable":true,"href":"https:\/\/brandss.com.py\/index\/wp-json\/wp\/v2\/media\/94513"}],"wp:attachment":[{"href":"https:\/\/brandss.com.py\/index\/wp-json\/wp\/v2\/media?parent=94512"}],"wp:term":[{"taxonomy":"product_brand","embeddable":true,"href":"https:\/\/brandss.com.py\/index\/wp-json\/wp\/v2\/product_brand?post=94512"},{"taxonomy":"product_cat","embeddable":true,"href":"https:\/\/brandss.com.py\/index\/wp-json\/wp\/v2\/product_cat?post=94512"},{"taxonomy":"product_tag","embeddable":true,"href":"https:\/\/brandss.com.py\/index\/wp-json\/wp\/v2\/product_tag?post=94512"}],"curies":[{"name":"wp","href":"https:\/\/api.w.org\/{rel}","templated":true}]}}