{"id":94516,"date":"2025-12-03T19:14:27","date_gmt":"2025-12-03T19:14:27","guid":{"rendered":"https:\/\/brandss.com.py\/index\/?post_type=product&#038;p=94516"},"modified":"2025-12-03T19:14:52","modified_gmt":"2025-12-03T19:14:52","slug":"crema-facial-wetcode-time-reversal-firming-60ml","status":"publish","type":"product","link":"https:\/\/brandss.com.py\/index\/producto\/crema-facial-wetcode-time-reversal-firming-60ml\/","title":{"rendered":"CREMA FACIAL WETCODE TIME REVERSAL FIRMING 60ML"},"content":{"rendered":"<p><img loading=\"lazy\" decoding=\"async\" class=\"\" src=\"https:\/\/wochuancare.com\/wp-content\/uploads\/2025\/11\/wetcode.webp\" alt=\"Belleza &amp; Fabricante de electrodom\u00e9sticos de cuidado personal | Wochuan\" width=\"144\" height=\"82\" \/><\/p>\n<h1>TIME REVERSAL FIRMING<\/h1>\n<p><span dir=\"auto\">Esta crema reafirmante, potenciada por algas espaciales H11, suaviza y levanta la piel. Se derrite sobre la piel como la nieve, hidratando pero no engrasando. Perfecta para todo tipo de piel, todo el a\u00f1o. Esta crema antiedad ayudar\u00e1 a reafirmar y rellenar la apariencia de la piel.<\/span><\/p>\n<p><strong><span dir=\"auto\">SERIE TIME REVERSAL<\/span><\/strong><\/p>\n<p><span dir=\"auto\">La serie Time Reversal destaca por su alcance de innovaci\u00f3n. Todos los productos se basan en la tecnolog\u00eda revolucionaria: Crystallite Water Technology. \u00bfEn qu\u00e9 consiste exactamente esta revoluci\u00f3n?<\/span><\/p>\n<p><span dir=\"auto\">Cada nanopart\u00edcula en los productos est\u00e1 compuesta por 1000 capas que penetran gradual y profundamente en las capas sucesivas de la piel. El proceso completo toma hasta 48 horas, lo que garantiza resultados visibles y una eficacia duradera de los productos Time Reversal.<\/span><\/p>\n<p><span dir=\"auto\">El estudio cuidadoso de las maravillas de la naturaleza ha contribuido al desarrollo de preparaciones con propiedades hidratantes sin precedentes.<\/span><\/p>\n<p><strong><span dir=\"auto\">INGREDIENTES CLAVE<\/span><\/strong><\/p>\n<p><strong><span dir=\"auto\">SYNRCOLL<\/span><\/strong><\/p>\n<p><span dir=\"auto\">SYN\u00ae-COLL es un trip\u00e9ptido sint\u00e9tico patentado que ayuda a ralentizar el proceso de envejecimiento de la piel. Imita los mecanismos propios del cuerpo, mejorando simult\u00e1neamente la s\u00edntesis de col\u00e1geno y protegiendo contra su degradaci\u00f3n. En un nuevo estudio de eficacia, SYN\u00ae-COLL confirm\u00f3 su acci\u00f3n antiarrugas. Tras tan solo un mes de uso, SYN\u00ae-COLL super\u00f3 el est\u00e1ndar del mercado en la lucha contra las l\u00edneas de expresi\u00f3n y arrugas, y tambi\u00e9n puede ayudar a revelar una apariencia m\u00e1s tersa y esculpida, con poros m\u00e1s definidos para una piel m\u00e1s suave y joven.<\/span><\/p>\n<p><strong><span dir=\"auto\">PRO-XYLANE<\/span><\/strong><\/p>\n<p><span dir=\"auto\">Una mol\u00e9cula de az\u00facar derivada de la madera de haya que, aplicada t\u00f3picamente, promete estimular la producci\u00f3n de glicoaminoglicanos (GAG), fluidos que nutren el col\u00e1geno y la elastina y protegen la piel de la p\u00e9rdida de agua. Con la edad, perdemos GAG y, en consecuencia, la elasticidad y el volumen de nuestra piel.<\/span><\/p>\n<p><strong><span dir=\"auto\">H11 SPACE ALGAE<\/span><\/strong><\/p>\n<p><span dir=\"auto\">Extra\u00eddo de las algas espaciales de WETCODE. Es un producto vers\u00e1til con extraordinarias propiedades hidratantes y humectantes, y resultados incre\u00edblemente buenos en comparaci\u00f3n con otros extractos de algas convencionales utilizados en cosm\u00e9tica.<\/span><\/p>\n","protected":false},"excerpt":{"rendered":"<p>TIME REVERSAL FIRMING Esta crema reafirmante, potenciada por algas espaciales H11, suaviza y levanta la piel. Se derrite sobre la<\/p>\n","protected":false},"featured_media":94517,"comment_status":"open","ping_status":"closed","template":"","meta":{"nf_dc_page":""},"product_brand":[926],"product_cat":[104],"product_tag":[1582],"class_list":{"0":"post-94516","1":"product","2":"type-product","3":"status-publish","4":"has-post-thumbnail","6":"product_brand-wetcode","7":"product_cat-skin-care","8":"product_tag-1582","10":"first","11":"instock","12":"shipping-taxable","13":"purchasable","14":"product-type-simple"},"_links":{"self":[{"href":"https:\/\/brandss.com.py\/index\/wp-json\/wp\/v2\/product\/94516","targetHints":{"allow":["GET"]}}],"collection":[{"href":"https:\/\/brandss.com.py\/index\/wp-json\/wp\/v2\/product"}],"about":[{"href":"https:\/\/brandss.com.py\/index\/wp-json\/wp\/v2\/types\/product"}],"replies":[{"embeddable":true,"href":"https:\/\/brandss.com.py\/index\/wp-json\/wp\/v2\/comments?post=94516"}],"version-history":[{"count":1,"href":"https:\/\/brandss.com.py\/index\/wp-json\/wp\/v2\/product\/94516\/revisions"}],"predecessor-version":[{"id":94520,"href":"https:\/\/brandss.com.py\/index\/wp-json\/wp\/v2\/product\/94516\/revisions\/94520"}],"wp:featuredmedia":[{"embeddable":true,"href":"https:\/\/brandss.com.py\/index\/wp-json\/wp\/v2\/media\/94517"}],"wp:attachment":[{"href":"https:\/\/brandss.com.py\/index\/wp-json\/wp\/v2\/media?parent=94516"}],"wp:term":[{"taxonomy":"product_brand","embeddable":true,"href":"https:\/\/brandss.com.py\/index\/wp-json\/wp\/v2\/product_brand?post=94516"},{"taxonomy":"product_cat","embeddable":true,"href":"https:\/\/brandss.com.py\/index\/wp-json\/wp\/v2\/product_cat?post=94516"},{"taxonomy":"product_tag","embeddable":true,"href":"https:\/\/brandss.com.py\/index\/wp-json\/wp\/v2\/product_tag?post=94516"}],"curies":[{"name":"wp","href":"https:\/\/api.w.org\/{rel}","templated":true}]}}