{"id":94521,"date":"2025-12-04T10:55:42","date_gmt":"2025-12-04T10:55:42","guid":{"rendered":"https:\/\/brandss.com.py\/index\/?post_type=product&#038;p=94521"},"modified":"2025-12-04T10:56:39","modified_gmt":"2025-12-04T10:56:39","slug":"set-de-viaje-facial-wetcode-time-reversal-firming-4-piezas","status":"publish","type":"product","link":"https:\/\/brandss.com.py\/index\/producto\/set-de-viaje-facial-wetcode-time-reversal-firming-4-piezas\/","title":{"rendered":"SET DE VIAJE FACIAL WETCODE TIME REVERSAL FIRMING 4 PIEZAS"},"content":{"rendered":"<p><img loading=\"lazy\" decoding=\"async\" class=\"\" src=\"https:\/\/wochuancare.com\/wp-content\/uploads\/2025\/11\/wetcode.webp\" alt=\"Belleza &amp; Fabricante de electrodom\u00e9sticos de cuidado personal | Wochuan\" width=\"145\" height=\"83\" \/><\/p>\n<h1>TIME REVERSAL FIRMING<\/h1>\n<p><span dir=\"auto\">La serie Time Reversal se distingue por su gran innovaci\u00f3n.\u00a0<\/span><span dir=\"auto\">Todos los productos se basan en la revolucionaria tecnolog\u00eda Crystallite Water. \u00bfEn qu\u00e9 consiste exactamente esta revoluci\u00f3n?<\/span><br \/>\n<img loading=\"lazy\" decoding=\"async\" class=\"alignleft\" src=\"https:\/\/www.eli-cosmetics.com\/cdn\/shop\/files\/60ce04bab11bb4579361d769dd1b5e3.jpg?v=1758625596&amp;width=720\" width=\"637\" height=\"451\" \/><br \/>\n<span dir=\"auto\">Cada nanopart\u00edcula de los productos consta de 1000 capas que penetran gradual y profundamente en las siguientes capas de la piel. El proceso completo dura hasta 48 horas, lo que garantiza resultados visibles y una acci\u00f3n duradera de los productos Time Reversal.<\/span><\/p>\n<p><span dir=\"auto\">El estudio minucioso de las maravillas de la naturaleza ha contribuido al desarrollo de preparaciones con propiedades hidratantes sin precedentes. \u00a1Nuestros productos se presentan en envases creados por el dise\u00f1ador de la marca Louis Vuitton!<\/span><\/p>\n<p>&nbsp;<\/p>\n<h2 class=\"main-heading font-primary text-60 font-700\"><span dir=\"auto\">Ingredientes<\/span><\/h2>\n<div class=\"grid grid-cols-1 lg:grid-cols-2 slap:grid-cols-3 gap-60 mt-80\">\n<div class=\"flex items-start gap-30\">\n<div class=\"shrink-0\"><img decoding=\"async\" class=\"w-[8rem] aspect-1 alignleft\" src=\"https:\/\/wetcode.ru\/en\/wp-content\/uploads\/sites\/2\/2023\/02\/ghrhhth.png\" alt=\"\" \/><\/div>\n<div class=\"flex flex-col gap-20\">\n<h3 class=\"text-30 font-500 font-primary pt-20\"><span dir=\"auto\">SYN\u00a0<\/span><sup><span dir=\"auto\">R<\/span><\/sup><span dir=\"auto\">\u00a0COLL<\/span><\/h3>\n<p class=\"text-16 font-primary font-500\"><span dir=\"auto\">SYN\u00ae-COLL es un trip\u00e9ptido sint\u00e9tico patentado que ayuda a ralentizar el proceso de envejecimiento de la piel. Imita el mecanismo natural del cuerpo, mejorando simult\u00e1neamente la s\u00edntesis de col\u00e1geno y protegiendo contra su degradaci\u00f3n. En un nuevo estudio de eficacia, SYN\u00ae-COLL confirm\u00f3 su eficacia antiarrugas. Tras tan solo un mes de aplicaci\u00f3n, SYN\u00ae-COLL super\u00f3 las expectativas del mercado en la lucha contra las l\u00edneas de expresi\u00f3n y las arrugas. Tambi\u00e9n puede ayudar a revelar una piel m\u00e1s tersa y definida, con poros m\u00e1s definidos, para una piel m\u00e1s suave y joven.<\/span><\/p>\n<p>&nbsp;<\/p>\n<\/div>\n<\/div>\n<div class=\"flex items-start gap-30\">\n<div class=\"shrink-0\"><img decoding=\"async\" class=\"w-[8rem] aspect-1 alignleft\" src=\"https:\/\/wetcode.ru\/en\/wp-content\/uploads\/sites\/2\/2023\/02\/rfrff.png\" alt=\"\" \/><\/div>\n<div class=\"flex flex-col gap-20\"><strong><span dir=\"auto\">PRO-XYLANE<\/span><\/strong><\/p>\n<p class=\"text-16 font-primary font-500\"><span dir=\"auto\">Una mol\u00e9cula de az\u00facar a base de madera de haya que, aplicada t\u00f3picamente, estimula la producci\u00f3n de glicoaminoglicanos (GAG), fluidos que nutren el col\u00e1geno y la elastina y protegen la piel contra la p\u00e9rdida de agua. Con la edad, perdemos GAG y, en consecuencia, la elasticidad y el volumen de la piel.<\/span><\/p>\n<p>&nbsp;<\/p>\n<\/div>\n<\/div>\n<div class=\"flex items-start gap-30\">\n<div class=\"shrink-0\"><img decoding=\"async\" class=\"w-[8rem] aspect-1 alignleft\" src=\"https:\/\/wetcode.ru\/en\/wp-content\/uploads\/sites\/2\/2023\/02\/222.png\" alt=\"\" \/><\/div>\n<div class=\"flex flex-col gap-20\"><strong><span dir=\"auto\">ALGAS ESPACIALES H11<\/span><\/strong><\/p>\n<p class=\"text-16 font-primary font-500\"><span dir=\"auto\">Extracto de algas de cultivo espacial de WETCODE. Es un producto vers\u00e1til con extraordinarias propiedades hidratantes y humectantes, y resultados incre\u00edblemente buenos en comparaci\u00f3n con otros extractos de algas comunes utilizados en cosm\u00e9tica.<\/span><\/p>\n<\/div>\n<\/div>\n<\/div>\n","protected":false},"excerpt":{"rendered":"<p>TIME REVERSAL FIRMING La serie Time Reversal se distingue por su gran innovaci\u00f3n.\u00a0Todos los productos se basan en la revolucionaria<\/p>\n","protected":false},"featured_media":94522,"comment_status":"open","ping_status":"closed","template":"","meta":{"nf_dc_page":""},"product_brand":[926],"product_cat":[104],"product_tag":[1583],"class_list":{"0":"post-94521","1":"product","2":"type-product","3":"status-publish","4":"has-post-thumbnail","6":"product_brand-wetcode","7":"product_cat-skin-care","8":"product_tag-1583","10":"first","11":"instock","12":"shipping-taxable","13":"purchasable","14":"product-type-simple"},"_links":{"self":[{"href":"https:\/\/brandss.com.py\/index\/wp-json\/wp\/v2\/product\/94521","targetHints":{"allow":["GET"]}}],"collection":[{"href":"https:\/\/brandss.com.py\/index\/wp-json\/wp\/v2\/product"}],"about":[{"href":"https:\/\/brandss.com.py\/index\/wp-json\/wp\/v2\/types\/product"}],"replies":[{"embeddable":true,"href":"https:\/\/brandss.com.py\/index\/wp-json\/wp\/v2\/comments?post=94521"}],"version-history":[{"count":1,"href":"https:\/\/brandss.com.py\/index\/wp-json\/wp\/v2\/product\/94521\/revisions"}],"predecessor-version":[{"id":94525,"href":"https:\/\/brandss.com.py\/index\/wp-json\/wp\/v2\/product\/94521\/revisions\/94525"}],"wp:featuredmedia":[{"embeddable":true,"href":"https:\/\/brandss.com.py\/index\/wp-json\/wp\/v2\/media\/94522"}],"wp:attachment":[{"href":"https:\/\/brandss.com.py\/index\/wp-json\/wp\/v2\/media?parent=94521"}],"wp:term":[{"taxonomy":"product_brand","embeddable":true,"href":"https:\/\/brandss.com.py\/index\/wp-json\/wp\/v2\/product_brand?post=94521"},{"taxonomy":"product_cat","embeddable":true,"href":"https:\/\/brandss.com.py\/index\/wp-json\/wp\/v2\/product_cat?post=94521"},{"taxonomy":"product_tag","embeddable":true,"href":"https:\/\/brandss.com.py\/index\/wp-json\/wp\/v2\/product_tag?post=94521"}],"curies":[{"name":"wp","href":"https:\/\/api.w.org\/{rel}","templated":true}]}}