{"id":94526,"date":"2025-12-04T11:37:47","date_gmt":"2025-12-04T11:37:47","guid":{"rendered":"https:\/\/brandss.com.py\/index\/?post_type=product&#038;p=94526"},"modified":"2025-12-04T11:38:25","modified_gmt":"2025-12-04T11:38:25","slug":"crema-facial-wetcode-pro-dual-peptide-firming-anti-wrinkle-50ml","status":"publish","type":"product","link":"https:\/\/brandss.com.py\/index\/producto\/crema-facial-wetcode-pro-dual-peptide-firming-anti-wrinkle-50ml\/","title":{"rendered":"CREMA FACIAL WETCODE PRO DUAL PEPTIDE FIRMING ANTI-WRINKLE 50ML"},"content":{"rendered":"<p><img loading=\"lazy\" decoding=\"async\" class=\"\" src=\"https:\/\/wochuancare.com\/wp-content\/uploads\/2025\/11\/wetcode.webp\" alt=\"Belleza &amp; Fabricante de electrodom\u00e9sticos de cuidado personal | Wochuan\" width=\"152\" height=\"87\" \/><\/p>\n<h1>PRO DUAL PEPTIDE FIRMING ANTI-WRINKLE<\/h1>\n<h5>Serie PRO<br \/>\n<em>CREMA ANTIARRUGAS REAFIRMANTE DE DOBLE P\u00c9PTIDO POTENTE HIDRATANTE<\/em><\/h5>\n<p>Esta crema de esencia tiene las capacidades antienvejecimiento m\u00e1s potentes gracias a su combinaci\u00f3n ideal de potentes humectantes. Es rico en esencia de doble p\u00e9ptido y el ingrediente principal m\u00e1s nuevo, algas espaciales H11 y niacinamida, y con el apoyo de la tecnolog\u00eda de malla el\u00e1stica, humecta e hidrata la piel de manera muy efectiva, reduce las arrugas finas y hace que la piel est\u00e9 en\u00e9rgica, suave y firme.<\/p>\n<p><strong>TECNOLOG\u00cdAS CLAVE DE LA SERIE PRO<\/strong><\/p>\n<p><strong><img loading=\"lazy\" decoding=\"async\" class=\"alignleft\" src=\"https:\/\/strgimgr.umico.az\/img\/product\/840\/a91b0ca9-bcdd-4c1c-92d1-93bd49fbd400.jpeg\" width=\"569\" height=\"569\" \/><\/strong><\/p>\n<p><strong>DOBLE PEPTIDO<\/strong><\/p>\n<p>El doble p\u00e9ptido est\u00e1 formado por SYN\u00ae-AKE (veneno de serpiente sint\u00e9tico) y un trip\u00e9ptido. Las mol\u00e9culas extremadamente peque\u00f1as se absorben f\u00e1cilmente y pueden penetrar profundamente en la piel para nutrirla desde all\u00ed, ayudando a tensar y reducir las l\u00edneas finas.<\/p>\n<p><strong>ELEMENTO &#8220;MAPA-X&#8221;<\/strong><\/p>\n<p>MAP-X es un extracto proteico patentado obtenido de mejillones marinos mediante un proceso especial.<br \/>\nOriginalmente se usaba con fines medicinales para ayudar<br \/>\nregenera la piel da\u00f1ada despu\u00e9s de quemaduras, tambi\u00e9n puede reparar las barreras cut\u00e1neas y tiene un fuerte efecto antiinflamatorio y antioxidante.<\/p>\n<p><strong>H11 ALGAS ESPACIALES<\/strong><\/p>\n<p>Extra\u00eddo de las algas espaciales WECODE. Es un todoterreno con extraordinarias capacidades humectantes e hidratantes y resultados incre\u00edblemente buenos en comparaci\u00f3n con otros extractos de algas comunes utilizados en cosm\u00e9tica.<\/p>\n","protected":false},"excerpt":{"rendered":"<p>PRO DUAL PEPTIDE FIRMING ANTI-WRINKLE Serie PRO CREMA ANTIARRUGAS REAFIRMANTE DE DOBLE P\u00c9PTIDO POTENTE HIDRATANTE Esta crema de esencia tiene<\/p>\n","protected":false},"featured_media":94527,"comment_status":"open","ping_status":"closed","template":"","meta":{"nf_dc_page":""},"product_brand":[926],"product_cat":[104],"product_tag":[1584],"class_list":{"0":"post-94526","1":"product","2":"type-product","3":"status-publish","4":"has-post-thumbnail","6":"product_brand-wetcode","7":"product_cat-skin-care","8":"product_tag-1584","10":"first","11":"instock","12":"shipping-taxable","13":"purchasable","14":"product-type-simple"},"_links":{"self":[{"href":"https:\/\/brandss.com.py\/index\/wp-json\/wp\/v2\/product\/94526","targetHints":{"allow":["GET"]}}],"collection":[{"href":"https:\/\/brandss.com.py\/index\/wp-json\/wp\/v2\/product"}],"about":[{"href":"https:\/\/brandss.com.py\/index\/wp-json\/wp\/v2\/types\/product"}],"replies":[{"embeddable":true,"href":"https:\/\/brandss.com.py\/index\/wp-json\/wp\/v2\/comments?post=94526"}],"version-history":[{"count":1,"href":"https:\/\/brandss.com.py\/index\/wp-json\/wp\/v2\/product\/94526\/revisions"}],"predecessor-version":[{"id":94533,"href":"https:\/\/brandss.com.py\/index\/wp-json\/wp\/v2\/product\/94526\/revisions\/94533"}],"wp:featuredmedia":[{"embeddable":true,"href":"https:\/\/brandss.com.py\/index\/wp-json\/wp\/v2\/media\/94527"}],"wp:attachment":[{"href":"https:\/\/brandss.com.py\/index\/wp-json\/wp\/v2\/media?parent=94526"}],"wp:term":[{"taxonomy":"product_brand","embeddable":true,"href":"https:\/\/brandss.com.py\/index\/wp-json\/wp\/v2\/product_brand?post=94526"},{"taxonomy":"product_cat","embeddable":true,"href":"https:\/\/brandss.com.py\/index\/wp-json\/wp\/v2\/product_cat?post=94526"},{"taxonomy":"product_tag","embeddable":true,"href":"https:\/\/brandss.com.py\/index\/wp-json\/wp\/v2\/product_tag?post=94526"}],"curies":[{"name":"wp","href":"https:\/\/api.w.org\/{rel}","templated":true}]}}