{"id":94534,"date":"2025-12-04T13:30:16","date_gmt":"2025-12-04T13:30:16","guid":{"rendered":"https:\/\/brandss.com.py\/index\/?post_type=product&#038;p=94534"},"modified":"2025-12-04T13:31:10","modified_gmt":"2025-12-04T13:31:10","slug":"perfume-masculino-zuofun-maison-z-tobacco-edp-100ml","status":"publish","type":"product","link":"https:\/\/brandss.com.py\/index\/producto\/perfume-masculino-zuofun-maison-z-tobacco-edp-100ml\/","title":{"rendered":"PERFUME MASCULINO ZUOFUN MAISON Z TOBACCO EDP 100ML"},"content":{"rendered":"<p><img loading=\"lazy\" decoding=\"async\" class=\"\" src=\"https:\/\/down-my.img.susercontent.com\/file\/my-11134216-7rasg-m8olh8uodyio52\" alt=\"ZUOFUN Jardin Perfume Women EDP Tahan lama Floral Fragrance Minyak Wangi  Perempuam\uff0810ML\uff09body oil perfume strawberry milk | Shopee Malaysia\" width=\"103\" height=\"103\" \/><\/p>\n<h1>TOBACCO<\/h1>\n<p>Un milagro que te robar\u00e1 el coraz\u00f3n por completo, te devorar\u00e1, te ahogar\u00e1 en el maravilloso elixir que es esta exquisita fragancia. Tobacco un perfume perfectamente masculino que te dejar\u00e1 sin aliento.<\/p>\n<p><img loading=\"lazy\" decoding=\"async\" class=\"alignleft\" src=\"https:\/\/www.zuofun.com\/wp-content\/uploads\/2024\/09\/%E8%AF%A6%E6%83%85%E9%A1%B5%E6%B5%81%E6%B5%AA%E8%80%85%E7%B3%BB%E5%88%97-5.jpg\" width=\"481\" height=\"629\" \/><\/p>\n<h3>Notas Olfativas<\/h3>\n<p>&nbsp;<\/p>\n<p>La apertura sorprende y revela el dulzor de la canela, pera y manzana, sirope de caramelo, y todo ello aderezado con nuez moscada, azafr\u00e1n e incienso.<\/p>\n<p>Un postre dulce con un gran toque especiado y un coraz\u00f3n floral. Todas las notas dulces tambi\u00e9n est\u00e1n impregnadas del tono del metal fabuloso, de la chapa, de la c\u00e1mara de aire nueva, del caucho fresco y de la madera barnizada y a\u00fan h\u00fameda.<\/p>\n<p>Este aroma es una uni\u00f3n de colores, tonos, vetas olfativas coloridas.<\/p>\n<p>Una composici\u00f3n inusualmente colorida y al mismo tiempo noble.<\/p>\n<p><strong>Notas de salida:<\/strong> canela, pera, oud, azafr\u00e1n, incienso, nuez moscada.<\/p>\n<p><strong>Notas de coraz\u00f3n:<\/strong> jazm\u00edn, pachul\u00ed.<\/p>\n<p><strong>Notas de fondo:<\/strong> tabaco, vainilla, \u00e1mbar, madera de guayaco, s\u00e1ndalo, almizcle, v\u00e9tiver.<\/p>\n","protected":false},"excerpt":{"rendered":"<p>TOBACCO Un milagro que te robar\u00e1 el coraz\u00f3n por completo, te devorar\u00e1, te ahogar\u00e1 en el maravilloso elixir que es<\/p>\n","protected":false},"featured_media":94535,"comment_status":"open","ping_status":"closed","template":"","meta":{"nf_dc_page":""},"product_brand":[1586],"product_cat":[84],"product_tag":[1587],"class_list":{"0":"post-94534","1":"product","2":"type-product","3":"status-publish","4":"has-post-thumbnail","6":"product_brand-zuofun","7":"product_cat-perfumeria","8":"product_tag-1587","10":"first","11":"instock","12":"shipping-taxable","13":"purchasable","14":"product-type-simple"},"_links":{"self":[{"href":"https:\/\/brandss.com.py\/index\/wp-json\/wp\/v2\/product\/94534","targetHints":{"allow":["GET"]}}],"collection":[{"href":"https:\/\/brandss.com.py\/index\/wp-json\/wp\/v2\/product"}],"about":[{"href":"https:\/\/brandss.com.py\/index\/wp-json\/wp\/v2\/types\/product"}],"replies":[{"embeddable":true,"href":"https:\/\/brandss.com.py\/index\/wp-json\/wp\/v2\/comments?post=94534"}],"version-history":[{"count":1,"href":"https:\/\/brandss.com.py\/index\/wp-json\/wp\/v2\/product\/94534\/revisions"}],"predecessor-version":[{"id":94542,"href":"https:\/\/brandss.com.py\/index\/wp-json\/wp\/v2\/product\/94534\/revisions\/94542"}],"wp:featuredmedia":[{"embeddable":true,"href":"https:\/\/brandss.com.py\/index\/wp-json\/wp\/v2\/media\/94535"}],"wp:attachment":[{"href":"https:\/\/brandss.com.py\/index\/wp-json\/wp\/v2\/media?parent=94534"}],"wp:term":[{"taxonomy":"product_brand","embeddable":true,"href":"https:\/\/brandss.com.py\/index\/wp-json\/wp\/v2\/product_brand?post=94534"},{"taxonomy":"product_cat","embeddable":true,"href":"https:\/\/brandss.com.py\/index\/wp-json\/wp\/v2\/product_cat?post=94534"},{"taxonomy":"product_tag","embeddable":true,"href":"https:\/\/brandss.com.py\/index\/wp-json\/wp\/v2\/product_tag?post=94534"}],"curies":[{"name":"wp","href":"https:\/\/api.w.org\/{rel}","templated":true}]}}