{"id":94543,"date":"2025-12-04T14:22:22","date_gmt":"2025-12-04T14:22:22","guid":{"rendered":"https:\/\/brandss.com.py\/index\/?post_type=product&#038;p=94543"},"modified":"2025-12-04T14:23:06","modified_gmt":"2025-12-04T14:23:06","slug":"perfume-unisex-zuofun-maison-z-terra-edp-100ml","status":"publish","type":"product","link":"https:\/\/brandss.com.py\/index\/producto\/perfume-unisex-zuofun-maison-z-terra-edp-100ml\/","title":{"rendered":"PERFUME UNISEX ZUOFUN MAISON Z TERRA EDP 100ML"},"content":{"rendered":"<p><img loading=\"lazy\" decoding=\"async\" class=\"\" src=\"https:\/\/down-my.img.susercontent.com\/file\/my-11134216-7rasg-m8olh8uodyio52\" alt=\"ZUOFUN Jardin Perfume Women EDP Tahan lama Floral Fragrance Minyak Wangi  Perempuam\uff0810ML\uff09body oil perfume strawberry milk | Shopee Malaysia\" width=\"80\" height=\"80\" \/><\/p>\n<h1>TERRA<\/h1>\n<p>Un esp\u00edritu de elegancia<br \/>\nTerra no es s\u00f3lo una fragancia, es una experiencia. Inspirada en las ricas profundidades del co\u00f1ac, esta audaz fragancia combina vainilla c\u00e1lida, haba tonka, roble y canela para obtener un aroma irresistiblemente suave y acogedor. Perfectamente unisex, cautiva con cada uso.<br \/>\nAs\u00ed como un maestro perfumista crea el equilibrio perfecto de notas, un maestro mezclador refina los aguardientes hasta convertirlos en un co\u00f1ac excepcional.<img loading=\"lazy\" decoding=\"async\" class=\"alignleft\" src=\"https:\/\/scontent.fagt1-1.fna.fbcdn.net\/v\/t39.30808-6\/574097498_811448191642437_3507808622317437982_n.jpg?_nc_cat=101&amp;ccb=1-7&amp;_nc_sid=127cfc&amp;_nc_ohc=qtRi4nqf9eQQ7kNvwEOxZ1A&amp;_nc_oc=Adkeio_-TVwzauaA1m57O_kfUESKvz0STjzWxhzEO6BpXdV8pCjRJxIYx47ElSQBXVQ&amp;_nc_zt=23&amp;_nc_ht=scontent.fagt1-1.fna&amp;_nc_gid=thIZG3gDjbgzPSLTC5UBdw&amp;oh=00_AflXmOWKK6DZBemH6W4X_aUyfTgOvPbftQIwbNzb5d_Y1w&amp;oe=69375B13\" width=\"626\" height=\"626\" \/><\/p>\n<p>Terra aprovecha la esencia del co\u00f1ac, aportando un tono caramelo natural y una rica calidez olfativa.<br \/>\nUna fragancia que se adapta, transforma y deja una impresi\u00f3n duradera, perfecta para cualquier ocasi\u00f3n.<\/p>\n<p>&nbsp;<\/p>\n<h3>Notas Olfativas<\/h3>\n<p>&nbsp;<\/p>\n<p>Terra es un perfume c\u00e1lido y encantador, con co\u00f1ac y vainilla como base, que fusiona capas de especias y notas amaderadas.<\/p>\n<p>La fragancia comienza con un ligero aroma a vino, se transforma gradualmente en una mezcla de notas especiadas y l\u00e1cteas, y finalmente se asienta en un fondo amaderado, largo y c\u00e1lido, que interpreta el encanto olfativo, discreto y lujoso.<\/p>\n<p>&nbsp;<\/p>\n<p>&nbsp;<\/p>\n<p><strong>Notas de salida:<\/strong> c<span class=\"Y2IQFc\" lang=\"es\">o\u00f1ac.<\/span><\/p>\n<p><strong>Notas de coraz\u00f3n:<\/strong> roble, canela, haba tonka, avellana.<\/p>\n<p><strong>Notas de fondo:<\/strong> v<span class=\"Y2IQFc\" lang=\"es\">ainilla, s\u00e1ndalo, pralin\u00e9.<\/span><\/p>\n","protected":false},"excerpt":{"rendered":"<p>TERRA Un esp\u00edritu de elegancia Terra no es s\u00f3lo una fragancia, es una experiencia. Inspirada en las ricas profundidades del<\/p>\n","protected":false},"featured_media":94544,"comment_status":"open","ping_status":"closed","template":"","meta":{"nf_dc_page":""},"product_brand":[1586],"product_cat":[84],"product_tag":[1588],"class_list":{"0":"post-94543","1":"product","2":"type-product","3":"status-publish","4":"has-post-thumbnail","6":"product_brand-zuofun","7":"product_cat-perfumeria","8":"product_tag-1588","10":"first","11":"instock","12":"shipping-taxable","13":"purchasable","14":"product-type-simple"},"_links":{"self":[{"href":"https:\/\/brandss.com.py\/index\/wp-json\/wp\/v2\/product\/94543","targetHints":{"allow":["GET"]}}],"collection":[{"href":"https:\/\/brandss.com.py\/index\/wp-json\/wp\/v2\/product"}],"about":[{"href":"https:\/\/brandss.com.py\/index\/wp-json\/wp\/v2\/types\/product"}],"replies":[{"embeddable":true,"href":"https:\/\/brandss.com.py\/index\/wp-json\/wp\/v2\/comments?post=94543"}],"version-history":[{"count":1,"href":"https:\/\/brandss.com.py\/index\/wp-json\/wp\/v2\/product\/94543\/revisions"}],"predecessor-version":[{"id":94552,"href":"https:\/\/brandss.com.py\/index\/wp-json\/wp\/v2\/product\/94543\/revisions\/94552"}],"wp:featuredmedia":[{"embeddable":true,"href":"https:\/\/brandss.com.py\/index\/wp-json\/wp\/v2\/media\/94544"}],"wp:attachment":[{"href":"https:\/\/brandss.com.py\/index\/wp-json\/wp\/v2\/media?parent=94543"}],"wp:term":[{"taxonomy":"product_brand","embeddable":true,"href":"https:\/\/brandss.com.py\/index\/wp-json\/wp\/v2\/product_brand?post=94543"},{"taxonomy":"product_cat","embeddable":true,"href":"https:\/\/brandss.com.py\/index\/wp-json\/wp\/v2\/product_cat?post=94543"},{"taxonomy":"product_tag","embeddable":true,"href":"https:\/\/brandss.com.py\/index\/wp-json\/wp\/v2\/product_tag?post=94543"}],"curies":[{"name":"wp","href":"https:\/\/api.w.org\/{rel}","templated":true}]}}