{"id":94566,"date":"2025-12-05T11:21:44","date_gmt":"2025-12-05T11:21:44","guid":{"rendered":"https:\/\/brandss.com.py\/index\/?post_type=product&#038;p=94566"},"modified":"2026-01-22T13:38:38","modified_gmt":"2026-01-22T13:38:38","slug":"perfume-femenino-thoq-al-hawamer-talia-edp-100ml","status":"publish","type":"product","link":"https:\/\/brandss.com.py\/index\/producto\/perfume-femenino-thoq-al-hawamer-talia-edp-100ml\/","title":{"rendered":"PERFUME FEMENINO THOQ AL HAWAMER TALIA EDP 100ML"},"content":{"rendered":"<p><img loading=\"lazy\" decoding=\"async\" class=\"\" src=\"https:\/\/mazyadmall.com\/media\/51531\/thoq-al-hawamer_296x230.png?anchor=center&amp;mode=crop&amp;width=220&amp;height=125&amp;rnd=133554808820000000\" alt=\"Thouq Al Hawameer | Mazyad Mall | First Shopping Mall of Mohamed Bin Zayed  City, near Mussaffah, the \u201cNew Downtown\u201d of Abu Dhabi | UAE. | Your  Neighborhood Mall\" width=\"84\" height=\"48\" \/><\/p>\n<h1>TALIA<\/h1>\n<p>Es una fragancia delicada y cautivadora con una personalidad dulce y refinada. Su firma floral con suaves matices combina feminidad y ligereza en un aroma elegante e impactante. La elegante combinaci\u00f3n de elementos proporciona una fragancia equilibrada y duradera, ideal para el d\u00eda a d\u00eda o para ocasiones especiales. Dise\u00f1ado para mujeres que desean expresar encanto y sofisticaci\u00f3n con una fragancia \u00e1rabe moderna y cautivadora.<\/p>\n<p>&nbsp;<\/p>\n<h3>Notas Olfativas<\/h3>\n<p>Talia es una fragancia femenina importada de alta calidad, perfecta para quienes buscan un aroma marcante y duradero.<\/p>\n<p><strong>Notas de salida:<\/strong> azafr\u00e1n dorado, \u00e1mbar brillante, madera de cachemira.<\/p>\n<p><strong>Notas de coraz\u00f3n:<\/strong> jazm\u00edn egipcio, almendra marroqu\u00ed.<\/p>\n<p><strong>Notas de fondo:<\/strong> cedro americano, almizcle.<span class=\"pjBG2e\" data-cid=\"356d0671-3343-4db0-9472-cb1c515dc24e\"><span class=\"UV3uM\">\u00a0<\/span><\/span><\/p>\n","protected":false},"excerpt":{"rendered":"<p>TALIA Es una fragancia delicada y cautivadora con una personalidad dulce y refinada. Su firma floral con suaves matices combina<\/p>\n","protected":false},"featured_media":94567,"comment_status":"open","ping_status":"closed","template":"","meta":{"nf_dc_page":""},"product_brand":[1602],"product_cat":[84],"product_tag":[1603],"class_list":{"0":"post-94566","1":"product","2":"type-product","3":"status-publish","4":"has-post-thumbnail","6":"product_brand-thoq-al-hawamer","7":"product_cat-perfumeria","8":"product_tag-1603","10":"first","11":"instock","12":"sale","13":"shipping-taxable","14":"purchasable","15":"product-type-simple"},"_links":{"self":[{"href":"https:\/\/brandss.com.py\/index\/wp-json\/wp\/v2\/product\/94566","targetHints":{"allow":["GET"]}}],"collection":[{"href":"https:\/\/brandss.com.py\/index\/wp-json\/wp\/v2\/product"}],"about":[{"href":"https:\/\/brandss.com.py\/index\/wp-json\/wp\/v2\/types\/product"}],"replies":[{"embeddable":true,"href":"https:\/\/brandss.com.py\/index\/wp-json\/wp\/v2\/comments?post=94566"}],"version-history":[{"count":1,"href":"https:\/\/brandss.com.py\/index\/wp-json\/wp\/v2\/product\/94566\/revisions"}],"predecessor-version":[{"id":94571,"href":"https:\/\/brandss.com.py\/index\/wp-json\/wp\/v2\/product\/94566\/revisions\/94571"}],"wp:featuredmedia":[{"embeddable":true,"href":"https:\/\/brandss.com.py\/index\/wp-json\/wp\/v2\/media\/94567"}],"wp:attachment":[{"href":"https:\/\/brandss.com.py\/index\/wp-json\/wp\/v2\/media?parent=94566"}],"wp:term":[{"taxonomy":"product_brand","embeddable":true,"href":"https:\/\/brandss.com.py\/index\/wp-json\/wp\/v2\/product_brand?post=94566"},{"taxonomy":"product_cat","embeddable":true,"href":"https:\/\/brandss.com.py\/index\/wp-json\/wp\/v2\/product_cat?post=94566"},{"taxonomy":"product_tag","embeddable":true,"href":"https:\/\/brandss.com.py\/index\/wp-json\/wp\/v2\/product_tag?post=94566"}],"curies":[{"name":"wp","href":"https:\/\/api.w.org\/{rel}","templated":true}]}}