{"id":94572,"date":"2025-12-05T12:00:38","date_gmt":"2025-12-05T12:00:38","guid":{"rendered":"https:\/\/brandss.com.py\/index\/?post_type=product&#038;p=94572"},"modified":"2026-01-22T13:41:57","modified_gmt":"2026-01-22T13:41:57","slug":"perfume-femenino-thoq-al-hawamer-amante-edp-100ml","status":"publish","type":"product","link":"https:\/\/brandss.com.py\/index\/producto\/perfume-femenino-thoq-al-hawamer-amante-edp-100ml\/","title":{"rendered":"PERFUME FEMENINO THOQ AL HAWAMER AMANTE EDP 100ML"},"content":{"rendered":"<p><img loading=\"lazy\" decoding=\"async\" class=\"\" src=\"https:\/\/mazyadmall.com\/media\/51531\/thoq-al-hawamer_296x230.png?anchor=center&amp;mode=crop&amp;width=220&amp;height=125&amp;rnd=133554808820000000\" alt=\"Thouq Al Hawameer | Mazyad Mall | First Shopping Mall of Mohamed Bin Zayed  City, near Mussaffah, the \u201cNew Downtown\u201d of Abu Dhabi | UAE. | Your  Neighborhood Mall\" width=\"114\" height=\"65\" \/><\/p>\n<h1>AMANTE<\/h1>\n<p>Es una fragancia femenina que revela una equilibrada combinaci\u00f3n de notas florales y frutales con suaves toques amaderados, creando una fragancia dulce y sofisticada. Su delicado aroma evoca una feminidad cautivadora, ideal para mujeres que buscan una fragancia suave con una personalidad impactante. Es perfecto tanto para el d\u00eda a d\u00eda como para ocasiones especiales, ofreciendo una presencia elegante y sutil durante todo el d\u00eda.<\/p>\n<p>&nbsp;<\/p>\n<h3>Notas Olfativas<\/h3>\n<p>&nbsp;<\/p>\n<p>Sientes el ligero toque de la salvia. Luego se extiende un lento calor: ambroxan, \u00e1mbar y l\u00e1dano. Es el tipo de olor que crece con el tiempo.<br \/>\nQue empieza limpio pero termina denso.<\/p>\n<p><strong>Notas de salida:<\/strong> salvia.<\/p>\n<p><strong>Notas de coraz\u00f3n:<\/strong> notas c\u00edtricas, pomelo.<\/p>\n<p><strong>Notas de fondo:<\/strong> ambroxan, \u00e1mbar, l\u00e1dano.<\/p>\n","protected":false},"excerpt":{"rendered":"<p>AMANTE Es una fragancia femenina que revela una equilibrada combinaci\u00f3n de notas florales y frutales con suaves toques amaderados, creando<\/p>\n","protected":false},"featured_media":94573,"comment_status":"open","ping_status":"closed","template":"","meta":{"nf_dc_page":""},"product_brand":[1602],"product_cat":[84],"product_tag":[1604],"class_list":{"0":"post-94572","1":"product","2":"type-product","3":"status-publish","4":"has-post-thumbnail","6":"product_brand-thoq-al-hawamer","7":"product_cat-perfumeria","8":"product_tag-1604","10":"first","11":"instock","12":"sale","13":"shipping-taxable","14":"purchasable","15":"product-type-simple"},"_links":{"self":[{"href":"https:\/\/brandss.com.py\/index\/wp-json\/wp\/v2\/product\/94572","targetHints":{"allow":["GET"]}}],"collection":[{"href":"https:\/\/brandss.com.py\/index\/wp-json\/wp\/v2\/product"}],"about":[{"href":"https:\/\/brandss.com.py\/index\/wp-json\/wp\/v2\/types\/product"}],"replies":[{"embeddable":true,"href":"https:\/\/brandss.com.py\/index\/wp-json\/wp\/v2\/comments?post=94572"}],"version-history":[{"count":1,"href":"https:\/\/brandss.com.py\/index\/wp-json\/wp\/v2\/product\/94572\/revisions"}],"predecessor-version":[{"id":94577,"href":"https:\/\/brandss.com.py\/index\/wp-json\/wp\/v2\/product\/94572\/revisions\/94577"}],"wp:featuredmedia":[{"embeddable":true,"href":"https:\/\/brandss.com.py\/index\/wp-json\/wp\/v2\/media\/94573"}],"wp:attachment":[{"href":"https:\/\/brandss.com.py\/index\/wp-json\/wp\/v2\/media?parent=94572"}],"wp:term":[{"taxonomy":"product_brand","embeddable":true,"href":"https:\/\/brandss.com.py\/index\/wp-json\/wp\/v2\/product_brand?post=94572"},{"taxonomy":"product_cat","embeddable":true,"href":"https:\/\/brandss.com.py\/index\/wp-json\/wp\/v2\/product_cat?post=94572"},{"taxonomy":"product_tag","embeddable":true,"href":"https:\/\/brandss.com.py\/index\/wp-json\/wp\/v2\/product_tag?post=94572"}],"curies":[{"name":"wp","href":"https:\/\/api.w.org\/{rel}","templated":true}]}}