{"id":94588,"date":"2025-12-05T16:20:30","date_gmt":"2025-12-05T16:20:30","guid":{"rendered":"https:\/\/brandss.com.py\/index\/?post_type=product&#038;p=94588"},"modified":"2026-01-22T13:37:29","modified_gmt":"2026-01-22T13:37:29","slug":"perfume-femenino-thoq-al-hawamer-sofisticada-edp-100ml","status":"publish","type":"product","link":"https:\/\/brandss.com.py\/index\/producto\/perfume-femenino-thoq-al-hawamer-sofisticada-edp-100ml\/","title":{"rendered":"PERFUME FEMENINO THOQ AL HAWAMER SOFISTICADA EDP 100ML"},"content":{"rendered":"<p><img loading=\"lazy\" decoding=\"async\" class=\"\" src=\"https:\/\/mazyadmall.com\/media\/51531\/thoq-al-hawamer_296x230.png?anchor=center&amp;mode=crop&amp;width=220&amp;height=125&amp;rnd=133554808820000000\" alt=\"Thouq Al Hawameer | Mazyad Mall | First Shopping Mall of Mohamed Bin Zayed  City, near Mussaffah, the \u201cNew Downtown\u201d of Abu Dhabi | UAE. | Your  Neighborhood Mall\" width=\"136\" height=\"77\" \/><\/p>\n<h1>SOFISTICADA<\/h1>\n<p>Es una fragancia elegante y encantadora, creada para realzar la sofisticaci\u00f3n y el estilo de la mujer moderna. Su equilibrada combinaci\u00f3n de delicadas notas florales con toques amaderados y especiados ofrece una experiencia olfativa cautivadora, perfecta tanto para ocasiones formales como para el d\u00eda a d\u00eda. Con una excelente duraci\u00f3n y una proyecci\u00f3n suave pero impactante, Sofisticada es ideal para mujeres que desean transmitir presencia, elegancia y confianza a trav\u00e9s de su fragancia.<\/p>\n","protected":false},"excerpt":{"rendered":"<p>SOFISTICADA Es una fragancia elegante y encantadora, creada para realzar la sofisticaci\u00f3n y el estilo de la mujer moderna. Su<\/p>\n","protected":false},"featured_media":94589,"comment_status":"open","ping_status":"closed","template":"","meta":{"nf_dc_page":""},"product_brand":[1602],"product_cat":[84],"product_tag":[1607],"class_list":{"0":"post-94588","1":"product","2":"type-product","3":"status-publish","4":"has-post-thumbnail","6":"product_brand-thoq-al-hawamer","7":"product_cat-perfumeria","8":"product_tag-1607","10":"first","11":"instock","12":"sale","13":"shipping-taxable","14":"purchasable","15":"product-type-simple"},"_links":{"self":[{"href":"https:\/\/brandss.com.py\/index\/wp-json\/wp\/v2\/product\/94588","targetHints":{"allow":["GET"]}}],"collection":[{"href":"https:\/\/brandss.com.py\/index\/wp-json\/wp\/v2\/product"}],"about":[{"href":"https:\/\/brandss.com.py\/index\/wp-json\/wp\/v2\/types\/product"}],"replies":[{"embeddable":true,"href":"https:\/\/brandss.com.py\/index\/wp-json\/wp\/v2\/comments?post=94588"}],"version-history":[{"count":1,"href":"https:\/\/brandss.com.py\/index\/wp-json\/wp\/v2\/product\/94588\/revisions"}],"predecessor-version":[{"id":94591,"href":"https:\/\/brandss.com.py\/index\/wp-json\/wp\/v2\/product\/94588\/revisions\/94591"}],"wp:featuredmedia":[{"embeddable":true,"href":"https:\/\/brandss.com.py\/index\/wp-json\/wp\/v2\/media\/94589"}],"wp:attachment":[{"href":"https:\/\/brandss.com.py\/index\/wp-json\/wp\/v2\/media?parent=94588"}],"wp:term":[{"taxonomy":"product_brand","embeddable":true,"href":"https:\/\/brandss.com.py\/index\/wp-json\/wp\/v2\/product_brand?post=94588"},{"taxonomy":"product_cat","embeddable":true,"href":"https:\/\/brandss.com.py\/index\/wp-json\/wp\/v2\/product_cat?post=94588"},{"taxonomy":"product_tag","embeddable":true,"href":"https:\/\/brandss.com.py\/index\/wp-json\/wp\/v2\/product_tag?post=94588"}],"curies":[{"name":"wp","href":"https:\/\/api.w.org\/{rel}","templated":true}]}}