{"id":94601,"date":"2025-12-05T17:59:44","date_gmt":"2025-12-05T17:59:44","guid":{"rendered":"https:\/\/brandss.com.py\/index\/?post_type=product&#038;p=94601"},"modified":"2026-01-22T13:35:58","modified_gmt":"2026-01-22T13:35:58","slug":"perfume-femenino-thoq-al-hawamer-delicada-edp-100ml","status":"publish","type":"product","link":"https:\/\/brandss.com.py\/index\/producto\/perfume-femenino-thoq-al-hawamer-delicada-edp-100ml\/","title":{"rendered":"PERFUME FEMENINO THOQ AL HAWAMER DELICADA EDP 100ML"},"content":{"rendered":"<p><img loading=\"lazy\" decoding=\"async\" class=\"\" src=\"https:\/\/mazyadmall.com\/media\/51531\/thoq-al-hawamer_296x230.png?anchor=center&amp;mode=crop&amp;width=220&amp;height=125&amp;rnd=133554808820000000\" alt=\"Thouq Al Hawameer | Mazyad Mall | First Shopping Mall of Mohamed Bin Zayed  City, near Mussaffah, the \u201cNew Downtown\u201d of Abu Dhabi | UAE. | Your  Neighborhood Mall\" width=\"116\" height=\"66\" \/><\/p>\n<h1>DELICADA<\/h1>\n<p>Es una fragancia femenina dulce y elegante, ideal para el d\u00eda a d\u00eda o para ocasiones en las que se busca transmitir frescura y encanto con discreci\u00f3n. Su composici\u00f3n combina la ligereza floral con sutiles toques frutales, dando como resultado una esencia suave y cautivadora, perfecta para mujeres que buscan delicadeza y sofisticaci\u00f3n.<\/p>\n","protected":false},"excerpt":{"rendered":"<p>DELICADA Es una fragancia femenina dulce y elegante, ideal para el d\u00eda a d\u00eda o para ocasiones en las que<\/p>\n","protected":false},"featured_media":94602,"comment_status":"open","ping_status":"closed","template":"","meta":{"nf_dc_page":""},"product_brand":[1602],"product_cat":[84],"product_tag":[1610],"class_list":{"0":"post-94601","1":"product","2":"type-product","3":"status-publish","4":"has-post-thumbnail","6":"product_brand-thoq-al-hawamer","7":"product_cat-perfumeria","8":"product_tag-1610","10":"first","11":"instock","12":"sale","13":"shipping-taxable","14":"purchasable","15":"product-type-simple"},"_links":{"self":[{"href":"https:\/\/brandss.com.py\/index\/wp-json\/wp\/v2\/product\/94601","targetHints":{"allow":["GET"]}}],"collection":[{"href":"https:\/\/brandss.com.py\/index\/wp-json\/wp\/v2\/product"}],"about":[{"href":"https:\/\/brandss.com.py\/index\/wp-json\/wp\/v2\/types\/product"}],"replies":[{"embeddable":true,"href":"https:\/\/brandss.com.py\/index\/wp-json\/wp\/v2\/comments?post=94601"}],"version-history":[{"count":1,"href":"https:\/\/brandss.com.py\/index\/wp-json\/wp\/v2\/product\/94601\/revisions"}],"predecessor-version":[{"id":94604,"href":"https:\/\/brandss.com.py\/index\/wp-json\/wp\/v2\/product\/94601\/revisions\/94604"}],"wp:featuredmedia":[{"embeddable":true,"href":"https:\/\/brandss.com.py\/index\/wp-json\/wp\/v2\/media\/94602"}],"wp:attachment":[{"href":"https:\/\/brandss.com.py\/index\/wp-json\/wp\/v2\/media?parent=94601"}],"wp:term":[{"taxonomy":"product_brand","embeddable":true,"href":"https:\/\/brandss.com.py\/index\/wp-json\/wp\/v2\/product_brand?post=94601"},{"taxonomy":"product_cat","embeddable":true,"href":"https:\/\/brandss.com.py\/index\/wp-json\/wp\/v2\/product_cat?post=94601"},{"taxonomy":"product_tag","embeddable":true,"href":"https:\/\/brandss.com.py\/index\/wp-json\/wp\/v2\/product_tag?post=94601"}],"curies":[{"name":"wp","href":"https:\/\/api.w.org\/{rel}","templated":true}]}}