{"id":94622,"date":"2025-12-06T11:11:47","date_gmt":"2025-12-06T11:11:47","guid":{"rendered":"https:\/\/brandss.com.py\/index\/?post_type=product&#038;p=94622"},"modified":"2026-01-22T13:40:33","modified_gmt":"2026-01-22T13:40:33","slug":"perfume-femenino-thoq-al-hawamer-malak-edp-100ml","status":"publish","type":"product","link":"https:\/\/brandss.com.py\/index\/producto\/perfume-femenino-thoq-al-hawamer-malak-edp-100ml\/","title":{"rendered":"PERFUME FEMENINO THOQ AL HAWAMER MALAK EDP 100ML"},"content":{"rendered":"<p><img loading=\"lazy\" decoding=\"async\" class=\"\" src=\"https:\/\/mazyadmall.com\/media\/51531\/thoq-al-hawamer_296x230.png?anchor=center&amp;mode=crop&amp;width=220&amp;height=125&amp;rnd=133554808820000000\" alt=\"Thouq Al Hawameer | Mazyad Mall | First Shopping Mall of Mohamed Bin Zayed  City, near Mussaffah, the \u201cNew Downtown\u201d of Abu Dhabi | UAE. | Your  Neighborhood Mall\" width=\"128\" height=\"73\" \/><\/p>\n<h1>MALAK<\/h1>\n<p>Es una fragancia femenina que irradia poder, clase y misterio. Inspirada en la elegancia atemporal de la mujer \u00e1rabe, este Eau de Parfum es perfecto para quienes desean destacar con sutileza e intensidad. Su composici\u00f3n ofrece una experiencia envolvente y refinada, ideal para veladas especiales o para quienes buscan un perfume con personalidad. Su frasco expresa el lujo y la sofisticaci\u00f3n de la l\u00ednea Thoq Al Hawamer, lo que la convierte tambi\u00e9n en una excelente opci\u00f3n para regalar.<\/p>\n","protected":false},"excerpt":{"rendered":"<p>MALAK Es una fragancia femenina que irradia poder, clase y misterio. Inspirada en la elegancia atemporal de la mujer \u00e1rabe,<\/p>\n","protected":false},"featured_media":94623,"comment_status":"open","ping_status":"closed","template":"","meta":{"nf_dc_page":""},"product_brand":[1602],"product_cat":[84],"product_tag":[1615],"class_list":{"0":"post-94622","1":"product","2":"type-product","3":"status-publish","4":"has-post-thumbnail","6":"product_brand-thoq-al-hawamer","7":"product_cat-perfumeria","8":"product_tag-1615","10":"first","11":"instock","12":"sale","13":"shipping-taxable","14":"purchasable","15":"product-type-simple"},"_links":{"self":[{"href":"https:\/\/brandss.com.py\/index\/wp-json\/wp\/v2\/product\/94622","targetHints":{"allow":["GET"]}}],"collection":[{"href":"https:\/\/brandss.com.py\/index\/wp-json\/wp\/v2\/product"}],"about":[{"href":"https:\/\/brandss.com.py\/index\/wp-json\/wp\/v2\/types\/product"}],"replies":[{"embeddable":true,"href":"https:\/\/brandss.com.py\/index\/wp-json\/wp\/v2\/comments?post=94622"}],"version-history":[{"count":1,"href":"https:\/\/brandss.com.py\/index\/wp-json\/wp\/v2\/product\/94622\/revisions"}],"predecessor-version":[{"id":94625,"href":"https:\/\/brandss.com.py\/index\/wp-json\/wp\/v2\/product\/94622\/revisions\/94625"}],"wp:featuredmedia":[{"embeddable":true,"href":"https:\/\/brandss.com.py\/index\/wp-json\/wp\/v2\/media\/94623"}],"wp:attachment":[{"href":"https:\/\/brandss.com.py\/index\/wp-json\/wp\/v2\/media?parent=94622"}],"wp:term":[{"taxonomy":"product_brand","embeddable":true,"href":"https:\/\/brandss.com.py\/index\/wp-json\/wp\/v2\/product_brand?post=94622"},{"taxonomy":"product_cat","embeddable":true,"href":"https:\/\/brandss.com.py\/index\/wp-json\/wp\/v2\/product_cat?post=94622"},{"taxonomy":"product_tag","embeddable":true,"href":"https:\/\/brandss.com.py\/index\/wp-json\/wp\/v2\/product_tag?post=94622"}],"curies":[{"name":"wp","href":"https:\/\/api.w.org\/{rel}","templated":true}]}}