{"id":94626,"date":"2025-12-06T14:01:10","date_gmt":"2025-12-06T14:01:10","guid":{"rendered":"https:\/\/brandss.com.py\/index\/?post_type=product&#038;p=94626"},"modified":"2026-01-22T13:34:47","modified_gmt":"2026-01-22T13:34:47","slug":"perfume-masculino-thoq-al-hawamer-minha-noite-edp-100ml","status":"publish","type":"product","link":"https:\/\/brandss.com.py\/index\/producto\/perfume-masculino-thoq-al-hawamer-minha-noite-edp-100ml\/","title":{"rendered":"PERFUME MASCULINO THOQ AL HAWAMER MINHA NOITE EDP 100ML"},"content":{"rendered":"<p><img loading=\"lazy\" decoding=\"async\" class=\"\" src=\"https:\/\/mazyadmall.com\/media\/51531\/thoq-al-hawamer_296x230.png?anchor=center&amp;mode=crop&amp;width=220&amp;height=125&amp;rnd=133554808820000000\" alt=\"Thouq Al Hawameer | Mazyad Mall | First Shopping Mall of Mohamed Bin Zayed City, near Mussaffah, the \u201cNew Downtown\u201d of Abu Dhabi | UAE. | Your Neighborhood Mall\" width=\"127\" height=\"72\" \/><\/p>\n<h1>MINHA NOITE<\/h1>\n<p>Es una seductora fragancia masculina, creada en los Emiratos \u00c1rabes Unidos para noches memorables. Combinando elegancia oriental con intensidad moderna, presenta notas de salida frescas y arom\u00e1ticas que evolucionan hacia un coraz\u00f3n especiado con toques de canela y maderas preciosas, y terminan con un fondo sensual de \u00e1mbar, almizcle y benju\u00ed. Ideal para hombres que buscan causar una impresi\u00f3n intensa y sofisticada dondequiera que vayan.<\/p>\n","protected":false},"excerpt":{"rendered":"<p>MINHA NOITE Es una seductora fragancia masculina, creada en los Emiratos \u00c1rabes Unidos para noches memorables. Combinando elegancia oriental con<\/p>\n","protected":false},"featured_media":94672,"comment_status":"open","ping_status":"closed","template":"","meta":{"nf_dc_page":""},"product_brand":[1602],"product_cat":[84],"product_tag":[1616],"class_list":{"0":"post-94626","1":"product","2":"type-product","3":"status-publish","4":"has-post-thumbnail","6":"product_brand-thoq-al-hawamer","7":"product_cat-perfumeria","8":"product_tag-1616","10":"first","11":"instock","12":"sale","13":"shipping-taxable","14":"purchasable","15":"product-type-simple"},"_links":{"self":[{"href":"https:\/\/brandss.com.py\/index\/wp-json\/wp\/v2\/product\/94626","targetHints":{"allow":["GET"]}}],"collection":[{"href":"https:\/\/brandss.com.py\/index\/wp-json\/wp\/v2\/product"}],"about":[{"href":"https:\/\/brandss.com.py\/index\/wp-json\/wp\/v2\/types\/product"}],"replies":[{"embeddable":true,"href":"https:\/\/brandss.com.py\/index\/wp-json\/wp\/v2\/comments?post=94626"}],"version-history":[{"count":1,"href":"https:\/\/brandss.com.py\/index\/wp-json\/wp\/v2\/product\/94626\/revisions"}],"predecessor-version":[{"id":94629,"href":"https:\/\/brandss.com.py\/index\/wp-json\/wp\/v2\/product\/94626\/revisions\/94629"}],"wp:featuredmedia":[{"embeddable":true,"href":"https:\/\/brandss.com.py\/index\/wp-json\/wp\/v2\/media\/94672"}],"wp:attachment":[{"href":"https:\/\/brandss.com.py\/index\/wp-json\/wp\/v2\/media?parent=94626"}],"wp:term":[{"taxonomy":"product_brand","embeddable":true,"href":"https:\/\/brandss.com.py\/index\/wp-json\/wp\/v2\/product_brand?post=94626"},{"taxonomy":"product_cat","embeddable":true,"href":"https:\/\/brandss.com.py\/index\/wp-json\/wp\/v2\/product_cat?post=94626"},{"taxonomy":"product_tag","embeddable":true,"href":"https:\/\/brandss.com.py\/index\/wp-json\/wp\/v2\/product_tag?post=94626"}],"curies":[{"name":"wp","href":"https:\/\/api.w.org\/{rel}","templated":true}]}}