{"id":94636,"date":"2025-12-06T16:30:23","date_gmt":"2025-12-06T16:30:23","guid":{"rendered":"https:\/\/brandss.com.py\/index\/?post_type=product&#038;p=94636"},"modified":"2026-01-08T16:26:57","modified_gmt":"2026-01-08T16:26:57","slug":"perfume-femenino-thoq-al-hawamer-jade-edp-100ml","status":"publish","type":"product","link":"https:\/\/brandss.com.py\/index\/producto\/perfume-femenino-thoq-al-hawamer-jade-edp-100ml\/","title":{"rendered":"PERFUME FEMENINO THOQ AL HAWAMER JADE EDP 100ML"},"content":{"rendered":"<p><img loading=\"lazy\" decoding=\"async\" class=\"\" src=\"https:\/\/mazyadmall.com\/media\/51531\/thoq-al-hawamer_296x230.png?anchor=center&amp;mode=crop&amp;width=220&amp;height=125&amp;rnd=133554808820000000\" alt=\"Thouq Al Hawameer | Mazyad Mall | First Shopping Mall of Mohamed Bin Zayed  City, near Mussaffah, the \u201cNew Downtown\u201d of Abu Dhabi | UAE. | Your  Neighborhood Mall\" width=\"91\" height=\"52\" \/><\/p>\n<h1>JADE<\/h1>\n<p>Es una fragancia que combina ligereza y presencia en una vibrante fragancia femenina. Su composici\u00f3n combina frescura afrutada y floral con un toque amaderado, dando como resultado un aroma equilibrado y en\u00e9rgico, perfecto para el d\u00eda a d\u00eda. Ideal para mujeres sofisticadas que buscan una fragancia delicada pero impactante con un toque moderno y femenino.<\/p>\n","protected":false},"excerpt":{"rendered":"<p>JADE Es una fragancia que combina ligereza y presencia en una vibrante fragancia femenina. Su composici\u00f3n combina frescura afrutada y<\/p>\n","protected":false},"featured_media":94637,"comment_status":"open","ping_status":"closed","template":"","meta":{"nf_dc_page":""},"product_brand":[1602],"product_cat":[84],"product_tag":[1618],"class_list":{"0":"post-94636","1":"product","2":"type-product","3":"status-publish","4":"has-post-thumbnail","6":"product_brand-thoq-al-hawamer","7":"product_cat-perfumeria","8":"product_tag-1618","10":"first","11":"instock","12":"sale","13":"shipping-taxable","14":"purchasable","15":"product-type-simple"},"_links":{"self":[{"href":"https:\/\/brandss.com.py\/index\/wp-json\/wp\/v2\/product\/94636","targetHints":{"allow":["GET"]}}],"collection":[{"href":"https:\/\/brandss.com.py\/index\/wp-json\/wp\/v2\/product"}],"about":[{"href":"https:\/\/brandss.com.py\/index\/wp-json\/wp\/v2\/types\/product"}],"replies":[{"embeddable":true,"href":"https:\/\/brandss.com.py\/index\/wp-json\/wp\/v2\/comments?post=94636"}],"version-history":[{"count":1,"href":"https:\/\/brandss.com.py\/index\/wp-json\/wp\/v2\/product\/94636\/revisions"}],"predecessor-version":[{"id":94641,"href":"https:\/\/brandss.com.py\/index\/wp-json\/wp\/v2\/product\/94636\/revisions\/94641"}],"wp:featuredmedia":[{"embeddable":true,"href":"https:\/\/brandss.com.py\/index\/wp-json\/wp\/v2\/media\/94637"}],"wp:attachment":[{"href":"https:\/\/brandss.com.py\/index\/wp-json\/wp\/v2\/media?parent=94636"}],"wp:term":[{"taxonomy":"product_brand","embeddable":true,"href":"https:\/\/brandss.com.py\/index\/wp-json\/wp\/v2\/product_brand?post=94636"},{"taxonomy":"product_cat","embeddable":true,"href":"https:\/\/brandss.com.py\/index\/wp-json\/wp\/v2\/product_cat?post=94636"},{"taxonomy":"product_tag","embeddable":true,"href":"https:\/\/brandss.com.py\/index\/wp-json\/wp\/v2\/product_tag?post=94636"}],"curies":[{"name":"wp","href":"https:\/\/api.w.org\/{rel}","templated":true}]}}