{"id":94654,"date":"2025-12-06T17:46:13","date_gmt":"2025-12-06T17:46:13","guid":{"rendered":"https:\/\/brandss.com.py\/index\/?post_type=product&#038;p=94654"},"modified":"2026-01-22T13:47:37","modified_gmt":"2026-01-22T13:47:37","slug":"perfume-masculino-thoq-al-hawamer-vicio-prohibido-edp-100ml","status":"publish","type":"product","link":"https:\/\/brandss.com.py\/index\/producto\/perfume-masculino-thoq-al-hawamer-vicio-prohibido-edp-100ml\/","title":{"rendered":"PERFUME MASCULINO THOQ AL HAWAMER VICIO PROHIBIDO EDP 100ML"},"content":{"rendered":"<p><img loading=\"lazy\" decoding=\"async\" class=\"\" src=\"https:\/\/mazyadmall.com\/media\/51531\/thoq-al-hawamer_296x230.png?anchor=center&amp;mode=crop&amp;width=220&amp;height=125&amp;rnd=133554808820000000\" alt=\"Thouq Al Hawameer | Mazyad Mall | First Shopping Mall of Mohamed Bin Zayed  City, near Mussaffah, the \u201cNew Downtown\u201d of Abu Dhabi | UAE. | Your  Neighborhood Mall\" width=\"146\" height=\"83\" \/><\/p>\n<h1>VICIO PROHIBIDO<\/h1>\n<p>Es un eau de parfum masculino que refleja poder, sofisticaci\u00f3n y deseo. Con una composici\u00f3n envolvente y seductora, esta fragancia fue dise\u00f1ada para hombres que no pasan desapercibidos. Su aroma misterioso e impactante es ideal para noches especiales, ocasiones formales y momentos donde se necesita presencia. Su elegante frasco refuerza el concepto de exclusividad y lujo caracter\u00edstico de la marca. Producido en los Emiratos \u00c1rabes Unidos, es un perfume que refleja el estilo audaz y refinado de la perfumer\u00eda \u00e1rabe contempor\u00e1nea.<\/p>\n","protected":false},"excerpt":{"rendered":"<p>VICIO PROHIBIDO Es un eau de parfum masculino que refleja poder, sofisticaci\u00f3n y deseo. Con una composici\u00f3n envolvente y seductora,<\/p>\n","protected":false},"featured_media":94655,"comment_status":"open","ping_status":"closed","template":"","meta":{"nf_dc_page":""},"product_brand":[1602],"product_cat":[84],"product_tag":[1621],"class_list":{"0":"post-94654","1":"product","2":"type-product","3":"status-publish","4":"has-post-thumbnail","6":"product_brand-thoq-al-hawamer","7":"product_cat-perfumeria","8":"product_tag-1621","10":"first","11":"instock","12":"sale","13":"shipping-taxable","14":"purchasable","15":"product-type-simple"},"_links":{"self":[{"href":"https:\/\/brandss.com.py\/index\/wp-json\/wp\/v2\/product\/94654","targetHints":{"allow":["GET"]}}],"collection":[{"href":"https:\/\/brandss.com.py\/index\/wp-json\/wp\/v2\/product"}],"about":[{"href":"https:\/\/brandss.com.py\/index\/wp-json\/wp\/v2\/types\/product"}],"replies":[{"embeddable":true,"href":"https:\/\/brandss.com.py\/index\/wp-json\/wp\/v2\/comments?post=94654"}],"version-history":[{"count":1,"href":"https:\/\/brandss.com.py\/index\/wp-json\/wp\/v2\/product\/94654\/revisions"}],"predecessor-version":[{"id":94659,"href":"https:\/\/brandss.com.py\/index\/wp-json\/wp\/v2\/product\/94654\/revisions\/94659"}],"wp:featuredmedia":[{"embeddable":true,"href":"https:\/\/brandss.com.py\/index\/wp-json\/wp\/v2\/media\/94655"}],"wp:attachment":[{"href":"https:\/\/brandss.com.py\/index\/wp-json\/wp\/v2\/media?parent=94654"}],"wp:term":[{"taxonomy":"product_brand","embeddable":true,"href":"https:\/\/brandss.com.py\/index\/wp-json\/wp\/v2\/product_brand?post=94654"},{"taxonomy":"product_cat","embeddable":true,"href":"https:\/\/brandss.com.py\/index\/wp-json\/wp\/v2\/product_cat?post=94654"},{"taxonomy":"product_tag","embeddable":true,"href":"https:\/\/brandss.com.py\/index\/wp-json\/wp\/v2\/product_tag?post=94654"}],"curies":[{"name":"wp","href":"https:\/\/api.w.org\/{rel}","templated":true}]}}