{"id":94666,"date":"2025-12-06T18:43:59","date_gmt":"2025-12-06T18:43:59","guid":{"rendered":"https:\/\/brandss.com.py\/index\/?post_type=product&#038;p=94666"},"modified":"2026-01-22T13:47:56","modified_gmt":"2026-01-22T13:47:56","slug":"perfume-masculino-thoq-al-hawamer-olho-de-desejo-edp-100ml","status":"publish","type":"product","link":"https:\/\/brandss.com.py\/index\/producto\/perfume-masculino-thoq-al-hawamer-olho-de-desejo-edp-100ml\/","title":{"rendered":"PERFUME MASCULINO THOQ AL HAWAMER OLHO DE DESEJO EDP 100ML"},"content":{"rendered":"<p><img loading=\"lazy\" decoding=\"async\" class=\"\" src=\"https:\/\/mazyadmall.com\/media\/51531\/thoq-al-hawamer_296x230.png?anchor=center&amp;mode=crop&amp;width=220&amp;height=125&amp;rnd=133554808820000000\" alt=\"Thouq Al Hawameer | Mazyad Mall | First Shopping Mall of Mohamed Bin Zayed  City, near Mussaffah, the \u201cNew Downtown\u201d of Abu Dhabi | UAE. | Your  Neighborhood Mall\" width=\"137\" height=\"78\" \/><\/p>\n<h1>OLHO DE DESEJO<\/h1>\n<p>Es una creaci\u00f3n intensa y sofisticada inspirada en la misteriosa elegancia de la noche \u00e1rabe. Desarrollada en los Emiratos \u00c1rabes Unidos, combina la sofisticaci\u00f3n de las fragancias orientales con un toque moderno y potente. Con notas cautivadoras e impactantes, ofrece una experiencia olfativa duradera que revela magnetismo y masculinidad en cada aplicaci\u00f3n. Ideal para hombres que desean destacar con un perfume intenso, seductor y de larga duraci\u00f3n.<\/p>\n","protected":false},"excerpt":{"rendered":"<p>OLHO DE DESEJO Es una creaci\u00f3n intensa y sofisticada inspirada en la misteriosa elegancia de la noche \u00e1rabe. Desarrollada en<\/p>\n","protected":false},"featured_media":94667,"comment_status":"open","ping_status":"closed","template":"","meta":{"nf_dc_page":""},"product_brand":[1602],"product_cat":[84],"product_tag":[1623],"class_list":{"0":"post-94666","1":"product","2":"type-product","3":"status-publish","4":"has-post-thumbnail","6":"product_brand-thoq-al-hawamer","7":"product_cat-perfumeria","8":"product_tag-1623","10":"first","11":"instock","12":"sale","13":"shipping-taxable","14":"purchasable","15":"product-type-simple"},"_links":{"self":[{"href":"https:\/\/brandss.com.py\/index\/wp-json\/wp\/v2\/product\/94666","targetHints":{"allow":["GET"]}}],"collection":[{"href":"https:\/\/brandss.com.py\/index\/wp-json\/wp\/v2\/product"}],"about":[{"href":"https:\/\/brandss.com.py\/index\/wp-json\/wp\/v2\/types\/product"}],"replies":[{"embeddable":true,"href":"https:\/\/brandss.com.py\/index\/wp-json\/wp\/v2\/comments?post=94666"}],"version-history":[{"count":1,"href":"https:\/\/brandss.com.py\/index\/wp-json\/wp\/v2\/product\/94666\/revisions"}],"predecessor-version":[{"id":94671,"href":"https:\/\/brandss.com.py\/index\/wp-json\/wp\/v2\/product\/94666\/revisions\/94671"}],"wp:featuredmedia":[{"embeddable":true,"href":"https:\/\/brandss.com.py\/index\/wp-json\/wp\/v2\/media\/94667"}],"wp:attachment":[{"href":"https:\/\/brandss.com.py\/index\/wp-json\/wp\/v2\/media?parent=94666"}],"wp:term":[{"taxonomy":"product_brand","embeddable":true,"href":"https:\/\/brandss.com.py\/index\/wp-json\/wp\/v2\/product_brand?post=94666"},{"taxonomy":"product_cat","embeddable":true,"href":"https:\/\/brandss.com.py\/index\/wp-json\/wp\/v2\/product_cat?post=94666"},{"taxonomy":"product_tag","embeddable":true,"href":"https:\/\/brandss.com.py\/index\/wp-json\/wp\/v2\/product_tag?post=94666"}],"curies":[{"name":"wp","href":"https:\/\/api.w.org\/{rel}","templated":true}]}}