{"id":94707,"date":"2025-12-08T16:23:40","date_gmt":"2025-12-08T16:23:40","guid":{"rendered":"https:\/\/brandss.com.py\/index\/?post_type=product&#038;p=94707"},"modified":"2026-01-22T13:45:40","modified_gmt":"2026-01-22T13:45:40","slug":"perfume-femenino-thoq-al-hawamer-beleza-perigoza-edp-50ml-set-5piezas","status":"publish","type":"product","link":"https:\/\/brandss.com.py\/index\/producto\/perfume-femenino-thoq-al-hawamer-beleza-perigoza-edp-50ml-set-5piezas\/","title":{"rendered":"PERFUME FEMENINO THOQ AL HAWAMER BELEZA PERIGOZA EDP 50ML SET DE 5PIEZAS"},"content":{"rendered":"<p><img loading=\"lazy\" decoding=\"async\" class=\"\" src=\"https:\/\/mazyadmall.com\/media\/51531\/thoq-al-hawamer_296x230.png?anchor=center&amp;mode=crop&amp;width=220&amp;height=125&amp;rnd=133554808820000000\" alt=\"Thouq Al Hawameer | Mazyad Mall | First Shopping Mall of Mohamed Bin Zayed  City, near Mussaffah, the \u201cNew Downtown\u201d of Abu Dhabi | UAE. | Your  Neighborhood Mall\" width=\"112\" height=\"64\" \/><\/p>\n<h1>BELEZA PERIGOZA<\/h1>\n<p>El kit de perfumes Dangerous Beauty de Thoq Al Hawamer incluye cinco fragancias femeninas distintas en frascos de 50 ml cada uno: Amante, Arabi, Jade, Suave y Talia. Cada perfume posee una personalidad \u00fanica que combina elegancia, intensidad y encanto, reflejando el esp\u00edritu de la perfumer\u00eda \u00e1rabe contempor\u00e1nea. La fragancia Amante cautiva con su aura seductora y sensual, Arabi destaca por su sorprendente equilibrio entre lo moderno y lo cl\u00e1sico, Jade revela una suavidad floral con un toque refinado, Suave transmite ligereza y confort con delicadeza, y Talia cautiva con su perfil dulce y sofisticado. Perfecto para mujeres que disfrutan de variar sus firmas olfativas o desean hacer un regalo con estilo, este estuche ofrece versatilidad y sofisticaci\u00f3n en cada frasco.<\/p>\n","protected":false},"excerpt":{"rendered":"<p>BELEZA PERIGOZA El kit de perfumes Dangerous Beauty de Thoq Al Hawamer incluye cinco fragancias femeninas distintas en frascos de<\/p>\n","protected":false},"featured_media":94708,"comment_status":"open","ping_status":"closed","template":"","meta":{"nf_dc_page":""},"product_brand":[1602],"product_cat":[84],"product_tag":[1629],"class_list":{"0":"post-94707","1":"product","2":"type-product","3":"status-publish","4":"has-post-thumbnail","6":"product_brand-thoq-al-hawamer","7":"product_cat-perfumeria","8":"product_tag-1629","10":"first","11":"instock","12":"sale","13":"shipping-taxable","14":"purchasable","15":"product-type-simple"},"_links":{"self":[{"href":"https:\/\/brandss.com.py\/index\/wp-json\/wp\/v2\/product\/94707","targetHints":{"allow":["GET"]}}],"collection":[{"href":"https:\/\/brandss.com.py\/index\/wp-json\/wp\/v2\/product"}],"about":[{"href":"https:\/\/brandss.com.py\/index\/wp-json\/wp\/v2\/types\/product"}],"replies":[{"embeddable":true,"href":"https:\/\/brandss.com.py\/index\/wp-json\/wp\/v2\/comments?post=94707"}],"version-history":[{"count":2,"href":"https:\/\/brandss.com.py\/index\/wp-json\/wp\/v2\/product\/94707\/revisions"}],"predecessor-version":[{"id":94713,"href":"https:\/\/brandss.com.py\/index\/wp-json\/wp\/v2\/product\/94707\/revisions\/94713"}],"wp:featuredmedia":[{"embeddable":true,"href":"https:\/\/brandss.com.py\/index\/wp-json\/wp\/v2\/media\/94708"}],"wp:attachment":[{"href":"https:\/\/brandss.com.py\/index\/wp-json\/wp\/v2\/media?parent=94707"}],"wp:term":[{"taxonomy":"product_brand","embeddable":true,"href":"https:\/\/brandss.com.py\/index\/wp-json\/wp\/v2\/product_brand?post=94707"},{"taxonomy":"product_cat","embeddable":true,"href":"https:\/\/brandss.com.py\/index\/wp-json\/wp\/v2\/product_cat?post=94707"},{"taxonomy":"product_tag","embeddable":true,"href":"https:\/\/brandss.com.py\/index\/wp-json\/wp\/v2\/product_tag?post=94707"}],"curies":[{"name":"wp","href":"https:\/\/api.w.org\/{rel}","templated":true}]}}