{"id":94714,"date":"2025-12-08T16:58:45","date_gmt":"2025-12-08T16:58:45","guid":{"rendered":"https:\/\/brandss.com.py\/index\/?post_type=product&#038;p=94714"},"modified":"2026-01-22T13:45:59","modified_gmt":"2026-01-22T13:45:59","slug":"perfume-masculino-thoq-al-hawamer-eclat-de-luxe-edp-100ml-set-de-2-piezas","status":"publish","type":"product","link":"https:\/\/brandss.com.py\/index\/producto\/perfume-masculino-thoq-al-hawamer-eclat-de-luxe-edp-100ml-set-de-2-piezas\/","title":{"rendered":"PERFUME MASCULINO THOQ AL HAWAMER ECLAT DE LUXE EDP 100ML SET DE 2 PIEZAS"},"content":{"rendered":"<p><img loading=\"lazy\" decoding=\"async\" class=\"\" src=\"https:\/\/mazyadmall.com\/media\/51531\/thoq-al-hawamer_296x230.png?anchor=center&amp;mode=crop&amp;width=220&amp;height=125&amp;rnd=133554808820000000\" alt=\"Thouq Al Hawameer | Mazyad Mall | First Shopping Mall of Mohamed Bin Zayed  City, near Mussaffah, the \u201cNew Downtown\u201d of Abu Dhabi | UAE. | Your  Neighborhood Mall\" width=\"130\" height=\"74\" \/><\/p>\n<h1>ECLAT DE LUXE<\/h1>\n<p>El kit de perfumes Thoq Al Hawamer Eclat de Luxe combina dos fragancias distintas, ideales para parejas o para quienes buscan versatilidad y elegancia. L\u00edder Eau de Parfum para hombre de 100 ml presenta una potente combinaci\u00f3n de notas amaderadas y especiadas con una ligera frescura que realza la presencia y la sofisticaci\u00f3n. Sensual Eau de Parfum para mujer de 100 ml destaca por su cautivadora feminidad, combinando matices florales, frutales y amaderados, que ofrecen sutileza y seducci\u00f3n en cada aplicaci\u00f3n. Este kit combina lo mejor de ambos mundos: la intensidad de lo masculino y el encanto de lo femenino en una \u00fanica experiencia olfativa.<\/p>\n","protected":false},"excerpt":{"rendered":"<p>ECLAT DE LUXE El kit de perfumes Thoq Al Hawamer Eclat de Luxe combina dos fragancias distintas, ideales para parejas<\/p>\n","protected":false},"featured_media":94715,"comment_status":"open","ping_status":"closed","template":"","meta":{"nf_dc_page":""},"product_brand":[1602],"product_cat":[84],"product_tag":[1630],"class_list":{"0":"post-94714","1":"product","2":"type-product","3":"status-publish","4":"has-post-thumbnail","6":"product_brand-thoq-al-hawamer","7":"product_cat-perfumeria","8":"product_tag-1630","10":"first","11":"instock","12":"sale","13":"shipping-taxable","14":"purchasable","15":"product-type-simple"},"_links":{"self":[{"href":"https:\/\/brandss.com.py\/index\/wp-json\/wp\/v2\/product\/94714","targetHints":{"allow":["GET"]}}],"collection":[{"href":"https:\/\/brandss.com.py\/index\/wp-json\/wp\/v2\/product"}],"about":[{"href":"https:\/\/brandss.com.py\/index\/wp-json\/wp\/v2\/types\/product"}],"replies":[{"embeddable":true,"href":"https:\/\/brandss.com.py\/index\/wp-json\/wp\/v2\/comments?post=94714"}],"version-history":[{"count":1,"href":"https:\/\/brandss.com.py\/index\/wp-json\/wp\/v2\/product\/94714\/revisions"}],"predecessor-version":[{"id":94719,"href":"https:\/\/brandss.com.py\/index\/wp-json\/wp\/v2\/product\/94714\/revisions\/94719"}],"wp:featuredmedia":[{"embeddable":true,"href":"https:\/\/brandss.com.py\/index\/wp-json\/wp\/v2\/media\/94715"}],"wp:attachment":[{"href":"https:\/\/brandss.com.py\/index\/wp-json\/wp\/v2\/media?parent=94714"}],"wp:term":[{"taxonomy":"product_brand","embeddable":true,"href":"https:\/\/brandss.com.py\/index\/wp-json\/wp\/v2\/product_brand?post=94714"},{"taxonomy":"product_cat","embeddable":true,"href":"https:\/\/brandss.com.py\/index\/wp-json\/wp\/v2\/product_cat?post=94714"},{"taxonomy":"product_tag","embeddable":true,"href":"https:\/\/brandss.com.py\/index\/wp-json\/wp\/v2\/product_tag?post=94714"}],"curies":[{"name":"wp","href":"https:\/\/api.w.org\/{rel}","templated":true}]}}