{"id":94756,"date":"2025-12-09T19:04:59","date_gmt":"2025-12-09T19:04:59","guid":{"rendered":"https:\/\/brandss.com.py\/index\/?post_type=product&#038;p=94756"},"modified":"2025-12-09T19:08:59","modified_gmt":"2025-12-09T19:08:59","slug":"perfume-masculino-mush-mush-fahd-edp-100ml","status":"publish","type":"product","link":"https:\/\/brandss.com.py\/index\/producto\/perfume-masculino-mush-mush-fahd-edp-100ml\/","title":{"rendered":"PERFUME MASCULINO MUSH MUSH FAHD EDP 100ML"},"content":{"rendered":"<p><img loading=\"lazy\" decoding=\"async\" class=\"\" src=\"https:\/\/mushmushperfumes.com\/cdn\/shop\/files\/Mush_mush_logo_4.png?v=1723831141&amp;width=240\" alt=\"Mush Mush\" width=\"92\" height=\"92\" \/><\/p>\n<h1>FAHD<\/h1>\n<p>Es una fragancia masculina que busca equilibrio entre frescura y calidez, con un aire sofisticado, un poco especiado, quiz\u00e1s ideal para noches o climas m\u00e1s fr\u00edos, aunque su comienzo c\u00edtrico permite tambi\u00e9n uso diario.<\/p>\n<h3>Notas Olfativas<\/h3>\n<p data-start=\"1523\" data-end=\"1682\">Fahd una fragancia masculina, fresco y c\u00edtrico al inicio gracias a la mandarina sanguina, toronja y menta, esto aporta un arranque vibrante, limpio, ideal para una primera impresi\u00f3n. Ligero matiz especiado-floral en el coraz\u00f3n la canela y el toque de rosa le dan un giro c\u00e1lido, con un toque olfativo ex\u00f3tico, algo t\u00edpico de fragancias de estilo medio-oriental- \u00e1rabe. Una base c\u00e1lida, amaderada y masculina con \u00e1mbar, cuero y maderas, lo que le da solidez, profundidad y duraci\u00f3n.<\/p>\n<p data-start=\"1523\" data-end=\"1682\"><strong>Notas de salida:<\/strong> mandarina sanguina, toronja, menta.<\/p>\n<p data-start=\"1523\" data-end=\"1682\"><strong>Notas de coraz\u00f3n:<\/strong> canela, notas especiadas, rosa.<\/p>\n<p data-start=\"1523\" data-end=\"1682\"><strong>Notas de fondo:<\/strong> \u00e1mbar, cuero, notas amaderadas, pachul\u00ed indio.<\/p>\n","protected":false},"excerpt":{"rendered":"<p>FAHD Es una fragancia masculina que busca equilibrio entre frescura y calidez, con un aire sofisticado, un poco especiado, quiz\u00e1s<\/p>\n","protected":false},"featured_media":94757,"comment_status":"open","ping_status":"closed","template":"","meta":{"nf_dc_page":""},"product_brand":[96],"product_cat":[84],"product_tag":[1650],"class_list":{"0":"post-94756","1":"product","2":"type-product","3":"status-publish","4":"has-post-thumbnail","6":"product_brand-mush-mush","7":"product_cat-perfumeria","8":"product_tag-1650","10":"first","11":"instock","12":"shipping-taxable","13":"purchasable","14":"product-type-simple"},"_links":{"self":[{"href":"https:\/\/brandss.com.py\/index\/wp-json\/wp\/v2\/product\/94756","targetHints":{"allow":["GET"]}}],"collection":[{"href":"https:\/\/brandss.com.py\/index\/wp-json\/wp\/v2\/product"}],"about":[{"href":"https:\/\/brandss.com.py\/index\/wp-json\/wp\/v2\/types\/product"}],"replies":[{"embeddable":true,"href":"https:\/\/brandss.com.py\/index\/wp-json\/wp\/v2\/comments?post=94756"}],"version-history":[{"count":1,"href":"https:\/\/brandss.com.py\/index\/wp-json\/wp\/v2\/product\/94756\/revisions"}],"predecessor-version":[{"id":94761,"href":"https:\/\/brandss.com.py\/index\/wp-json\/wp\/v2\/product\/94756\/revisions\/94761"}],"wp:featuredmedia":[{"embeddable":true,"href":"https:\/\/brandss.com.py\/index\/wp-json\/wp\/v2\/media\/94757"}],"wp:attachment":[{"href":"https:\/\/brandss.com.py\/index\/wp-json\/wp\/v2\/media?parent=94756"}],"wp:term":[{"taxonomy":"product_brand","embeddable":true,"href":"https:\/\/brandss.com.py\/index\/wp-json\/wp\/v2\/product_brand?post=94756"},{"taxonomy":"product_cat","embeddable":true,"href":"https:\/\/brandss.com.py\/index\/wp-json\/wp\/v2\/product_cat?post=94756"},{"taxonomy":"product_tag","embeddable":true,"href":"https:\/\/brandss.com.py\/index\/wp-json\/wp\/v2\/product_tag?post=94756"}],"curies":[{"name":"wp","href":"https:\/\/api.w.org\/{rel}","templated":true}]}}