{"id":94762,"date":"2025-12-10T11:13:46","date_gmt":"2025-12-10T11:13:46","guid":{"rendered":"https:\/\/brandss.com.py\/index\/?post_type=product&#038;p=94762"},"modified":"2025-12-11T19:18:32","modified_gmt":"2025-12-11T19:18:32","slug":"mascara-capilar-karseell-maca-power-essence-purple-500ml","status":"publish","type":"product","link":"https:\/\/brandss.com.py\/index\/producto\/mascara-capilar-karseell-maca-power-essence-purple-500ml\/","title":{"rendered":"M\u00c1SCARA CAPILAR KARSEELL MACA POWER ESSENCE PURPLE 500ML"},"content":{"rendered":"<p><img loading=\"lazy\" decoding=\"async\" class=\"\" src=\"https:\/\/dojiw2m9tvv09.cloudfront.net\/41156\/brand\/logo-karseell4951.png\" alt=\"Crema Karseell Collagen 500 ml | Importaciones Calderon\" width=\"188\" height=\"54\" \/><\/p>\n<h1>MACA POWER ESSENCE PURPLE<\/h1>\n<p>La mascarilla capilar Karseell Maca Power Purple es el tratamiento ideal para quienes buscan mantener su cabello rubio en perfecto estado, neutralizando los indeseados tonos cobrizos. Este acondicionador hidratante morado ha sido especialmente formulado para proporcionar un cuidado capilar profesional desde la comodidad de tu hogar. Con su textura rica y lujosa, la mascarilla no solo combate el frizz, sino que tambi\u00e9n deja tu cabello m\u00e1s saludable, suave y sedoso al tacto.<img loading=\"lazy\" decoding=\"async\" class=\"alignleft\" src=\"https:\/\/instudio.mabangapp.com\/img\/202449\/BOH5755\/BOH5755g05.jpg\" width=\"576\" height=\"576\" \/><\/p>\n<p>\u00a1Esta mascarilla hidratante tiene un efecto m\u00e1gico en el cabello rubio! Su textura rica y lujosa le da a tu cabello un aspecto m\u00e1s saludable, sin frizz y con un tacto sedoso.<\/p>\n<p>La marca Karseell se ha destacado en el mercado por ofrecer productos de alta calidad, y esta mascarilla no es la excepci\u00f3n. Ideal para cualquier persona con cabello rubio, sea natural o te\u00f1ido, que desee mantener un color vibrante y evitar los tonos amarillentos.<\/p>\n<p>Su f\u00f3rmula \u00fanica no solo cuida el color, sino que tambi\u00e9n hidrata profundamente, devolviendo la vitalidad y el brillo al cabello opaco y da\u00f1ado. Al integrar esta mascarilla en tu rutina de belleza, podr\u00e1s disfrutar de un cabello m\u00e1s manejable y con un aspecto rejuvenecido.<\/p>\n<p>&nbsp;<\/p>\n<p><strong>Beneficios principales<\/strong><\/p>\n<p>&nbsp;<\/p>\n<ul>\n<li>Neutraliza eficazmente los tonos amarillentos en cabellos rubios, plateados o te\u00f1idos.<\/li>\n<li>Restaura la hidrataci\u00f3n y brillo, mejorando la textura del cabello.<\/li>\n<li>Repara da\u00f1os causados por decoloraci\u00f3n o tratamientos qu\u00edmicos.<\/li>\n<li>Ayuda a controlar el frizz y aportar suavidad.<\/li>\n<\/ul>\n<h3>Usos<\/h3>\n<p>Se puede usar de forma continua para mantener una apariencia plateada suave, o lavarlo cada pocas veces para darle a tus colores naturales favoritos un aspecto fresco.<\/p>\n<p><span class=\"a-list-item\"><span dir=\"auto\">Limite el tiempo de contacto a 5-10 minutos: exceder el tiempo de contacto puede provocar un exceso de pigmento, lo que provocar\u00e1 tonos morados o grises no deseados. Aplique en una zona limpia y f\u00e1cil de limpiar (p. ej., ducha o lavabo) y evite el contacto con superficies porosas (lechada, m\u00e1rmol). Use toallas de color oscuro para minimizar las manchas visibles.<\/span><\/span><\/p>\n","protected":false},"excerpt":{"rendered":"<p>MACA POWER ESSENCE PURPLE La mascarilla capilar Karseell Maca Power Purple es el tratamiento ideal para quienes buscan mantener su<\/p>\n","protected":false},"featured_media":94763,"comment_status":"open","ping_status":"closed","template":"","meta":{"nf_dc_page":""},"product_brand":[115],"product_cat":[85],"product_tag":[1651],"class_list":{"0":"post-94762","1":"product","2":"type-product","3":"status-publish","4":"has-post-thumbnail","6":"product_brand-karseell","7":"product_cat-cosmeticos","8":"product_tag-1651","10":"first","11":"instock","12":"sale","13":"shipping-taxable","14":"purchasable","15":"product-type-simple"},"_links":{"self":[{"href":"https:\/\/brandss.com.py\/index\/wp-json\/wp\/v2\/product\/94762","targetHints":{"allow":["GET"]}}],"collection":[{"href":"https:\/\/brandss.com.py\/index\/wp-json\/wp\/v2\/product"}],"about":[{"href":"https:\/\/brandss.com.py\/index\/wp-json\/wp\/v2\/types\/product"}],"replies":[{"embeddable":true,"href":"https:\/\/brandss.com.py\/index\/wp-json\/wp\/v2\/comments?post=94762"}],"version-history":[{"count":1,"href":"https:\/\/brandss.com.py\/index\/wp-json\/wp\/v2\/product\/94762\/revisions"}],"predecessor-version":[{"id":94770,"href":"https:\/\/brandss.com.py\/index\/wp-json\/wp\/v2\/product\/94762\/revisions\/94770"}],"wp:featuredmedia":[{"embeddable":true,"href":"https:\/\/brandss.com.py\/index\/wp-json\/wp\/v2\/media\/94763"}],"wp:attachment":[{"href":"https:\/\/brandss.com.py\/index\/wp-json\/wp\/v2\/media?parent=94762"}],"wp:term":[{"taxonomy":"product_brand","embeddable":true,"href":"https:\/\/brandss.com.py\/index\/wp-json\/wp\/v2\/product_brand?post=94762"},{"taxonomy":"product_cat","embeddable":true,"href":"https:\/\/brandss.com.py\/index\/wp-json\/wp\/v2\/product_cat?post=94762"},{"taxonomy":"product_tag","embeddable":true,"href":"https:\/\/brandss.com.py\/index\/wp-json\/wp\/v2\/product_tag?post=94762"}],"curies":[{"name":"wp","href":"https:\/\/api.w.org\/{rel}","templated":true}]}}