{"id":94805,"date":"2025-12-12T12:25:05","date_gmt":"2025-12-12T12:25:05","guid":{"rendered":"https:\/\/brandss.com.py\/index\/?post_type=product&#038;p=94805"},"modified":"2026-03-31T11:38:10","modified_gmt":"2026-03-31T11:38:10","slug":"perfume-unisex-armaf-club-de-nuit-sillage-edp-set-4-piezas","status":"publish","type":"product","link":"https:\/\/brandss.com.py\/index\/producto\/perfume-unisex-armaf-club-de-nuit-sillage-edp-set-4-piezas\/","title":{"rendered":"PERFUME UNISEX ARMAF CLUB DE NUIT SILLAGE EDP SET 4 PIEZAS"},"content":{"rendered":"<p><img loading=\"lazy\" decoding=\"async\" class=\"\" src=\"https:\/\/vectorseek.com\/wp-content\/uploads\/2023\/12\/ARMAF-Logo-Vector.svg--300x300.png\" alt=\"ARMAF Logo PNG, SVG, AI Vector \u2013 Free Download\" width=\"112\" height=\"112\" \/><\/p>\n<h1>CLUB DE NUIT SILLAGE<\/h1>\n<p><span dir=\"auto\">Experimenta la lujosa esencia de Club De Nuit Sillage de Armaf, una fragancia unisex lanzada en 2020 que se ha convertido r\u00e1pidamente en un cl\u00e1sico del mundo de las fragancias de Oriente Medio. Esta opulenta fragancia pertenece a la familia Floral-Amaderada-Almizclada, ofreciendo un equilibrio perfecto de frescura y calidez, cautivadora y atemporal.<\/span><\/p>\n<p><span dir=\"auto\">Las notas de salida de Club De Nuit Sillage son una vigorizante mezcla de bergamota, grosella negra, lim\u00f3n, hoja de violeta, lima y jengibre. Esta refrescante combinaci\u00f3n ofrece un comienzo electrizante, causando una primera impresi\u00f3n audaz. A medida que la fragancia evoluciona, las notas de coraz\u00f3n de rosa, iris y jazm\u00edn cobran protagonismo, ofreciendo un bouquet floral rico y sofisticado.<\/span><\/p>\n<p><span dir=\"auto\">La fragancia se asienta sobre una base profunda y duradera de ambroxan, almizcle, s\u00e1ndalo y cedro. Estas notas garantizan un final c\u00e1lido y amaderado que perdura en la piel, creando una experiencia olfativa memorable y duradera. El Sillage Club De Nuit no es solo una fragancia; es la personificaci\u00f3n de la elegancia y el refinamiento, perfecto para cualquier ocasi\u00f3n.<\/span><\/p>\n<p>&nbsp;<\/p>\n<h3>Notas Olfativas<\/h3>\n<p><strong>Notas de salida:<\/strong> bergamota, grosella negra, jengibre, lim\u00f3n, lima, hoja de violeta.<\/p>\n<p><strong>Notas de coraz\u00f3n:<\/strong> iris, jazm\u00edn, rosa.<\/p>\n<p><strong>Notas de fondo:<\/strong> ambroxan, cedro, almizcle, s\u00e1ndalo, vetiver.<\/p>\n<p>&nbsp;<\/p>\n<p><strong><span dir=\"auto\">Contenido del set:<\/span><\/strong><span dir=\"auto\">\u00a0<\/span><\/p>\n<p><span dir=\"auto\">Armaf Club De Nuit Sillage &#8211; Eau de Parfum, 30 ml\u00a0<\/span><\/p>\n<p><span dir=\"auto\">Armaf Club De Nuit Sillage &#8211; Desodorante en barra, 75 g\u00a0<\/span><\/p>\n<p><span dir=\"auto\">Armaf Club De Nuit Sillage &#8211; Bruma para el cabello, 55 ml\u00a0<\/span><\/p>\n<p><span dir=\"auto\">Armaf Club De Nuit Sillage &#8211; Spray corporal, 50 ml.<\/span><\/p>\n","protected":false},"excerpt":{"rendered":"<p>CLUB DE NUIT SILLAGE Experimenta la lujosa esencia de Club De Nuit Sillage de Armaf, una fragancia unisex lanzada en<\/p>\n","protected":false},"featured_media":94806,"comment_status":"open","ping_status":"closed","template":"","meta":{"nf_dc_page":""},"product_brand":[106],"product_cat":[84],"product_tag":[2132],"class_list":{"0":"post-94805","1":"product","2":"type-product","3":"status-publish","4":"has-post-thumbnail","6":"product_brand-armaf","7":"product_cat-perfumeria","8":"product_tag-2132","10":"first","11":"outofstock","12":"shipping-taxable","13":"purchasable","14":"product-type-simple"},"_links":{"self":[{"href":"https:\/\/brandss.com.py\/index\/wp-json\/wp\/v2\/product\/94805","targetHints":{"allow":["GET"]}}],"collection":[{"href":"https:\/\/brandss.com.py\/index\/wp-json\/wp\/v2\/product"}],"about":[{"href":"https:\/\/brandss.com.py\/index\/wp-json\/wp\/v2\/types\/product"}],"replies":[{"embeddable":true,"href":"https:\/\/brandss.com.py\/index\/wp-json\/wp\/v2\/comments?post=94805"}],"version-history":[{"count":1,"href":"https:\/\/brandss.com.py\/index\/wp-json\/wp\/v2\/product\/94805\/revisions"}],"predecessor-version":[{"id":94811,"href":"https:\/\/brandss.com.py\/index\/wp-json\/wp\/v2\/product\/94805\/revisions\/94811"}],"wp:featuredmedia":[{"embeddable":true,"href":"https:\/\/brandss.com.py\/index\/wp-json\/wp\/v2\/media\/94806"}],"wp:attachment":[{"href":"https:\/\/brandss.com.py\/index\/wp-json\/wp\/v2\/media?parent=94805"}],"wp:term":[{"taxonomy":"product_brand","embeddable":true,"href":"https:\/\/brandss.com.py\/index\/wp-json\/wp\/v2\/product_brand?post=94805"},{"taxonomy":"product_cat","embeddable":true,"href":"https:\/\/brandss.com.py\/index\/wp-json\/wp\/v2\/product_cat?post=94805"},{"taxonomy":"product_tag","embeddable":true,"href":"https:\/\/brandss.com.py\/index\/wp-json\/wp\/v2\/product_tag?post=94805"}],"curies":[{"name":"wp","href":"https:\/\/api.w.org\/{rel}","templated":true}]}}