{"id":94819,"date":"2025-12-12T14:07:24","date_gmt":"2025-12-12T14:07:24","guid":{"rendered":"https:\/\/brandss.com.py\/index\/?post_type=product&#038;p=94819"},"modified":"2025-12-12T14:08:22","modified_gmt":"2025-12-12T14:08:22","slug":"crema-vaselina-corporal-perfumada-ard-al-zaafaran-mukhammariya-jamid-rihana-20gr","status":"publish","type":"product","link":"https:\/\/brandss.com.py\/index\/producto\/crema-vaselina-corporal-perfumada-ard-al-zaafaran-mukhammariya-jamid-rihana-20gr\/","title":{"rendered":"CREMA VASELINA CORPORAL PERFUMADA ARD AL ZAAFARAN MUKHAMMARIYA JAMID RIHANA 20GR"},"content":{"rendered":"<p><img loading=\"lazy\" decoding=\"async\" class=\"\" src=\"https:\/\/ardalzaafaranshop.com\/cdn\/shop\/files\/Ard_Al_Zaafaran_Logo_-_Edited.png?crop=center&amp;height=533&amp;v=1725426151&amp;width=415\" alt=\"About Us \u2013 ArdAlZaafaranShop\" width=\"92\" height=\"118\" \/><\/p>\n<h1>MUKHAMMARIYA JAMID RIHANA<\/h1>\n<p>La crema de vaselina Mukhammaria es una joya marroqu\u00ed para el cuidado de la piel, una lujosa fusi\u00f3n de lo mejor de la naturaleza para tu piel. Elaborada con esmero, combina la riqueza del aceite de arg\u00e1n con hierbas arom\u00e1ticas, ofreciendo hidrataci\u00f3n y un aroma delicioso en cada aplicaci\u00f3n. Este preciado secreto revitaliza incluso la piel m\u00e1s seca, dejando una tez radiante y sedosa. Descubre el ancestral ritual de belleza de Mukhammaria y disfruta del estilo marroqu\u00ed para una piel radiante.<\/p>\n<p>&nbsp;<\/p>\n","protected":false},"excerpt":{"rendered":"<p>MUKHAMMARIYA JAMID RIHANA La crema de vaselina Mukhammaria es una joya marroqu\u00ed para el cuidado de la piel, una lujosa<\/p>\n","protected":false},"featured_media":94820,"comment_status":"open","ping_status":"closed","template":"","meta":{"nf_dc_page":""},"product_brand":[110],"product_cat":[85],"product_tag":[2134],"class_list":{"0":"post-94819","1":"product","2":"type-product","3":"status-publish","4":"has-post-thumbnail","6":"product_brand-ard-al-zaafaran","7":"product_cat-cosmeticos","8":"product_tag-2134","10":"first","11":"instock","12":"shipping-taxable","13":"purchasable","14":"product-type-simple"},"_links":{"self":[{"href":"https:\/\/brandss.com.py\/index\/wp-json\/wp\/v2\/product\/94819","targetHints":{"allow":["GET"]}}],"collection":[{"href":"https:\/\/brandss.com.py\/index\/wp-json\/wp\/v2\/product"}],"about":[{"href":"https:\/\/brandss.com.py\/index\/wp-json\/wp\/v2\/types\/product"}],"replies":[{"embeddable":true,"href":"https:\/\/brandss.com.py\/index\/wp-json\/wp\/v2\/comments?post=94819"}],"version-history":[{"count":1,"href":"https:\/\/brandss.com.py\/index\/wp-json\/wp\/v2\/product\/94819\/revisions"}],"predecessor-version":[{"id":94823,"href":"https:\/\/brandss.com.py\/index\/wp-json\/wp\/v2\/product\/94819\/revisions\/94823"}],"wp:featuredmedia":[{"embeddable":true,"href":"https:\/\/brandss.com.py\/index\/wp-json\/wp\/v2\/media\/94820"}],"wp:attachment":[{"href":"https:\/\/brandss.com.py\/index\/wp-json\/wp\/v2\/media?parent=94819"}],"wp:term":[{"taxonomy":"product_brand","embeddable":true,"href":"https:\/\/brandss.com.py\/index\/wp-json\/wp\/v2\/product_brand?post=94819"},{"taxonomy":"product_cat","embeddable":true,"href":"https:\/\/brandss.com.py\/index\/wp-json\/wp\/v2\/product_cat?post=94819"},{"taxonomy":"product_tag","embeddable":true,"href":"https:\/\/brandss.com.py\/index\/wp-json\/wp\/v2\/product_tag?post=94819"}],"curies":[{"name":"wp","href":"https:\/\/api.w.org\/{rel}","templated":true}]}}