{"id":94824,"date":"2025-12-12T17:30:03","date_gmt":"2025-12-12T17:30:03","guid":{"rendered":"https:\/\/brandss.com.py\/index\/?post_type=product&#038;p=94824"},"modified":"2026-03-12T12:14:27","modified_gmt":"2026-03-12T12:14:27","slug":"perfume-femenino-trussardi-pure-jasmine-edp-90ml","status":"publish","type":"product","link":"https:\/\/brandss.com.py\/index\/producto\/perfume-femenino-trussardi-pure-jasmine-edp-90ml\/","title":{"rendered":"PERFUME FEMENINO TRUSSARDI PURE JASMINE EDP 90ML"},"content":{"rendered":"<p><img loading=\"lazy\" decoding=\"async\" class=\"\" src=\"https:\/\/1000logos.net\/wp-content\/uploads\/2020\/04\/Trussardi-Logo-2012.png\" alt=\"Trussardi Logo and symbol, meaning, history, PNG, brand\" width=\"174\" height=\"98\" \/><\/p>\n<h1>PURE JASMINE<\/h1>\n<p>Esta exquisita fragancia rinde homenaje a la mujer apasionada y libre de hoy, ofreciendo una experiencia olfativa audaz, pura y emotiva. Elaborada con los mejores ingredientes, Trussardi Pure Jasmine es una celebraci\u00f3n de la aut\u00e9ntica belleza italiana que deja una huella imborrable.<img decoding=\"async\" class=\"alignleft\" src=\"https:\/\/static3.sabinacdn.com\/31038-thickbox_default\/pure-jasmine.jpg\" \/><\/p>\n<p>El perfume Trussardi Pure Jasmine celebra una feminidad moderna y segura de s\u00ed misma.<\/p>\n<p>&nbsp;<\/p>\n<h3>Notas Olfativas<\/h3>\n<p>&nbsp;<\/p>\n<p>Abraza la esencia de la elegancia italiana con Trussardi Pure Jasmine, una fragancia de la familia olfativa para Mujeres. Esta fragrancia es nueva. Pure Jasmine se lanz\u00f3 en 2022.<\/p>\n<p>Pure Jasmine fue creada por Violaine Collas y Julie Mass\u00e9. Las notas de salida se abren con la vivacidad de la bergamota, acompa\u00f1ada de un acorde fresco de pistacho salado y la riqueza del neroli.<\/p>\n<p>En el coraz\u00f3n explotan los aromas florales de champaca, jazm\u00edn y mugane absoluto, cerrados por la dulce persistencia de pachul\u00ed, s\u00e1ndalo y vainilla.<\/p>\n<p>La elegante botella cil\u00edndrica presenta acabados en color dorado y se produce respetando el medio ambiente.<\/p>\n<p>&nbsp;<\/p>\n<p><strong>Notas de salida:<\/strong> pistacho (pistache), neroli, bergamota.<\/p>\n<p><strong>Notas de coraz\u00f3n:<\/strong> jazm\u00edn, champaca, mugane.<\/p>\n<p><strong>Notas de fondo:<\/strong> vainilla, s\u00e1ndalo, pachul\u00ed.<\/p>\n","protected":false},"excerpt":{"rendered":"<p>PURE JASMINE Esta exquisita fragancia rinde homenaje a la mujer apasionada y libre de hoy, ofreciendo una experiencia olfativa audaz,<\/p>\n","protected":false},"featured_media":94825,"comment_status":"open","ping_status":"closed","template":"","meta":{"nf_dc_page":""},"product_brand":[2112],"product_cat":[84],"product_tag":[2136],"class_list":{"0":"post-94824","1":"product","2":"type-product","3":"status-publish","4":"has-post-thumbnail","6":"product_brand-trussardi","7":"product_cat-perfumeria","8":"product_tag-2136","10":"first","11":"instock","12":"shipping-taxable","13":"purchasable","14":"product-type-simple"},"_links":{"self":[{"href":"https:\/\/brandss.com.py\/index\/wp-json\/wp\/v2\/product\/94824","targetHints":{"allow":["GET"]}}],"collection":[{"href":"https:\/\/brandss.com.py\/index\/wp-json\/wp\/v2\/product"}],"about":[{"href":"https:\/\/brandss.com.py\/index\/wp-json\/wp\/v2\/types\/product"}],"replies":[{"embeddable":true,"href":"https:\/\/brandss.com.py\/index\/wp-json\/wp\/v2\/comments?post=94824"}],"version-history":[{"count":1,"href":"https:\/\/brandss.com.py\/index\/wp-json\/wp\/v2\/product\/94824\/revisions"}],"predecessor-version":[{"id":94830,"href":"https:\/\/brandss.com.py\/index\/wp-json\/wp\/v2\/product\/94824\/revisions\/94830"}],"wp:featuredmedia":[{"embeddable":true,"href":"https:\/\/brandss.com.py\/index\/wp-json\/wp\/v2\/media\/94825"}],"wp:attachment":[{"href":"https:\/\/brandss.com.py\/index\/wp-json\/wp\/v2\/media?parent=94824"}],"wp:term":[{"taxonomy":"product_brand","embeddable":true,"href":"https:\/\/brandss.com.py\/index\/wp-json\/wp\/v2\/product_brand?post=94824"},{"taxonomy":"product_cat","embeddable":true,"href":"https:\/\/brandss.com.py\/index\/wp-json\/wp\/v2\/product_cat?post=94824"},{"taxonomy":"product_tag","embeddable":true,"href":"https:\/\/brandss.com.py\/index\/wp-json\/wp\/v2\/product_tag?post=94824"}],"curies":[{"name":"wp","href":"https:\/\/api.w.org\/{rel}","templated":true}]}}