{"id":94831,"date":"2025-12-12T18:19:08","date_gmt":"2025-12-12T18:19:08","guid":{"rendered":"https:\/\/brandss.com.py\/index\/?post_type=product&#038;p=94831"},"modified":"2025-12-12T18:19:50","modified_gmt":"2025-12-12T18:19:50","slug":"perfume-femenino-trussardi-new-feminine-edp-90ml","status":"publish","type":"product","link":"https:\/\/brandss.com.py\/index\/producto\/perfume-femenino-trussardi-new-feminine-edp-90ml\/","title":{"rendered":"PERFUME FEMENINO TRUSSARDI NEW FEMININE EDP 90ML"},"content":{"rendered":"<p><img loading=\"lazy\" decoding=\"async\" class=\"\" src=\"https:\/\/1000logos.net\/wp-content\/uploads\/2020\/04\/Trussardi-Logo-2012.png\" alt=\"Trussardi Logo and symbol, meaning, history, PNG, brand\" width=\"137\" height=\"77\" \/><\/p>\n<h1>NEW FEMININE<\/h1>\n<p>La nueva fragancia femenina habla de la nueva mujer Trussardi: contempor\u00e1nea y libre. Este es un perfume que encantar\u00e1 a esas mujeres que aman los olores frescos y florales. Mujeres independientes, amantes de su libertad y de expresi\u00f3n interior.<\/p>\n<p>El aliado que necesitas para potenciar tu feminidad!<\/p>\n<p><img loading=\"lazy\" decoding=\"async\" class=\"alignleft\" src=\"https:\/\/m.media-amazon.com\/images\/I\/91iQxlUFGpL.jpg\" width=\"603\" height=\"426\" \/><\/p>\n<h3>Notas Olfativas<\/h3>\n<p>&nbsp;<\/p>\n<p>Trussardi Eau de Parfum de Trussardi es una fragancia de la familia olfativa Floral para Mujeres.<\/p>\n<p>En su pir\u00e1mide olfativa nos sorprende al inicio con la frescura desbordante de una mandarina italiana que se entremezcla con el aroma de una flor de neroli.<\/p>\n<p>De a poco nos van sumergiendo a un coraz\u00f3n muy femenino compuesto por notas de lavanda, absoluto de jazm\u00edn y dalia blanca. Para finalizar el fondo se ve acentuado por las notas hipn\u00f3ticas y aterciopeladas de un acorde de violeta y pachul\u00ed. Es equilibradamente fresco, floral y amaderado.<\/p>\n<p><strong>Notas de salida: <\/strong>tomate, mandarina italiana, neroli.<\/p>\n<p><strong>Notas de coraz\u00f3n: <\/strong>dalia, lavanda, jazm\u00edn.<\/p>\n<p><strong>Notas de fondo: <\/strong>gamuza, violeta, pachul\u00ed.<\/p>\n","protected":false},"excerpt":{"rendered":"<p>NEW FEMININE La nueva fragancia femenina habla de la nueva mujer Trussardi: contempor\u00e1nea y libre. Este es un perfume que<\/p>\n","protected":false},"featured_media":94832,"comment_status":"open","ping_status":"closed","template":"","meta":{"nf_dc_page":""},"product_brand":[2112],"product_cat":[84],"product_tag":[2137],"class_list":{"0":"post-94831","1":"product","2":"type-product","3":"status-publish","4":"has-post-thumbnail","6":"product_brand-trussardi","7":"product_cat-perfumeria","8":"product_tag-2137","10":"first","11":"instock","12":"shipping-taxable","13":"purchasable","14":"product-type-simple"},"_links":{"self":[{"href":"https:\/\/brandss.com.py\/index\/wp-json\/wp\/v2\/product\/94831","targetHints":{"allow":["GET"]}}],"collection":[{"href":"https:\/\/brandss.com.py\/index\/wp-json\/wp\/v2\/product"}],"about":[{"href":"https:\/\/brandss.com.py\/index\/wp-json\/wp\/v2\/types\/product"}],"replies":[{"embeddable":true,"href":"https:\/\/brandss.com.py\/index\/wp-json\/wp\/v2\/comments?post=94831"}],"version-history":[{"count":1,"href":"https:\/\/brandss.com.py\/index\/wp-json\/wp\/v2\/product\/94831\/revisions"}],"predecessor-version":[{"id":94837,"href":"https:\/\/brandss.com.py\/index\/wp-json\/wp\/v2\/product\/94831\/revisions\/94837"}],"wp:featuredmedia":[{"embeddable":true,"href":"https:\/\/brandss.com.py\/index\/wp-json\/wp\/v2\/media\/94832"}],"wp:attachment":[{"href":"https:\/\/brandss.com.py\/index\/wp-json\/wp\/v2\/media?parent=94831"}],"wp:term":[{"taxonomy":"product_brand","embeddable":true,"href":"https:\/\/brandss.com.py\/index\/wp-json\/wp\/v2\/product_brand?post=94831"},{"taxonomy":"product_cat","embeddable":true,"href":"https:\/\/brandss.com.py\/index\/wp-json\/wp\/v2\/product_cat?post=94831"},{"taxonomy":"product_tag","embeddable":true,"href":"https:\/\/brandss.com.py\/index\/wp-json\/wp\/v2\/product_tag?post=94831"}],"curies":[{"name":"wp","href":"https:\/\/api.w.org\/{rel}","templated":true}]}}