{"id":94838,"date":"2025-12-12T18:55:53","date_gmt":"2025-12-12T18:55:53","guid":{"rendered":"https:\/\/brandss.com.py\/index\/?post_type=product&#038;p=94838"},"modified":"2026-03-12T16:28:20","modified_gmt":"2026-03-12T16:28:20","slug":"perfume-femenino-furla-adorabile-edp-100ml","status":"publish","type":"product","link":"https:\/\/brandss.com.py\/index\/producto\/perfume-femenino-furla-adorabile-edp-100ml\/","title":{"rendered":"PERFUME FEMENINO FURLA ADORABILE EDP 100ML"},"content":{"rendered":"<p><img loading=\"lazy\" decoding=\"async\" class=\"\" src=\"https:\/\/upload.wikimedia.org\/wikipedia\/commons\/b\/bb\/Furla_-_logo_%28Italy%2C_2019%29.svg\" alt=\"File:Furla - logo (Italy, 2019).svg - Wikimedia Commons\" width=\"107\" height=\"35\" \/><\/p>\n<h1>ADORABILE<\/h1>\n<p><span dir=\"auto\">Es un Eau de Parfum \u00fanico inspirado en bufandas y chales, s\u00edmbolos de ligereza y elegancia refinada. Es una fragancia que rebosa feminidad, sutileza y car\u00e1cter art\u00edstico, perfecta para realzar el estilo personal. El nombre Adorabile proviene del italiano y significa &#8220;adorable&#8221;, una descripci\u00f3n que captura a la perfecci\u00f3n la luminosidad de esta fragancia.<\/span><\/p>\n<p><img loading=\"lazy\" decoding=\"async\" class=\"alignleft\" src=\"https:\/\/lyko.com\/globalassets\/product-images\/furla-adorabile-edp-100-ml-2815-112-0100_5.jpg?ref=26A1F14750&amp;w=1280&amp;h=1280&amp;mode=max&amp;quality=75&amp;format=webp\" width=\"620\" height=\"502\" \/><\/p>\n<h3>Notas Olfativas<\/h3>\n<p>&nbsp;<\/p>\n<p><span dir=\"auto\">Furla<\/span><span dir=\"auto\">\u00a0Adorabile Eau de Parfum<\/span><span dir=\"auto\"> es una vibrante composici\u00f3n floral con una salida afrutada y un final suave.\u00a0\u00a0<\/span><span dir=\"auto\">Esta composici\u00f3n combina jugosas notas frutales con elegancia floral y profundidad amaderada. La vainilla y el cedro le aportan longevidad y car\u00e1cter, mientras que los sutiles acordes almizclados realzan la sensualidad.<\/span><\/p>\n<p><span dir=\"auto\">La fragancia se abre con jugosas notas afrutadas de melocot\u00f3n, complementadas con un delicado toque de lim\u00f3n italiano, con refrescantes y ligeros toques c\u00edtricos. En el coraz\u00f3n de la fragancia, donde reside su esencia, el refinado clavel aporta notas armoniosas, c\u00e1lidas, dulces y femeninas, que se combinan a la perfecci\u00f3n con la sutil rosa con aroma a miel para un delicado encanto.<\/span><\/p>\n<p><span dir=\"auto\">La composici\u00f3n se caracteriza por intensos acordes de la familia Helvetolide\u00ae, una nota de almizcle que impregna la fragancia de calidez, y notas amaderadas y ligeramente afrutadas que nos acompa\u00f1an desde el primer instante. La madera de cedro de Virginia aporta intensidad y longevidad a la composici\u00f3n, mientras que la vainilla aporta una elegancia, gracia y estilo innegables.<\/span><\/p>\n<p><strong><span dir=\"auto\">Notas de salida:<\/span><\/strong><span dir=\"auto\">\u00a0lim\u00f3n italiano, nectarina, lirio de los valles.<\/span><br \/>\n<strong><span dir=\"auto\">Notas de coraz\u00f3n:<\/span><\/strong><span dir=\"auto\">\u00a0clavel, rosa centifolia, Helvetolide\u00ae (acordes atalcados).<\/span><br \/>\n<strong><span dir=\"auto\">Notas de fondo:<\/span><\/strong><span dir=\"auto\">\u00a0s\u00e1ndalo, cedro de Virginia, vainilla. Nathalie<\/span><\/p>\n","protected":false},"excerpt":{"rendered":"<p>ADORABILE Es un Eau de Parfum \u00fanico inspirado en bufandas y chales, s\u00edmbolos de ligereza y elegancia refinada. Es una<\/p>\n","protected":false},"featured_media":94839,"comment_status":"open","ping_status":"closed","template":"","meta":{"nf_dc_page":""},"product_brand":[2138],"product_cat":[84],"product_tag":[2139],"class_list":{"0":"post-94838","1":"product","2":"type-product","3":"status-publish","4":"has-post-thumbnail","6":"product_brand-furla","7":"product_cat-perfumeria","8":"product_tag-2139","10":"first","11":"instock","12":"shipping-taxable","13":"purchasable","14":"product-type-simple"},"_links":{"self":[{"href":"https:\/\/brandss.com.py\/index\/wp-json\/wp\/v2\/product\/94838","targetHints":{"allow":["GET"]}}],"collection":[{"href":"https:\/\/brandss.com.py\/index\/wp-json\/wp\/v2\/product"}],"about":[{"href":"https:\/\/brandss.com.py\/index\/wp-json\/wp\/v2\/types\/product"}],"replies":[{"embeddable":true,"href":"https:\/\/brandss.com.py\/index\/wp-json\/wp\/v2\/comments?post=94838"}],"version-history":[{"count":1,"href":"https:\/\/brandss.com.py\/index\/wp-json\/wp\/v2\/product\/94838\/revisions"}],"predecessor-version":[{"id":94847,"href":"https:\/\/brandss.com.py\/index\/wp-json\/wp\/v2\/product\/94838\/revisions\/94847"}],"wp:featuredmedia":[{"embeddable":true,"href":"https:\/\/brandss.com.py\/index\/wp-json\/wp\/v2\/media\/94839"}],"wp:attachment":[{"href":"https:\/\/brandss.com.py\/index\/wp-json\/wp\/v2\/media?parent=94838"}],"wp:term":[{"taxonomy":"product_brand","embeddable":true,"href":"https:\/\/brandss.com.py\/index\/wp-json\/wp\/v2\/product_brand?post=94838"},{"taxonomy":"product_cat","embeddable":true,"href":"https:\/\/brandss.com.py\/index\/wp-json\/wp\/v2\/product_cat?post=94838"},{"taxonomy":"product_tag","embeddable":true,"href":"https:\/\/brandss.com.py\/index\/wp-json\/wp\/v2\/product_tag?post=94838"}],"curies":[{"name":"wp","href":"https:\/\/api.w.org\/{rel}","templated":true}]}}