{"id":94848,"date":"2025-12-13T10:50:19","date_gmt":"2025-12-13T10:50:19","guid":{"rendered":"https:\/\/brandss.com.py\/index\/?post_type=product&#038;p=94848"},"modified":"2025-12-13T10:51:10","modified_gmt":"2025-12-13T10:51:10","slug":"perfume-unisex-montana-collection-edition-3-edp-100ml","status":"publish","type":"product","link":"https:\/\/brandss.com.py\/index\/producto\/perfume-unisex-montana-collection-edition-3-edp-100ml\/","title":{"rendered":"PERFUME UNISEX MONTANA COLLECTION EDITION 3 EDP 100ML"},"content":{"rendered":"<p><img loading=\"lazy\" decoding=\"async\" class=\"\" src=\"https:\/\/www.e-aromata.com\/images\/C\/logo-montana.jpg\" alt=\"Montana Perfume Logo Just Me By Montana Oz 50 Ml Spy Edt Perfume For Woman  Femme\" width=\"161\" height=\"81\" \/><\/p>\n<h1>COLLECTION EDITION 3<\/h1>\n<h5><em>Un perfume seductor con acordes luminosos y misteriosos.<\/em><\/h5>\n<p>Es un refinado perfume unisex, creado para la elegancia del d\u00eda a d\u00eda. Refleja la maestr\u00eda de la mezcla y la calidad confiable de un reconocido fabricante de fragancias.<img loading=\"lazy\" decoding=\"async\" class=\"alignleft\" src=\"https:\/\/www.static-src.com\/wcsstore\/Indraprastha\/images\/catalog\/full\/catalog-image\/111\/MTA-177768561\/montana_montana-collection-3-edp-100-ml-parfum-wanita_full03.jpg\" width=\"428\" height=\"428\" \/><\/p>\n<p>Su aroma equilibra la dulzura floral con una intensa intensidad afrutada, ideal para el d\u00eda y la noche.<\/p>\n<p>Disfruta de un rendimiento consistente y una fragancia cuidadosamente elaborada en la que puedes confiar.<\/p>\n<p>&nbsp;<\/p>\n<h3>Notas Olfativas<\/h3>\n<p>&nbsp;<\/p>\n<p><span dir=\"auto\">Collection Edition 3 es una fragancia unisex cautivadora que combina bergamota brillante y grosella negra jugosa con un delicado coraz\u00f3n de jazm\u00edn y una cremosa calidez de vainilla y coco para una fragancia vers\u00e1til y duradera. <\/span><\/p>\n<p><span dir=\"auto\">Esta fragancia seduce con brillantes notas.<\/span><\/p>\n<p><span dir=\"auto\"><strong>Notas de salida:<\/strong> cassis, jazm\u00edn.<\/span><\/p>\n<p><span dir=\"auto\"><strong>Notas de coraz\u00f3n:<\/strong> rosa, narciso.<\/span><\/p>\n<p><span dir=\"auto\"><strong>Notas de fondo:<\/strong> pachul\u00ed, ol\u00edbano, oud, benjoin.<\/span><\/p>\n","protected":false},"excerpt":{"rendered":"<p>COLLECTION EDITION 3 Un perfume seductor con acordes luminosos y misteriosos. Es un refinado perfume unisex, creado para la elegancia<\/p>\n","protected":false},"featured_media":94849,"comment_status":"open","ping_status":"closed","template":"","meta":{"nf_dc_page":""},"product_brand":[2140],"product_cat":[84],"product_tag":[2141],"class_list":{"0":"post-94848","1":"product","2":"type-product","3":"status-publish","4":"has-post-thumbnail","6":"product_brand-montana","7":"product_cat-perfumeria","8":"product_tag-2141","10":"first","11":"instock","12":"shipping-taxable","13":"purchasable","14":"product-type-simple"},"_links":{"self":[{"href":"https:\/\/brandss.com.py\/index\/wp-json\/wp\/v2\/product\/94848","targetHints":{"allow":["GET"]}}],"collection":[{"href":"https:\/\/brandss.com.py\/index\/wp-json\/wp\/v2\/product"}],"about":[{"href":"https:\/\/brandss.com.py\/index\/wp-json\/wp\/v2\/types\/product"}],"replies":[{"embeddable":true,"href":"https:\/\/brandss.com.py\/index\/wp-json\/wp\/v2\/comments?post=94848"}],"version-history":[{"count":1,"href":"https:\/\/brandss.com.py\/index\/wp-json\/wp\/v2\/product\/94848\/revisions"}],"predecessor-version":[{"id":94854,"href":"https:\/\/brandss.com.py\/index\/wp-json\/wp\/v2\/product\/94848\/revisions\/94854"}],"wp:featuredmedia":[{"embeddable":true,"href":"https:\/\/brandss.com.py\/index\/wp-json\/wp\/v2\/media\/94849"}],"wp:attachment":[{"href":"https:\/\/brandss.com.py\/index\/wp-json\/wp\/v2\/media?parent=94848"}],"wp:term":[{"taxonomy":"product_brand","embeddable":true,"href":"https:\/\/brandss.com.py\/index\/wp-json\/wp\/v2\/product_brand?post=94848"},{"taxonomy":"product_cat","embeddable":true,"href":"https:\/\/brandss.com.py\/index\/wp-json\/wp\/v2\/product_cat?post=94848"},{"taxonomy":"product_tag","embeddable":true,"href":"https:\/\/brandss.com.py\/index\/wp-json\/wp\/v2\/product_tag?post=94848"}],"curies":[{"name":"wp","href":"https:\/\/api.w.org\/{rel}","templated":true}]}}