{"id":94864,"date":"2025-12-13T13:33:37","date_gmt":"2025-12-13T13:33:37","guid":{"rendered":"https:\/\/brandss.com.py\/index\/?post_type=product&#038;p=94864"},"modified":"2025-12-13T13:34:17","modified_gmt":"2025-12-13T13:34:17","slug":"perfume-masculino-mauboussin-pour-lui-in-red-edp-100ml","status":"publish","type":"product","link":"https:\/\/brandss.com.py\/index\/producto\/perfume-masculino-mauboussin-pour-lui-in-red-edp-100ml\/","title":{"rendered":"PERFUME MASCULINO MAUBOUSSIN POUR LUI IN RED EDP 100ML"},"content":{"rendered":"<p><img loading=\"lazy\" decoding=\"async\" class=\"\" src=\"https:\/\/wp.logos-download.com\/wp-content\/uploads\/2016\/04\/Mauboussin_logo_logotype_wordmark_symbol.png?dl\" alt=\"Logos Download | Mauboussin\" width=\"148\" height=\"61\" \/><\/p>\n<h1>POUR LUI IN RED<\/h1>\n<h5><em>Un perfume \u00fanico<\/em><\/h5>\n<p>Un Eau de Parfum exclusivo que rompe con lo convencional, pero con elegancia. A medio camino entre lo vintage y lo vanguardista, evoca al hombre ideal&#8230; el James Bond moderno: la dualidad perfecta entre caballero y chico malo. Aventurero, seductor, atrevido, intr\u00e9pido y, a la vez, delicado. Su sello distintivo: un toque de misterio que despierta envidia y te hace &#8220;derretirse&#8221; de celos.<img loading=\"lazy\" decoding=\"async\" class=\"alignleft\" src=\"https:\/\/static.wixstatic.com\/media\/8832f2_d0a40d7f0d0e46aabecd1125477fe49f~mv2.jpg\/v1\/fill\/w_625,h_940,al_c,q_85,usm_0.66_1.00_0.01,enc_avif,quality_auto\/8832f2_d0a40d7f0d0e46aabecd1125477fe49f~mv2.jpg\" width=\"522\" height=\"785\" \/><\/p>\n<h5><em>Un frasco joya<\/em><\/h5>\n<p>Mauboussin reinterpreta su atemporal frasco &#8220;Pour Lui&#8221; adorn\u00e1ndolo con rojo escarlata, con toques dorados y negro intenso. Un frasco atrevido y picante que atrae y despierta la curiosidad.<\/p>\n<p>Pour Lui In Red es apreciada por su elegancia y su car\u00e1cter distintivo, lo que la hace adecuada para ocasiones especiales y situaciones en las que se busca destacar con sofisticaci\u00f3n y confianza. Refleja el estilo refinado y distintivo de la marca Mauboussin y es apreciada por hombres que buscan una fragancia masculina con una mezcla de notas especiadas, amaderadas y orientales.<\/p>\n<p>&nbsp;<\/p>\n<h3>Notas Olfativas<\/h3>\n<p>&nbsp;<\/p>\n<p>Pour Lui un aroma atemporal, una fragancia potente e intensa que se abre con notas explosivas de jengibre y bayas de enebro. Su coraz\u00f3n, compuesto por lavanda y vetiver, da paso gradualmente a un d\u00fao de s\u00e1ndalo y cuero para una estela ultramasculina.<\/p>\n<p><strong>Notas de salida:<\/strong> bergamota, jengibre, bayas de enebro.<\/p>\n<p><strong>Notas de coraz\u00f3n:<\/strong> lavanda, geranio, vetiver.<\/p>\n<p><strong>Notas de fondo:<\/strong> s\u00e1ndalo, acorde de cuero, cedro.<\/p>\n","protected":false},"excerpt":{"rendered":"<p>POUR LUI IN RED Un perfume \u00fanico Un Eau de Parfum exclusivo que rompe con lo convencional, pero con elegancia.<\/p>\n","protected":false},"featured_media":94865,"comment_status":"open","ping_status":"closed","template":"","meta":{"nf_dc_page":""},"product_brand":[2117],"product_cat":[84],"product_tag":[2143],"class_list":{"0":"post-94864","1":"product","2":"type-product","3":"status-publish","4":"has-post-thumbnail","6":"product_brand-mauboussin","7":"product_cat-perfumeria","8":"product_tag-2143","10":"first","11":"instock","12":"shipping-taxable","13":"purchasable","14":"product-type-simple"},"_links":{"self":[{"href":"https:\/\/brandss.com.py\/index\/wp-json\/wp\/v2\/product\/94864","targetHints":{"allow":["GET"]}}],"collection":[{"href":"https:\/\/brandss.com.py\/index\/wp-json\/wp\/v2\/product"}],"about":[{"href":"https:\/\/brandss.com.py\/index\/wp-json\/wp\/v2\/types\/product"}],"replies":[{"embeddable":true,"href":"https:\/\/brandss.com.py\/index\/wp-json\/wp\/v2\/comments?post=94864"}],"version-history":[{"count":1,"href":"https:\/\/brandss.com.py\/index\/wp-json\/wp\/v2\/product\/94864\/revisions"}],"predecessor-version":[{"id":94873,"href":"https:\/\/brandss.com.py\/index\/wp-json\/wp\/v2\/product\/94864\/revisions\/94873"}],"wp:featuredmedia":[{"embeddable":true,"href":"https:\/\/brandss.com.py\/index\/wp-json\/wp\/v2\/media\/94865"}],"wp:attachment":[{"href":"https:\/\/brandss.com.py\/index\/wp-json\/wp\/v2\/media?parent=94864"}],"wp:term":[{"taxonomy":"product_brand","embeddable":true,"href":"https:\/\/brandss.com.py\/index\/wp-json\/wp\/v2\/product_brand?post=94864"},{"taxonomy":"product_cat","embeddable":true,"href":"https:\/\/brandss.com.py\/index\/wp-json\/wp\/v2\/product_cat?post=94864"},{"taxonomy":"product_tag","embeddable":true,"href":"https:\/\/brandss.com.py\/index\/wp-json\/wp\/v2\/product_tag?post=94864"}],"curies":[{"name":"wp","href":"https:\/\/api.w.org\/{rel}","templated":true}]}}