{"id":94874,"date":"2025-12-13T14:16:27","date_gmt":"2025-12-13T14:16:27","guid":{"rendered":"https:\/\/brandss.com.py\/index\/?post_type=product&#038;p=94874"},"modified":"2025-12-13T14:19:24","modified_gmt":"2025-12-13T14:19:24","slug":"perfume-femenino-mauboussin-star-edp-90ml","status":"publish","type":"product","link":"https:\/\/brandss.com.py\/index\/producto\/perfume-femenino-mauboussin-star-edp-90ml\/","title":{"rendered":"PERFUME FEMENINO MAUBOUSSIN STAR EDP 90ML"},"content":{"rendered":"<p><img loading=\"lazy\" decoding=\"async\" class=\"\" src=\"https:\/\/wp.logos-download.com\/wp-content\/uploads\/2016\/04\/Mauboussin_logo_logotype_wordmark_symbol.png?dl\" alt=\"Logos Download | Mauboussin\" width=\"107\" height=\"44\" \/><\/p>\n<h1>STAR<\/h1>\n<h5><em>\u00a1Nace una estrella!<\/em><\/h5>\n<p><span class=\"a-list-item\">Un perfume cautivador, una verdadera joya olfativa, esta fragancia revela la estrella dentro de cada mujer, estimulando a cualquiera que se cruce en su camino. Mauboussin Star es un eau de parfum sensual con un aroma envolvente y ultra adictivo. Audaz, potente y voluptuosa gracias a sus notas amaderadas y \u00e1mbar, <\/span><\/p>\n<p><span class=\"a-list-item\">\u00a1esta fragancia no pasar\u00e1 desapercibida y dejar\u00e1 una marca indeleble en su tiempo!<\/span><\/p>\n<h5><em><span class=\"a-list-item\">Una botella de joyas<img loading=\"lazy\" decoding=\"async\" class=\"alignleft\" src=\"https:\/\/www.my-origines.com\/dw\/image\/v2\/BJRD_PRD\/on\/demandware.static\/-\/Sites-base-master\/default\/dwfd945ae7\/images\/59913842_S3.jpg?sw=1500&amp;sh=1500&amp;sm=fit\" width=\"577\" height=\"577\" \/><\/span><\/em><\/h5>\n<p><span class=\"a-list-item\">Adornada con una tapa dorada, esta botella de cristal azul real a\u00f1ade un elegante matiz al color dorado de esta fragancia \u00fanica.<\/span><\/p>\n<p>&nbsp;<\/p>\n<h3>Notas Olfativas<\/h3>\n<p>&nbsp;<\/p>\n<p>Esta fragancia femenina combina armoniosamente notas de higo crujiente y lechoso en la salida, con un coraz\u00f3n delicadamente empolvado de iris, realzado por notas golosas de pralin\u00e9, vainilla y haba tonka.<\/p>\n<p>El conjunto se realza con el toque elegante y precioso de la madera de cedro.<\/p>\n<p>Esta nueva fragancia de Mauboussin no s\u00f3lo es una cautivadora parfum para la mujer, sino tambi\u00e9n un objeto de dise\u00f1o por derecho propio que deleitar\u00e1 los sentidos y la vista.<\/p>\n<p>&nbsp;<\/p>\n<p class=\"mo-heading-text\"><b>Notas de salida:<\/b> pi\u00f1a, higo.<\/p>\n<p class=\"mo-heading-text\"><b>Notas de coraz\u00f3n:<\/b> iris, leche de coco.<\/p>\n<p class=\"mo-heading-text\"><b>Notas de fondo:<\/b> vainilla, haba tonka, heliotropo, \u00e1mbar blanco, cedro de virginia, pralin\u00e9.<\/p>\n","protected":false},"excerpt":{"rendered":"<p>STAR \u00a1Nace una estrella! Un perfume cautivador, una verdadera joya olfativa, esta fragancia revela la estrella dentro de cada mujer,<\/p>\n","protected":false},"featured_media":94875,"comment_status":"open","ping_status":"closed","template":"","meta":{"nf_dc_page":""},"product_brand":[2117],"product_cat":[84],"product_tag":[2144],"class_list":{"0":"post-94874","1":"product","2":"type-product","3":"status-publish","4":"has-post-thumbnail","6":"product_brand-mauboussin","7":"product_cat-perfumeria","8":"product_tag-2144","10":"first","11":"instock","12":"shipping-taxable","13":"purchasable","14":"product-type-simple"},"_links":{"self":[{"href":"https:\/\/brandss.com.py\/index\/wp-json\/wp\/v2\/product\/94874","targetHints":{"allow":["GET"]}}],"collection":[{"href":"https:\/\/brandss.com.py\/index\/wp-json\/wp\/v2\/product"}],"about":[{"href":"https:\/\/brandss.com.py\/index\/wp-json\/wp\/v2\/types\/product"}],"replies":[{"embeddable":true,"href":"https:\/\/brandss.com.py\/index\/wp-json\/wp\/v2\/comments?post=94874"}],"version-history":[{"count":1,"href":"https:\/\/brandss.com.py\/index\/wp-json\/wp\/v2\/product\/94874\/revisions"}],"predecessor-version":[{"id":94881,"href":"https:\/\/brandss.com.py\/index\/wp-json\/wp\/v2\/product\/94874\/revisions\/94881"}],"wp:featuredmedia":[{"embeddable":true,"href":"https:\/\/brandss.com.py\/index\/wp-json\/wp\/v2\/media\/94875"}],"wp:attachment":[{"href":"https:\/\/brandss.com.py\/index\/wp-json\/wp\/v2\/media?parent=94874"}],"wp:term":[{"taxonomy":"product_brand","embeddable":true,"href":"https:\/\/brandss.com.py\/index\/wp-json\/wp\/v2\/product_brand?post=94874"},{"taxonomy":"product_cat","embeddable":true,"href":"https:\/\/brandss.com.py\/index\/wp-json\/wp\/v2\/product_cat?post=94874"},{"taxonomy":"product_tag","embeddable":true,"href":"https:\/\/brandss.com.py\/index\/wp-json\/wp\/v2\/product_tag?post=94874"}],"curies":[{"name":"wp","href":"https:\/\/api.w.org\/{rel}","templated":true}]}}