{"id":94882,"date":"2025-12-13T14:48:45","date_gmt":"2025-12-13T14:48:45","guid":{"rendered":"https:\/\/brandss.com.py\/index\/?post_type=product&#038;p=94882"},"modified":"2026-03-20T10:54:16","modified_gmt":"2026-03-20T10:54:16","slug":"perfume-masculino-mauboussin-star-for-men-edp-90ml","status":"publish","type":"product","link":"https:\/\/brandss.com.py\/index\/producto\/perfume-masculino-mauboussin-star-for-men-edp-90ml\/","title":{"rendered":"PERFUME MASCULINO MAUBOUSSIN STAR FOR MEN EDP 90ML"},"content":{"rendered":"<p><img loading=\"lazy\" decoding=\"async\" class=\"\" src=\"https:\/\/wp.logos-download.com\/wp-content\/uploads\/2016\/04\/Mauboussin_logo_logotype_wordmark_symbol.png?dl\" alt=\"Logos Download | Mauboussin\" width=\"163\" height=\"67\" \/><\/p>\n<h1>STAR FOR MEN<\/h1>\n<p><span class=\"a-list-item\">Un perfume potente, una aut\u00e9ntica joya olfativa, esta fragancia ofrece una sutil mezcla de notas intensas y masculinas creando un aura magn\u00e9tica embriagadora. Su poder enfatiza el car\u00e1cter de un hombre con carisma informal y seguro asertivo, y revela la estrella que duerme en \u00e9l: la estrella de un escenario donde cada nota olfativa revela un rasgo de su misteriosa personalidad.<img loading=\"lazy\" decoding=\"async\" class=\"alignleft\" src=\"https:\/\/m.media-amazon.com\/images\/I\/619uJQW2LkL._AC_SL1500_.jpg\" width=\"599\" height=\"599\" \/><\/span><\/p>\n<h5><em>Un frasco de joyas<\/em><\/h5>\n<p>Con su imponente presencia, su majestuoso tama\u00f1o y su majestuosidad, realzada por su tono negro, esta botella es una joya que simboliza poder y refinamiento. El juego de luz en la botella se realza sutilmente gracias a la ingeniosa combinaci\u00f3n de superficies mate y luminosas. La uni\u00f3n perfecta de fuerza y \u200b\u200belegancia, representada directamente por el uso del claroscuro. La tapa es una obra de arte en s\u00ed misma: compuesta de un zamak luminoso en un tono gris met\u00e1lico oscuro, presenta tres aberturas distintas que le aportan un toque de modernidad a su aspecto m\u00e1s tradicional, adornada con el logotipo de Mauboussin.<\/p>\n<p><span dir=\"auto\">\u00a1STAR FOR MEN es una fragancia sensual y cautivadora!<\/span><\/p>\n<h3>Notas Olfativas<\/h3>\n<p>&nbsp;<\/p>\n<p><span class=\"a-list-item\">Esta fragancia se abre con preciosas especias de pimienta negra y cardamomo de Guatemala. Su coraz\u00f3n de azafr\u00e1n e incienso apoya la frescura picante de las notas principales, e introduce el calor amarbolado \u00e1mbar de las notas de fondo. El cedro de Virginia, el pachul\u00ed de Indonesia y el iris facetado en polvo aportan contrastes y poder a esta sensual agua de fragancia. Finalmente, las adictivas notas de vainilla de Madagascar se enriquecen con la estela envolvente del \u00e1mbar blanco en una cautivadora sinfon\u00eda arom\u00e1tica.<\/span><\/p>\n<p><span class=\"a-list-item\"><strong>Notas de salida:<\/strong> pimienta negra, esencia de cardamomo. <\/span><\/p>\n<p><span class=\"a-list-item\"><strong>Notas de coraz\u00f3n:<\/strong> incienso, azafr\u00e1n. <\/span><\/p>\n<p><span class=\"a-list-item\"><strong>Notas de fondo:<\/strong> iris, cedro, pachul\u00ed, papiro, vainilla, haba tonka, \u00e1mbar blanco.<\/span><\/p>\n","protected":false},"excerpt":{"rendered":"<p>STAR FOR MEN Un perfume potente, una aut\u00e9ntica joya olfativa, esta fragancia ofrece una sutil mezcla de notas intensas y<\/p>\n","protected":false},"featured_media":94883,"comment_status":"open","ping_status":"closed","template":"","meta":{"nf_dc_page":""},"product_brand":[2117],"product_cat":[84],"product_tag":[2145],"class_list":{"0":"post-94882","1":"product","2":"type-product","3":"status-publish","4":"has-post-thumbnail","6":"product_brand-mauboussin","7":"product_cat-perfumeria","8":"product_tag-2145","10":"first","11":"instock","12":"shipping-taxable","13":"purchasable","14":"product-type-simple"},"_links":{"self":[{"href":"https:\/\/brandss.com.py\/index\/wp-json\/wp\/v2\/product\/94882","targetHints":{"allow":["GET"]}}],"collection":[{"href":"https:\/\/brandss.com.py\/index\/wp-json\/wp\/v2\/product"}],"about":[{"href":"https:\/\/brandss.com.py\/index\/wp-json\/wp\/v2\/types\/product"}],"replies":[{"embeddable":true,"href":"https:\/\/brandss.com.py\/index\/wp-json\/wp\/v2\/comments?post=94882"}],"version-history":[{"count":1,"href":"https:\/\/brandss.com.py\/index\/wp-json\/wp\/v2\/product\/94882\/revisions"}],"predecessor-version":[{"id":94889,"href":"https:\/\/brandss.com.py\/index\/wp-json\/wp\/v2\/product\/94882\/revisions\/94889"}],"wp:featuredmedia":[{"embeddable":true,"href":"https:\/\/brandss.com.py\/index\/wp-json\/wp\/v2\/media\/94883"}],"wp:attachment":[{"href":"https:\/\/brandss.com.py\/index\/wp-json\/wp\/v2\/media?parent=94882"}],"wp:term":[{"taxonomy":"product_brand","embeddable":true,"href":"https:\/\/brandss.com.py\/index\/wp-json\/wp\/v2\/product_brand?post=94882"},{"taxonomy":"product_cat","embeddable":true,"href":"https:\/\/brandss.com.py\/index\/wp-json\/wp\/v2\/product_cat?post=94882"},{"taxonomy":"product_tag","embeddable":true,"href":"https:\/\/brandss.com.py\/index\/wp-json\/wp\/v2\/product_tag?post=94882"}],"curies":[{"name":"wp","href":"https:\/\/api.w.org\/{rel}","templated":true}]}}