{"id":94890,"date":"2025-12-13T16:55:33","date_gmt":"2025-12-13T16:55:33","guid":{"rendered":"https:\/\/brandss.com.py\/index\/?post_type=product&#038;p=94890"},"modified":"2026-03-12T18:32:52","modified_gmt":"2026-03-12T18:32:52","slug":"perfume-femenino-mauboussin-in-red-edp-100ml","status":"publish","type":"product","link":"https:\/\/brandss.com.py\/index\/producto\/perfume-femenino-mauboussin-in-red-edp-100ml\/","title":{"rendered":"PERFUME FEMENINO MAUBOUSSIN IN RED EDP 100ML"},"content":{"rendered":"<p><img loading=\"lazy\" decoding=\"async\" class=\"\" src=\"https:\/\/wp.logos-download.com\/wp-content\/uploads\/2016\/04\/Mauboussin_logo_logotype_wordmark_symbol.png?dl\" alt=\"Logos Download | Mauboussin\" width=\"90\" height=\"37\" \/><\/p>\n<h1>IN RED<\/h1>\n<h5><em><span class=\"a-list-item\"><span dir=\"auto\">Un perfume cuativador <\/span><\/span><\/em><\/h5>\n<p><span class=\"a-list-item\"><span dir=\"auto\">Deleite, refinamiento y feminidad son las palabras clave de esta nueva y audaz fragancia, cuya estela \u00fanica y estimulante provoca una adicci\u00f3n inmediata.<img loading=\"lazy\" decoding=\"async\" class=\"alignleft\" src=\"https:\/\/m.media-amazon.com\/images\/I\/71oeTwIBPwL._AC_SL1500_.jpg\" width=\"601\" height=\"601\" \/><\/span><\/span><\/p>\n<h5><span class=\"a-list-item\"><span dir=\"auto\">Un frasco joya<\/span><\/span><\/h5>\n<p><span class=\"a-list-item\"><span dir=\"auto\">Para celebrar el 20\u00ba aniversario de su primera creaci\u00f3n, Mauboussin rinde homenaje a su primer perfume Original Femme revisando su emblem\u00e1tico frasco en forma de diamante, adornado con rojo, dorado y negro para la ocasi\u00f3n: una trinidad de colores que inspira sensualidad, pasi\u00f3n y lujo.<\/span><\/span><\/p>\n<p>&nbsp;<\/p>\n<h3>Notas Olfativas<\/h3>\n<p>&nbsp;<\/p>\n<p><span dir=\"auto\">Una\u00a0<\/span><span dir=\"auto\">deslumbrante creaci\u00f3n po\u00e9tica<\/span><span dir=\"auto\">\u00a0que revela su\u00a0<\/span><span dir=\"auto\">adictiva firma frutal<\/span><span dir=\"auto\">\u00a0desde las primeras notas, combinando la dulzura de\u00a0<\/span><span dir=\"auto\">la manzana roja<\/span><span dir=\"auto\">\u00a0con una bergamota luminosa y toques chispeantes de grosella negra.<\/span><\/p>\n<p><span dir=\"auto\">Su coraz\u00f3n se desarrolla alrededor de tonos florales profundos gracias a la intensidad de la\u00a0<\/span><span dir=\"auto\">rosa b\u00falgara y la peon\u00eda roja<\/span><span dir=\"auto\">.<\/span><\/p>\n<p><span dir=\"auto\">Las notas de fondo desprenden una\u00a0<\/span><span dir=\"auto\">huella oriental amaderada<\/span><span dir=\"auto\">\u00a0gracias a la refinada estela de ambroxan, pralin\u00e9 y\u00a0<\/span><span dir=\"auto\">madera lechosa<\/span><span dir=\"auto\">. Deleite, refinamiento y feminidad se encuentran presentes en esta fragancia de Mauboussin Parfums.<\/span><\/p>\n<p><strong><span dir=\"auto\">Nota de salida:<\/span><\/strong><span dir=\"auto\"> manzana roja, bergamota, grosella negra.<\/span><br \/>\n<strong><span dir=\"auto\">Notas de coraz\u00f3n:<\/span><\/strong><span dir=\"auto\"> peon\u00eda roja, rosa b\u00falgara.<\/span><br \/>\n<strong><span dir=\"auto\">Notas de fondo:<\/span><\/strong><span dir=\"auto\"> ambroxan, pralin\u00e9,\u00a0 maderas lechosas.<\/span><\/p>\n","protected":false},"excerpt":{"rendered":"<p>IN RED Un perfume cuativador Deleite, refinamiento y feminidad son las palabras clave de esta nueva y audaz fragancia, cuya<\/p>\n","protected":false},"featured_media":94891,"comment_status":"open","ping_status":"closed","template":"","meta":{"nf_dc_page":""},"product_brand":[2117],"product_cat":[84],"product_tag":[2146],"class_list":{"0":"post-94890","1":"product","2":"type-product","3":"status-publish","4":"has-post-thumbnail","6":"product_brand-mauboussin","7":"product_cat-perfumeria","8":"product_tag-2146","10":"first","11":"outofstock","12":"shipping-taxable","13":"purchasable","14":"product-type-simple"},"_links":{"self":[{"href":"https:\/\/brandss.com.py\/index\/wp-json\/wp\/v2\/product\/94890","targetHints":{"allow":["GET"]}}],"collection":[{"href":"https:\/\/brandss.com.py\/index\/wp-json\/wp\/v2\/product"}],"about":[{"href":"https:\/\/brandss.com.py\/index\/wp-json\/wp\/v2\/types\/product"}],"replies":[{"embeddable":true,"href":"https:\/\/brandss.com.py\/index\/wp-json\/wp\/v2\/comments?post=94890"}],"version-history":[{"count":1,"href":"https:\/\/brandss.com.py\/index\/wp-json\/wp\/v2\/product\/94890\/revisions"}],"predecessor-version":[{"id":94899,"href":"https:\/\/brandss.com.py\/index\/wp-json\/wp\/v2\/product\/94890\/revisions\/94899"}],"wp:featuredmedia":[{"embeddable":true,"href":"https:\/\/brandss.com.py\/index\/wp-json\/wp\/v2\/media\/94891"}],"wp:attachment":[{"href":"https:\/\/brandss.com.py\/index\/wp-json\/wp\/v2\/media?parent=94890"}],"wp:term":[{"taxonomy":"product_brand","embeddable":true,"href":"https:\/\/brandss.com.py\/index\/wp-json\/wp\/v2\/product_brand?post=94890"},{"taxonomy":"product_cat","embeddable":true,"href":"https:\/\/brandss.com.py\/index\/wp-json\/wp\/v2\/product_cat?post=94890"},{"taxonomy":"product_tag","embeddable":true,"href":"https:\/\/brandss.com.py\/index\/wp-json\/wp\/v2\/product_tag?post=94890"}],"curies":[{"name":"wp","href":"https:\/\/api.w.org\/{rel}","templated":true}]}}