{"id":94900,"date":"2025-12-13T17:49:34","date_gmt":"2025-12-13T17:49:34","guid":{"rendered":"https:\/\/brandss.com.py\/index\/?post_type=product&#038;p=94900"},"modified":"2026-03-12T18:32:52","modified_gmt":"2026-03-12T18:32:52","slug":"perfume-femenino-mauboussin-mademoiselle-twist-edp-90ml","status":"publish","type":"product","link":"https:\/\/brandss.com.py\/index\/producto\/perfume-femenino-mauboussin-mademoiselle-twist-edp-90ml\/","title":{"rendered":"PERFUME FEMENINO MAUBOUSSIN MADEMOISELLE TWIST EDP 90ML"},"content":{"rendered":"<p><img loading=\"lazy\" decoding=\"async\" class=\"\" src=\"https:\/\/wp.logos-download.com\/wp-content\/uploads\/2016\/04\/Mauboussin_logo_logotype_wordmark_symbol.png?dl\" alt=\"Logos Download | Mauboussin\" width=\"153\" height=\"63\" \/><\/p>\n<h1>MADEMOISELLE TWIST<\/h1>\n<h5><em><span class=\"a-list-item\">Un perfume \u00fanico<\/span><\/em><\/h5>\n<p><span class=\"a-list-item\">Su frescura y franqueza son inspiradores, su encanto es brillante e hipnotizante&#8230; \u00a1Mademoiselle Twist es un Eau De Parfum adictivo y magn\u00e9tico! Un verdadero concentrado de alegr\u00eda y buen humor, esta fragancia es brillante y gourmand.<img loading=\"lazy\" decoding=\"async\" class=\"alignleft\" src=\"https:\/\/m.media-amazon.com\/images\/I\/91LkK0SFL6L._SL1500_.jpg\" width=\"536\" height=\"536\" \/><\/span><\/p>\n<p>Mademoiselle Twist es una fragancia cautivadora que encarna la exuberancia de la vida. Inspirada en la gracia de una pirueta, esta encantadora Eau de Parfum te invita a girar, bailar y cantar con alegr\u00eda.<\/p>\n<p>Experimenta el encanto magn\u00e9tico de Mademoiselle Twist, una celebraci\u00f3n del esp\u00edritu femenino. Deja que su naturaleza brillante y adictiva despierte tu danza interior.<\/p>\n<h5><em><span class=\"a-list-item\">Una botella de joyas<\/span><\/em><\/h5>\n<p><span class=\"a-list-item\">Una preciosa botella giratoria &#8211; impresionante y facetada, sublima el famoso y resueltamente gr\u00e1fico, anillo de Mauboussin &#8220;Salom\u00e9&#8221;.<\/span><\/p>\n<p>&nbsp;<\/p>\n<h3>Notas Olfativas<\/h3>\n<p>&nbsp;<\/p>\n<p data-end=\"455\" data-start=\"212\"><span dir=\"auto\"><span class=\"\" dir=\"auto\">Mademoiselle Twist<\/span><\/span><span dir=\"auto\"><span class=\"\" dir=\"auto\">\u00a0es un eau de parfum chispeante y alegre que celebra la feminidad con audacia y frescura. Esta fragancia cautiva desde las primeras notas gracias a su perfecto equilibrio de notas frutales, florales y golosas.<\/span><\/span><\/p>\n<p data-end=\"851\" data-start=\"457\"><span dir=\"auto\"><span class=\"\" dir=\"auto\">La salida brilla con una vibrante mezcla de mandarina, grosella negra y un toque de pimienta timut picante, que revitaliza los sentidos. El coraz\u00f3n floral y gourmand combina el radiante jazm\u00edn con el crujiente pralin\u00e9, dando como resultado una fragancia refinada y deliciosamente dulce. Finalmente, la base de vainilla almizclada aporta profundidad, sensualidad y un aroma duradero que deja una huella imborrable.<\/span><\/span><\/p>\n<p data-end=\"1421\" data-start=\"1372\"><span dir=\"auto\"><span class=\"VIpgJd-yAWNEb-VIpgJd-fmcmS-sn54Q\" dir=\"auto\"><strong>Notas de salida:<\/strong> mandarina, grosella negra, pimienta timut.<\/span><\/span><\/p>\n<p data-end=\"1457\" data-start=\"1423\"><span dir=\"auto\"><strong>Notas de coraz\u00f3n:<\/strong> jazm\u00edn, pralin\u00e9.<\/span><\/p>\n<p data-end=\"1491\" data-start=\"1459\"><span dir=\"auto\"><strong>Notas de fondo:<\/strong> vainilla, almizcle.<\/span><\/p>\n","protected":false},"excerpt":{"rendered":"<p>MADEMOISELLE TWIST Un perfume \u00fanico Su frescura y franqueza son inspiradores, su encanto es brillante e hipnotizante&#8230; \u00a1Mademoiselle Twist es<\/p>\n","protected":false},"featured_media":94901,"comment_status":"open","ping_status":"closed","template":"","meta":{"nf_dc_page":""},"product_brand":[2117],"product_cat":[84],"product_tag":[2147],"class_list":{"0":"post-94900","1":"product","2":"type-product","3":"status-publish","4":"has-post-thumbnail","6":"product_brand-mauboussin","7":"product_cat-perfumeria","8":"product_tag-2147","10":"first","11":"outofstock","12":"shipping-taxable","13":"purchasable","14":"product-type-simple"},"_links":{"self":[{"href":"https:\/\/brandss.com.py\/index\/wp-json\/wp\/v2\/product\/94900","targetHints":{"allow":["GET"]}}],"collection":[{"href":"https:\/\/brandss.com.py\/index\/wp-json\/wp\/v2\/product"}],"about":[{"href":"https:\/\/brandss.com.py\/index\/wp-json\/wp\/v2\/types\/product"}],"replies":[{"embeddable":true,"href":"https:\/\/brandss.com.py\/index\/wp-json\/wp\/v2\/comments?post=94900"}],"version-history":[{"count":1,"href":"https:\/\/brandss.com.py\/index\/wp-json\/wp\/v2\/product\/94900\/revisions"}],"predecessor-version":[{"id":94908,"href":"https:\/\/brandss.com.py\/index\/wp-json\/wp\/v2\/product\/94900\/revisions\/94908"}],"wp:featuredmedia":[{"embeddable":true,"href":"https:\/\/brandss.com.py\/index\/wp-json\/wp\/v2\/media\/94901"}],"wp:attachment":[{"href":"https:\/\/brandss.com.py\/index\/wp-json\/wp\/v2\/media?parent=94900"}],"wp:term":[{"taxonomy":"product_brand","embeddable":true,"href":"https:\/\/brandss.com.py\/index\/wp-json\/wp\/v2\/product_brand?post=94900"},{"taxonomy":"product_cat","embeddable":true,"href":"https:\/\/brandss.com.py\/index\/wp-json\/wp\/v2\/product_cat?post=94900"},{"taxonomy":"product_tag","embeddable":true,"href":"https:\/\/brandss.com.py\/index\/wp-json\/wp\/v2\/product_tag?post=94900"}],"curies":[{"name":"wp","href":"https:\/\/api.w.org\/{rel}","templated":true}]}}