{"id":94940,"date":"2025-12-15T13:01:43","date_gmt":"2025-12-15T13:01:43","guid":{"rendered":"https:\/\/brandss.com.py\/index\/?post_type=product&#038;p=94940"},"modified":"2025-12-15T13:11:15","modified_gmt":"2025-12-15T13:11:15","slug":"cargador-portatil-inalambrico-g-tide-oasis-40-000-mah-usb-usb-c","status":"publish","type":"product","link":"https:\/\/brandss.com.py\/index\/producto\/cargador-portatil-inalambrico-g-tide-oasis-40-000-mah-usb-usb-c\/","title":{"rendered":"CARGADOR PORT\u00c1TIL INAL\u00c1MBRICO G-TIDE OASIS 40.000 MAH USB + USB-C"},"content":{"rendered":"<p><img loading=\"lazy\" decoding=\"async\" class=\"\" src=\"https:\/\/gtide.com.br\/wp-content\/uploads\/2024\/04\/gtideazul.svg\" alt=\"RELOJ UNISEX G-TIDE SMARTWATCH S5 PRO BLACK - Brands\" width=\"93\" height=\"36\" \/><\/p>\n<h1>OASIS<\/h1>\n<p>La Power Bank G-Tide OASIS 40,000mAh con Carga R\u00e1pida y L\u00e1mpara es una bater\u00eda port\u00e1til de alta capacidad ideal para cargar varios dispositivos, como tel\u00e9fonos y tabletas, sin preocuparse por quedarse sin energ\u00eda. Ofrece carga r\u00e1pida de 22.5W, permitiendo recargar tus dispositivos de forma r\u00e1pida y eficiente.<\/p>\n<p>El dise\u00f1o de la Power Bank G-Tide OASIS incluye una l\u00e1mpara integrada, \u00fatil en situaciones de poca luz, y cuenta con un sistema de protecci\u00f3n de sobretensi\u00f3n para cargar de forma segura.<\/p>\n<h3><strong>Caracter\u00edsticas<\/strong><\/h3>\n<ul>\n<li>Gran Capacidad: 40,000mAh, suficiente para m\u00faltiples cargas completas; ideal para viajes, actividades al aire libre o emergencias.<\/li>\n<li>Carga R\u00e1pida: 22.5W para una carga eficiente y r\u00e1pida.<\/li>\n<li>Compatibilidad Universal: Entradas y salidas tipo C y USB, compatibles con smartphones, tabletas, auriculares y m\u00e1s.<\/li>\n<li>L\u00e1mpara Integrada: Funci\u00f3n extra para situaciones con poca luz.<\/li>\n<\/ul>\n<h3><strong>Especificaciones<\/strong><\/h3>\n<ul>\n<li>Capacidad: 40,000mAh.<\/li>\n<li>Potencia de carga r\u00e1pida: 22.5W.<\/li>\n<li>Entrada Tipo C: 5V-3A, 9V-2A, 12V-1.5A.<\/li>\n<li>Salida Tipo C: 5V-3A, 9V-2.22A, 12V-1.67A.<\/li>\n<li>Salida USB: 5V-3A, 9V-2A, 12V-1.5A, 10V-2.25A.<\/li>\n<li>Dimensiones: 147 x 68.2 x 54.8 mm.<\/li>\n<\/ul>\n<p>La Power Bank G-Tide OASIS es una soluci\u00f3n robusta y vers\u00e1til para mantener tus dispositivos siempre cargados, ya sea en la ciudad o en actividades al aire libre.<\/p>\n","protected":false},"excerpt":{"rendered":"<p>OASIS La Power Bank G-Tide OASIS 40,000mAh con Carga R\u00e1pida y L\u00e1mpara es una bater\u00eda port\u00e1til de alta capacidad ideal<\/p>\n","protected":false},"featured_media":94941,"comment_status":"open","ping_status":"closed","template":"","meta":{"nf_dc_page":""},"product_brand":[1379],"product_cat":[89],"product_tag":[2152],"class_list":{"0":"post-94940","1":"product","2":"type-product","3":"status-publish","4":"has-post-thumbnail","6":"product_brand-g-tide","7":"product_cat-electronicos","8":"product_tag-2152","10":"first","11":"instock","12":"shipping-taxable","13":"purchasable","14":"product-type-simple"},"_links":{"self":[{"href":"https:\/\/brandss.com.py\/index\/wp-json\/wp\/v2\/product\/94940","targetHints":{"allow":["GET"]}}],"collection":[{"href":"https:\/\/brandss.com.py\/index\/wp-json\/wp\/v2\/product"}],"about":[{"href":"https:\/\/brandss.com.py\/index\/wp-json\/wp\/v2\/types\/product"}],"replies":[{"embeddable":true,"href":"https:\/\/brandss.com.py\/index\/wp-json\/wp\/v2\/comments?post=94940"}],"version-history":[{"count":1,"href":"https:\/\/brandss.com.py\/index\/wp-json\/wp\/v2\/product\/94940\/revisions"}],"predecessor-version":[{"id":94947,"href":"https:\/\/brandss.com.py\/index\/wp-json\/wp\/v2\/product\/94940\/revisions\/94947"}],"wp:featuredmedia":[{"embeddable":true,"href":"https:\/\/brandss.com.py\/index\/wp-json\/wp\/v2\/media\/94941"}],"wp:attachment":[{"href":"https:\/\/brandss.com.py\/index\/wp-json\/wp\/v2\/media?parent=94940"}],"wp:term":[{"taxonomy":"product_brand","embeddable":true,"href":"https:\/\/brandss.com.py\/index\/wp-json\/wp\/v2\/product_brand?post=94940"},{"taxonomy":"product_cat","embeddable":true,"href":"https:\/\/brandss.com.py\/index\/wp-json\/wp\/v2\/product_cat?post=94940"},{"taxonomy":"product_tag","embeddable":true,"href":"https:\/\/brandss.com.py\/index\/wp-json\/wp\/v2\/product_tag?post=94940"}],"curies":[{"name":"wp","href":"https:\/\/api.w.org\/{rel}","templated":true}]}}