{"id":95002,"date":"2025-12-15T19:02:33","date_gmt":"2025-12-15T19:02:33","guid":{"rendered":"https:\/\/brandss.com.py\/index\/?post_type=product&#038;p=95002"},"modified":"2026-02-25T18:50:58","modified_gmt":"2026-02-25T18:50:58","slug":"altavoz-portatil-jbl-partybox-on-the-go-2-bt-black","status":"publish","type":"product","link":"https:\/\/brandss.com.py\/index\/producto\/altavoz-portatil-jbl-partybox-on-the-go-2-bt-black\/","title":{"rendered":"ALTAVOZ PORT\u00c1TIL JBL PARTYBOX ON THE GO 2 BT BLACK"},"content":{"rendered":"<p><img loading=\"lazy\" decoding=\"async\" class=\"\" src=\"https:\/\/1000marcas.net\/wp-content\/uploads\/2020\/02\/logo-JBL.png\" alt=\"JBL Logo - s\u00edmbolo, significado logotipo, historia, PNG\" width=\"160\" height=\"90\" \/><\/p>\n<h1>PARTYBOX ON THE GO 2<\/h1>\n<h4>La mejor manera de empezar una fiesta, est\u00e9s donde est\u00e9s<\/h4>\n<div class=\"spec-row\"><span class=\"spec-key -full\">El PartyBox On-The-Go 2 convierte cualquier encuentro en una fiesta. Con agudos n\u00edtidos, graves audaces y un espect\u00e1culo de luces que se mueve al ritmo de la m\u00fasica. Los dos micr\u00f3fonos digitales inal\u00e1mbricos vienen con efectos de eco y Smart Key Change, para que parezca que todo el mundo canta bien. Ya sea una fiesta en la piscina, una reuni\u00f3n familiar o simplemente un momento tranquilo de desconexi\u00f3n, este altavoz est\u00e1 siempre listo, con una correa para transportarlo f\u00e1cilmente, un dise\u00f1o a prueba de salpicaduras y hasta 15\u00a0horas de reproducci\u00f3n. Incluso permite emparejar dos para obtener un sonido est\u00e9reo o conectar m\u00e1s altavoces compatibles con JBL Auracast\u2122 y llevar la fiesta a otro nivel. Y con la aplicaci\u00f3n JBL PartyBox, puedes controlar el ambiente de principio a fin. Vayas donde vayas, la fiesta va contigo.<\/span><\/div>\n<div>\n<div class=\"expanded-feature -lifestyle in-view\">\n<div class=\"imagery\"><img loading=\"lazy\" decoding=\"async\" class=\"alignleft\" src=\"https:\/\/www.jbl.com.ar\/on\/demandware.static\/-\/Sites-masterCatalog_Harman\/default\/dwa498e46e\/pdp\/JBL_PartyBox_OTG2_Lifestyle_01_904x560px.png\" alt=\"Potente sonido profesional de la mano de JBL\" width=\"501\" height=\"310\" data-src=\"\/on\/demandware.static\/-\/Sites-masterCatalog_Harman\/default\/dwa498e46e\/pdp\/JBL_PartyBox_OTG2_Lifestyle_01_904x560px.png\" \/><\/div>\n<div class=\"copy\">\n<h3><\/h3>\n<h3>Potente sonido profesional de la mano de JBL<\/h3>\n<p>El potente sonido JBL Pro ser\u00e1 el centro de atenci\u00f3n, con agudos cristalinos gracias a dos altavoces de agudos de c\u00fapula de seda, y graves profundos y contundentes gracias a un potente altavoz.<\/p>\n<\/div>\n<\/div>\n<div class=\"expanded-feature -lifestyle in-view\">\n<div class=\"imagery\"><img loading=\"lazy\" decoding=\"async\" class=\"alignright\" src=\"https:\/\/www.jbl.com.ar\/on\/demandware.static\/-\/Sites-masterCatalog_Harman\/default\/dw13276ecf\/pdp\/JBL_PartyBox_OTG2_Lifestyle_02_904x560px.png\" alt=\"Espect\u00e1culo de luces din\u00e1mico\" width=\"502\" height=\"311\" data-src=\"\/on\/demandware.static\/-\/Sites-masterCatalog_Harman\/default\/dw13276ecf\/pdp\/JBL_PartyBox_OTG2_Lifestyle_02_904x560px.png\" \/><\/div>\n<div class=\"copy\">\n<h3><\/h3>\n<h3><\/h3>\n<h3><\/h3>\n<h3><\/h3>\n<h3>Espect\u00e1culo de luces din\u00e1mico<\/h3>\n<p>No hay fiesta que se precie sin un espect\u00e1culo de luces. Baila toda la noche con motivos de luz brillante y efectos estrobosc\u00f3picos que se sincronizan con tu m\u00fasica.<\/p>\n<\/div>\n<\/div>\n<div class=\"expanded-feature -lifestyle not-in-view\">\n<div class=\"imagery\"><img loading=\"lazy\" decoding=\"async\" class=\"alignleft\" src=\"https:\/\/www.jbl.com.ar\/on\/demandware.static\/-\/Sites-masterCatalog_Harman\/default\/dwbd64d6d3\/pdp\/JBL_PartyBox_OTG2_Lifestyle_03_904x560px.png\" alt=\"Disfruta del karaoke en cualquier lugar\" width=\"502\" height=\"311\" data-src=\"\/on\/demandware.static\/-\/Sites-masterCatalog_Harman\/default\/dwbd64d6d3\/pdp\/JBL_PartyBox_OTG2_Lifestyle_03_904x560px.png\" \/><\/div>\n<div class=\"copy\">\n<h3><\/h3>\n<h3><\/h3>\n<h3><\/h3>\n<h3>Disfruta del karaoke en cualquier lugar<\/h3>\n<p>Es hora de dar el cante, en cualquier momento y en cualquier lugar. Los dos micr\u00f3fonos inal\u00e1mbricos incorporan eco para que siempre suenes bien y, con Smart Key Change en la aplicaci\u00f3n JBL PartyBox, la m\u00fasica cambia para coincidir con la nota que est\u00e1s cantando. Porque no hay notas incorrectas si el ambiente es incre\u00edble. O baila con tus listas de reproducci\u00f3n favoritas usando los conectores Aux-in y USB-C.<\/p>\n<div class=\"spec-accordion  -active\">\n<h3>Caracter\u00edsticas generales<\/h3>\n<div class=\"accordion-content\">\n<div class=\"spec-row\"><span class=\"spec-key\">Potencia de salida: <\/span><span class=\"spec-value\">100 W RMS (IEC60268)<\/span><\/div>\n<div class=\"spec-row\"><span class=\"spec-key\">Entrada de alimentaci\u00f3n: <\/span><span class=\"spec-value\">100 &#8211; 240V \u0334 50\/60 Hz<\/span><\/div>\n<div class=\"spec-row\"><span class=\"spec-key\">Formato de archivo USB (no para la regi\u00f3n EMEA): <\/span><span class=\"spec-value\">.MP3, .WAV,\u00a0.FLAC<\/span><\/div>\n<div class=\"spec-row\"><span class=\"spec-key\">Salida de carga USB: <\/span><span class=\"spec-value\">11\u00a0V \/ 2 A (m\u00e1x.) (modo de altavoz apagado)<\/span><\/div>\n<div class=\"spec-row\"><span class=\"spec-key\">Longitud del cable: <\/span><span class=\"spec-value\">2\u00a0m<\/span><\/div>\n<\/div>\n<\/div>\n<div class=\"spec-accordion  -active\">\n<h3>Caracter\u00edsticas Audio<\/h3>\n<div class=\"accordion-content\">\n<div class=\"spec-row\"><span class=\"spec-key\">Transductores: <\/span><span class=\"spec-value\">1 altavoz de graves de 135\u00a0mm y 2 altavoces de agudos de 20\u00a0mm tipo c\u00fapula<\/span><\/div>\n<div class=\"spec-row\"><span class=\"spec-key\">Respuesta de frecuencia: <\/span><span class=\"spec-value\">40 Hz &#8211; 20 kHz (-6\u00a0dB)<\/span><\/div>\n<div class=\"spec-row\"><span class=\"spec-key\">Relaci\u00f3n se\u00f1al\/ruido: <\/span><span class=\"spec-value\">&gt;80\u00a0dB<\/span><\/div>\n<\/div>\n<\/div>\n<div class=\"spec-accordion  -active\">\n<h3>Medidas<\/h3>\n<div class=\"accordion-content\">\n<div class=\"spec-row\"><span class=\"spec-key\">Dimensiones del producto (An x Al x P): <\/span><span class=\"spec-value\">501\u00a0x\u00a0258\u00a0x\u00a0221\u00a0mm<\/span><\/div>\n<div class=\"spec-row\"><span class=\"spec-key\">Peso neto: 6,36 kg: <\/span><span class=\"spec-value\">S\u00ed<\/span><\/div>\n<div class=\"spec-row\"><span class=\"spec-key\">Dimensiones del embalaje (An x Al x P): <\/span><span class=\"spec-value\">586\u00a0x\u00a0355\u00a0x\u00a0278\u00a0mm<\/span><\/div>\n<div class=\"spec-row\"><span class=\"spec-key\">Peso bruto: <\/span><span class=\"spec-value\">9,18\u00a0kg<\/span><\/div>\n<\/div>\n<\/div>\n<div class=\"spec-accordion  -active\">\n<h3>Caracter\u00edsticas de control y conexi\u00f3n<\/h3>\n<div class=\"accordion-content\">\n<div class=\"spec-row\"><span class=\"spec-key\">Versi\u00f3n de Bluetooth\u00ae: <\/span><span class=\"spec-value\">5.4<\/span><\/div>\n<div class=\"spec-row\"><span class=\"spec-key\">Perfil Bluetooth\u00ae: <\/span><span class=\"spec-value\">A2DP V1.4, AVRCP V1.6(SW), TMAP1.0, PBP1.0<\/span><\/div>\n<div class=\"spec-row\"><span class=\"spec-key\">Rango de frecuencia del transmisor Bluetooth\u00ae:\u00a0 2,4 GHz~2,4835 GHz: <\/span><span class=\"spec-value\">S\u00ed<\/span><\/div>\n<div class=\"spec-row\"><span class=\"spec-key\">Potencia del transmisor Bluetooth\u00ae: <\/span><span class=\"spec-value\">\u226416\u00a0dBm (PIRE)<\/span><\/div>\n<div class=\"spec-row\"><span class=\"spec-key\">Modulaci\u00f3n del transmisor Bluetooth\u00ae: <\/span><span class=\"spec-value\">GFSK, \u03c0\/4\u00a0DQPSK, 8\u00a0DPSK<\/span><\/div>\n<div class=\"spec-row\"><span class=\"spec-key\">Rango de frecuencia del transmisor inal\u00e1mbrico de 2,4 G: <\/span><span class=\"spec-value\">2404 &#8211; 2478\u00a0MHz<\/span><\/div>\n<div class=\"spec-row\"><span class=\"spec-key\">Potencia del transmisor inal\u00e1mbrico de 2,4G: &lt; 8,5 dBm (PIRE): <\/span><span class=\"spec-value\">S\u00ed<\/span><\/div>\n<div class=\"spec-row\"><span class=\"spec-key\">Modulaci\u00f3n inal\u00e1mbrica 2,4 G: <\/span><span class=\"spec-value\">GFSK<\/span><\/div>\n<\/div>\n<\/div>\n<div class=\"spec-accordion  -active\">\n<h3>Bater\u00eda<\/h3>\n<div class=\"accordion-content\">\n<div class=\"spec-row\"><span class=\"spec-key\">Tipo de bater\u00eda: <\/span><span class=\"spec-value\">Ion de litio 34\u00a0Wh (7,2\u00a0V \/ 4722\u00a0mAh)<\/span><\/div>\n<div class=\"spec-row\"><span class=\"spec-key\">Tiempo de carga de la bater\u00eda: <\/span><span class=\"spec-value\">&lt;3,5 horas (modo de altavoz apagado)<\/span><\/div>\n<div class=\"spec-row\"><span class=\"spec-key\">Tiempo de reproducci\u00f3n de m\u00fasica: <\/span><span class=\"spec-value\">hasta 15\u00a0horas (dependiendo del volumen y del contenido del audio)<\/span><\/div>\n<\/div>\n<\/div>\n<div class=\"spec-accordion -active\">\n<h3>Contenido de la caja<\/h3>\n<div class=\"accordion-content\">\n<div class=\"box-contents\">\n<ul class=\"bulleted\">\n<li>1 JBL PartyBox On-The-Go 2<\/li>\n<li>2 micr\u00f3fonos inal\u00e1mbricos<\/li>\n<li>2 soportes para micr\u00f3fono<\/li>\n<li>1 correa para el hombro<\/li>\n<li>1 gu\u00eda de inicio r\u00e1pido<\/li>\n<li>1 manual de instrucciones de seguridad y tarjeta de garant\u00eda<\/li>\n<li>Cable de alimentaci\u00f3n de CA: el n\u00famero de cables y el tipo de enchufe var\u00edan seg\u00fan la regi\u00f3n<\/li>\n<\/ul>\n<\/div>\n<\/div>\n<\/div>\n<\/div>\n<\/div>\n<\/div>\n<p>&nbsp;<\/p>\n","protected":false},"excerpt":{"rendered":"<p>PARTYBOX ON THE GO 2 La mejor manera de empezar una fiesta, est\u00e9s donde est\u00e9s El PartyBox On-The-Go 2 convierte<\/p>\n","protected":false},"featured_media":95003,"comment_status":"open","ping_status":"closed","template":"","meta":{"nf_dc_page":""},"product_brand":[541],"product_cat":[89],"product_tag":[2157],"class_list":{"0":"post-95002","1":"product","2":"type-product","3":"status-publish","4":"has-post-thumbnail","6":"product_brand-jbl","7":"product_cat-electronicos","8":"product_tag-2157","10":"first","11":"outofstock","12":"shipping-taxable","13":"purchasable","14":"product-type-simple"},"_links":{"self":[{"href":"https:\/\/brandss.com.py\/index\/wp-json\/wp\/v2\/product\/95002","targetHints":{"allow":["GET"]}}],"collection":[{"href":"https:\/\/brandss.com.py\/index\/wp-json\/wp\/v2\/product"}],"about":[{"href":"https:\/\/brandss.com.py\/index\/wp-json\/wp\/v2\/types\/product"}],"replies":[{"embeddable":true,"href":"https:\/\/brandss.com.py\/index\/wp-json\/wp\/v2\/comments?post=95002"}],"version-history":[{"count":1,"href":"https:\/\/brandss.com.py\/index\/wp-json\/wp\/v2\/product\/95002\/revisions"}],"predecessor-version":[{"id":95012,"href":"https:\/\/brandss.com.py\/index\/wp-json\/wp\/v2\/product\/95002\/revisions\/95012"}],"wp:featuredmedia":[{"embeddable":true,"href":"https:\/\/brandss.com.py\/index\/wp-json\/wp\/v2\/media\/95003"}],"wp:attachment":[{"href":"https:\/\/brandss.com.py\/index\/wp-json\/wp\/v2\/media?parent=95002"}],"wp:term":[{"taxonomy":"product_brand","embeddable":true,"href":"https:\/\/brandss.com.py\/index\/wp-json\/wp\/v2\/product_brand?post=95002"},{"taxonomy":"product_cat","embeddable":true,"href":"https:\/\/brandss.com.py\/index\/wp-json\/wp\/v2\/product_cat?post=95002"},{"taxonomy":"product_tag","embeddable":true,"href":"https:\/\/brandss.com.py\/index\/wp-json\/wp\/v2\/product_tag?post=95002"}],"curies":[{"name":"wp","href":"https:\/\/api.w.org\/{rel}","templated":true}]}}