{"id":95021,"date":"2025-12-16T12:03:24","date_gmt":"2025-12-16T12:03:24","guid":{"rendered":"https:\/\/brandss.com.py\/index\/?post_type=product&#038;p=95021"},"modified":"2026-03-20T10:56:21","modified_gmt":"2026-03-20T10:56:21","slug":"perfume-masculino-blauer-usa-the-journey-collection-boston-1936-edp-80ml","status":"publish","type":"product","link":"https:\/\/brandss.com.py\/index\/producto\/perfume-masculino-blauer-usa-the-journey-collection-boston-1936-edp-80ml\/","title":{"rendered":"PERFUME MASCULINO BLAUER USA THE JOURNEY COLLECTION BOSTON 1936 EDP 80ML"},"content":{"rendered":"<p><img loading=\"lazy\" decoding=\"async\" class=\"\" src=\"https:\/\/1000marcas.net\/wp-content\/uploads\/2021\/05\/Blauer-logo.png\" alt=\"Blauer logo - s\u00edmbolo, significado logotipo, historia, PNG\" width=\"145\" height=\"93\" \/><\/p>\n<h1>BOSTON 1936<\/h1>\n<p>Sum\u00e9rgete en la modernidad y la elegancia con el perfume Blauer. Esta sofisticada fragancia es una celebraci\u00f3n del estilo contempor\u00e1neo y el lujo, cautivando los sentidos con una mezcla armoniosa de notas frescas y amaderadas.<img loading=\"lazy\" decoding=\"async\" class=\"alignleft\" src=\"https:\/\/scontent.fagt1-1.fna.fbcdn.net\/v\/t39.30808-6\/474705302_599534452663734_6312574554005970258_n.jpg?_nc_cat=106&amp;ccb=1-7&amp;_nc_sid=127cfc&amp;_nc_ohc=VCd-wX0yfDoQ7kNvwHaDwMm&amp;_nc_oc=AdmnDhWZY31GqotwA_v9LID8ZIauvMQQxKiMPM9Uyo-6Dx3lZ_5Bebv22XfTN9VXrmM&amp;_nc_zt=23&amp;_nc_ht=scontent.fagt1-1.fna&amp;_nc_gid=nbOMYwn-JGgPgmbfLRtKqQ&amp;oh=00_AflYhSUY6ddNLlvmp9x9quxDfmutmDh2_2IcMlT5xlLQBg&amp;oe=694726C5\" width=\"628\" height=\"628\" \/><\/p>\n<p>Desde sus notas superiores que evocan frescura y dinamismo hasta su coraz\u00f3n vibrante y su base c\u00e1lida y envolvente, cada elemento de esta fragancia est\u00e1 meticulosamente elaborado para ofrecer una experiencia olfativa \u00fanica.<\/p>\n<h3><\/h3>\n<h3>Notas Olfativas<\/h3>\n<p>&nbsp;<\/p>\n<p>Cautiva a todos con este eau de parfum. La vibrante mezcla de hesperidato y notas especiadas se entrelaza con los matices masculinos y aterciopelados del geranio bourbon, enriquecidos con toques arom\u00e1ticos de tomillo blanco y cipr\u00e9s.<\/p>\n<p>Su intenso fondo amaderado realza la verticalidad y la estructura de la fragancia, s\u00edmbolo de fuerza y \u200b\u200belegancia.<\/p>\n<div class=\"pdp-module__fetProInfRow\">\n<div class=\"pdp-module__fetProInfLblCol\"><span dir=\"auto\"><strong>Notas de salida:<\/strong> c<\/span><span dir=\"auto\">\u00edtricos, pimienta negra.<\/span><\/div>\n<\/div>\n<div class=\"pdp-module__fetProInfRow\">\n<div class=\"pdp-module__fetProInfLblCol\"><strong><span dir=\"auto\">Nota de coraz\u00f3n: <\/span><\/strong><span dir=\"auto\">t<\/span><span dir=\"auto\">omillo, geranio borb\u00f3n.<\/span><\/div>\n<\/div>\n<div class=\"pdp-module__fetProInfRow\">\n<div class=\"pdp-module__fetProInfLblCol\"><strong><span dir=\"auto\">Nota de fondo: <\/span><\/strong><span dir=\"auto\">c<\/span><span dir=\"auto\">ipr\u00e9s, vetiver borb\u00f3n.<\/span><\/div>\n<\/div>\n","protected":false},"excerpt":{"rendered":"<p>BOSTON 1936 Sum\u00e9rgete en la modernidad y la elegancia con el perfume Blauer. Esta sofisticada fragancia es una celebraci\u00f3n del<\/p>\n","protected":false},"featured_media":95022,"comment_status":"open","ping_status":"closed","template":"","meta":{"nf_dc_page":""},"product_brand":[2159],"product_cat":[84],"product_tag":[2160],"class_list":{"0":"post-95021","1":"product","2":"type-product","3":"status-publish","4":"has-post-thumbnail","6":"product_brand-blauer-usa","7":"product_cat-perfumeria","8":"product_tag-2160","10":"first","11":"instock","12":"shipping-taxable","13":"purchasable","14":"product-type-simple"},"_links":{"self":[{"href":"https:\/\/brandss.com.py\/index\/wp-json\/wp\/v2\/product\/95021","targetHints":{"allow":["GET"]}}],"collection":[{"href":"https:\/\/brandss.com.py\/index\/wp-json\/wp\/v2\/product"}],"about":[{"href":"https:\/\/brandss.com.py\/index\/wp-json\/wp\/v2\/types\/product"}],"replies":[{"embeddable":true,"href":"https:\/\/brandss.com.py\/index\/wp-json\/wp\/v2\/comments?post=95021"}],"version-history":[{"count":1,"href":"https:\/\/brandss.com.py\/index\/wp-json\/wp\/v2\/product\/95021\/revisions"}],"predecessor-version":[{"id":95027,"href":"https:\/\/brandss.com.py\/index\/wp-json\/wp\/v2\/product\/95021\/revisions\/95027"}],"wp:featuredmedia":[{"embeddable":true,"href":"https:\/\/brandss.com.py\/index\/wp-json\/wp\/v2\/media\/95022"}],"wp:attachment":[{"href":"https:\/\/brandss.com.py\/index\/wp-json\/wp\/v2\/media?parent=95021"}],"wp:term":[{"taxonomy":"product_brand","embeddable":true,"href":"https:\/\/brandss.com.py\/index\/wp-json\/wp\/v2\/product_brand?post=95021"},{"taxonomy":"product_cat","embeddable":true,"href":"https:\/\/brandss.com.py\/index\/wp-json\/wp\/v2\/product_cat?post=95021"},{"taxonomy":"product_tag","embeddable":true,"href":"https:\/\/brandss.com.py\/index\/wp-json\/wp\/v2\/product_tag?post=95021"}],"curies":[{"name":"wp","href":"https:\/\/api.w.org\/{rel}","templated":true}]}}