{"id":95060,"date":"2025-12-16T17:01:54","date_gmt":"2025-12-16T17:01:54","guid":{"rendered":"https:\/\/brandss.com.py\/index\/?post_type=product&#038;p=95060"},"modified":"2026-03-13T12:37:25","modified_gmt":"2026-03-13T12:37:25","slug":"perfume-masculino-enrico-coveri-black-contemporary-edt-100ml","status":"publish","type":"product","link":"https:\/\/brandss.com.py\/index\/producto\/perfume-masculino-enrico-coveri-black-contemporary-edt-100ml\/","title":{"rendered":"PERFUME MASCULINO ENRICO COVERI BLACK CONTEMPORARY EDT 100ML"},"content":{"rendered":"<p><img loading=\"lazy\" decoding=\"async\" class=\"\" src=\"https:\/\/www.luxury-italian-office.com\/wp-content\/uploads\/2019\/07\/enrico-coveri.png\" alt=\"Enrico Coveri stock for e-commerca - Wholesale stock of on consignment\" width=\"209\" height=\"119\" \/><\/p>\n<h1>BLACK CONTEMPORARY<\/h1>\n<div class=\"long-description\">\n<section><span dir=\"auto\">Es una fragancia llena de contrastes, sin\u00f3nimo de energ\u00eda, audacia y fuerza, pero tambi\u00e9n de refinada elegancia. Evoca una virilidad sofisticada y elegante.<\/span><\/p>\n<h3>Notas Olfativas<\/h3>\n<p>Black Contemporary es una fragancia masculina que combina elegancia moderna y car\u00e1cter distintivo en una composici\u00f3n sofisticada y equilibrada. S<span dir=\"auto\">e abre con notas frescas y c\u00edtricas de bergamota, lim\u00f3n y lavanda. Le siguen notas de coraz\u00f3n c\u00e1lidas y sensuales de flores de magnolia y jazm\u00edn. <\/span><span dir=\"auto\">Estos elementos se combinan sublimemente con las fuertes notas de fondo caracterizadas por notas oscuras y secas de \u00e9bano y notas amaderadas, vibrantes y suaves al mismo tiempo gracias al lado almizclado del cashmeran. <\/span><span dir=\"auto\">Por \u00faltimo, un rico aroma a musgo de roble que evoca el cuero y da gran persistencia. <\/span><span dir=\"auto\">Para un resultado negro intenso.<\/span><\/p>\n<div class=\"long-description\">\n<section>\n<strong>Notas de salida:<\/strong> bergamota, lim\u00f3n, lavanda.<\/p>\n<p><strong>Notas de coraz\u00f3n:<\/strong> magnolia, jasm\u00edn.<\/p>\n<p><strong>Notas de fondo:<\/strong> \u00e9bano, cachemira, musgo de roble.<\/section>\n<\/div>\n<\/section>\n<\/div>\n","protected":false},"excerpt":{"rendered":"<p>BLACK CONTEMPORARY Es una fragancia llena de contrastes, sin\u00f3nimo de energ\u00eda, audacia y fuerza, pero tambi\u00e9n de refinada elegancia. Evoca<\/p>\n","protected":false},"featured_media":95061,"comment_status":"open","ping_status":"closed","template":"","meta":{"nf_dc_page":""},"product_brand":[2165],"product_cat":[84],"product_tag":[2167],"class_list":{"0":"post-95060","1":"product","2":"type-product","3":"status-publish","4":"has-post-thumbnail","6":"product_brand-enrico-coveri","7":"product_cat-perfumeria","8":"product_tag-2167","10":"first","11":"outofstock","12":"shipping-taxable","13":"purchasable","14":"product-type-simple"},"_links":{"self":[{"href":"https:\/\/brandss.com.py\/index\/wp-json\/wp\/v2\/product\/95060","targetHints":{"allow":["GET"]}}],"collection":[{"href":"https:\/\/brandss.com.py\/index\/wp-json\/wp\/v2\/product"}],"about":[{"href":"https:\/\/brandss.com.py\/index\/wp-json\/wp\/v2\/types\/product"}],"replies":[{"embeddable":true,"href":"https:\/\/brandss.com.py\/index\/wp-json\/wp\/v2\/comments?post=95060"}],"version-history":[{"count":1,"href":"https:\/\/brandss.com.py\/index\/wp-json\/wp\/v2\/product\/95060\/revisions"}],"predecessor-version":[{"id":95063,"href":"https:\/\/brandss.com.py\/index\/wp-json\/wp\/v2\/product\/95060\/revisions\/95063"}],"wp:featuredmedia":[{"embeddable":true,"href":"https:\/\/brandss.com.py\/index\/wp-json\/wp\/v2\/media\/95061"}],"wp:attachment":[{"href":"https:\/\/brandss.com.py\/index\/wp-json\/wp\/v2\/media?parent=95060"}],"wp:term":[{"taxonomy":"product_brand","embeddable":true,"href":"https:\/\/brandss.com.py\/index\/wp-json\/wp\/v2\/product_brand?post=95060"},{"taxonomy":"product_cat","embeddable":true,"href":"https:\/\/brandss.com.py\/index\/wp-json\/wp\/v2\/product_cat?post=95060"},{"taxonomy":"product_tag","embeddable":true,"href":"https:\/\/brandss.com.py\/index\/wp-json\/wp\/v2\/product_tag?post=95060"}],"curies":[{"name":"wp","href":"https:\/\/api.w.org\/{rel}","templated":true}]}}