{"id":95070,"date":"2025-12-16T18:52:07","date_gmt":"2025-12-16T18:52:07","guid":{"rendered":"https:\/\/brandss.com.py\/index\/?post_type=product&#038;p=95070"},"modified":"2026-04-02T13:00:24","modified_gmt":"2026-04-02T13:00:24","slug":"perfume-femenino-morgan-red-edp-100ml","status":"publish","type":"product","link":"https:\/\/brandss.com.py\/index\/producto\/perfume-femenino-morgan-red-edp-100ml\/","title":{"rendered":"PERFUME FEMENINO MORGAN RED EDP 100ML"},"content":{"rendered":"<p><img loading=\"lazy\" decoding=\"async\" class=\"\" src=\"https:\/\/www.fragrantica.es\/mdimg\/dizajneri\/o.282.jpg\" alt=\"Morgan Fragancias Y Colonias\" width=\"73\" height=\"48\" \/><\/p>\n<h1>RED<\/h1>\n<p>Una fragancia atemporal y cautivadora para una seducci\u00f3n irresistible. <span dir=\"auto\">Red <\/span><span dir=\"auto\">es una fragancia femenina audaz, sensual y llena de energ\u00eda. Inspirado en el color rojo, s\u00edmbolo de pasi\u00f3n, intensidad y poder femenino, este perfume est\u00e1 hecho para mujeres aut\u00e9nticas y seguras de s\u00ed mismas que disfrutan dejando huella dondequiera que vayan.<\/span><\/p>\n<p><span dir=\"auto\">Combinando notas frutales y florales con una base c\u00e1lida y envolvente, <\/span><span dir=\"auto\">Red<\/span><span dir=\"auto\">\u00a0es una fragancia vibrante, ideal para resaltar tu personalidad con elegancia y actitud.<img decoding=\"async\" class=\"alignleft\" src=\"https:\/\/a-static.mlcdn.com.br\/420x420\/perfume-feminino-morgan-red-edp-100ml\/eletronicosvariedades\/7893684812167\/db6c45b829be48784919f31f8e537e12.jpeg\" \/><\/span><\/p>\n<p><span dir=\"auto\">Red una obra maestra arom\u00e1tica sin igual que eleva los sentidos a nuevas alturas. Este\u00a0eau de parfum\u00a0para mujeres presenta una composici\u00f3n rica y multifac\u00e9tica, dominada por notas florales y orientales. Encerrado en un frasco que parece de cristal, el perfume se despliega gradualmente sobre la piel, creando un aura de romance y amor.<\/span><\/p>\n<p>&nbsp;<\/p>\n<h3>Notas Olfativas<\/h3>\n<p>&nbsp;<\/p>\n<p>Red se lanz\u00f3 en 2016. La nariz detr\u00e1s de esta fragancia es J\u00e9r\u00f4me di Marino. El perfume Morgan es una fragancia elegante y cautivadora que evoca la esencia misma del estilo y la sofisticaci\u00f3n. Inspirada en la energ\u00eda din\u00e1mica y la confianza de la mujer moderna, esta fragancia cautiva con su armoniosa combinaci\u00f3n de notas florales y amaderadas. Desde las notas de salida que despiertan los sentidos con su vibrante frescura, hasta las profundas notas de fondo que dejan una estela duradera de sensualidad y elegancia. Con su aroma distintivo y su aura de distinci\u00f3n, este perfume es m\u00e1s que una fragancia; es una declaraci\u00f3n de estilo y personalidad para mujeres que desean destacar con autenticidad y gracia.<\/p>\n<p><strong>Notas de salida:<\/strong> fresa, pomelo, lim\u00f3n, naranja.<\/p>\n<p><strong>Notas de coraz\u00f3n:<\/strong> jazm\u00edn, rosa, melocot\u00f3n, manzana.<\/p>\n<p><strong>Notas de fondo:<\/strong> amberwood, cedro, vainilla, almizcle.<\/p>\n","protected":false},"excerpt":{"rendered":"<p>RED Una fragancia atemporal y cautivadora para una seducci\u00f3n irresistible. Red es una fragancia femenina audaz, sensual y llena de<\/p>\n","protected":false},"featured_media":95071,"comment_status":"open","ping_status":"closed","template":"","meta":{"nf_dc_page":""},"product_brand":[2039],"product_cat":[84],"product_tag":[2169],"class_list":{"0":"post-95070","1":"product","2":"type-product","3":"status-publish","4":"has-post-thumbnail","6":"product_brand-morgan","7":"product_cat-perfumeria","8":"product_tag-2169","10":"first","11":"outofstock","12":"shipping-taxable","13":"purchasable","14":"product-type-simple"},"_links":{"self":[{"href":"https:\/\/brandss.com.py\/index\/wp-json\/wp\/v2\/product\/95070","targetHints":{"allow":["GET"]}}],"collection":[{"href":"https:\/\/brandss.com.py\/index\/wp-json\/wp\/v2\/product"}],"about":[{"href":"https:\/\/brandss.com.py\/index\/wp-json\/wp\/v2\/types\/product"}],"replies":[{"embeddable":true,"href":"https:\/\/brandss.com.py\/index\/wp-json\/wp\/v2\/comments?post=95070"}],"version-history":[{"count":1,"href":"https:\/\/brandss.com.py\/index\/wp-json\/wp\/v2\/product\/95070\/revisions"}],"predecessor-version":[{"id":95075,"href":"https:\/\/brandss.com.py\/index\/wp-json\/wp\/v2\/product\/95070\/revisions\/95075"}],"wp:featuredmedia":[{"embeddable":true,"href":"https:\/\/brandss.com.py\/index\/wp-json\/wp\/v2\/media\/95071"}],"wp:attachment":[{"href":"https:\/\/brandss.com.py\/index\/wp-json\/wp\/v2\/media?parent=95070"}],"wp:term":[{"taxonomy":"product_brand","embeddable":true,"href":"https:\/\/brandss.com.py\/index\/wp-json\/wp\/v2\/product_brand?post=95070"},{"taxonomy":"product_cat","embeddable":true,"href":"https:\/\/brandss.com.py\/index\/wp-json\/wp\/v2\/product_cat?post=95070"},{"taxonomy":"product_tag","embeddable":true,"href":"https:\/\/brandss.com.py\/index\/wp-json\/wp\/v2\/product_tag?post=95070"}],"curies":[{"name":"wp","href":"https:\/\/api.w.org\/{rel}","templated":true}]}}