{"id":95076,"date":"2025-12-17T11:43:42","date_gmt":"2025-12-17T11:43:42","guid":{"rendered":"https:\/\/brandss.com.py\/index\/?post_type=product&#038;p=95076"},"modified":"2026-03-12T11:06:57","modified_gmt":"2026-03-12T11:06:57","slug":"perfume-femenino-mauboussin-in-red-edp-set-4-piezas","status":"publish","type":"product","link":"https:\/\/brandss.com.py\/index\/producto\/perfume-femenino-mauboussin-in-red-edp-set-4-piezas\/","title":{"rendered":"PERFUME FEMENINO MAUBOUSSIN IN RED EDP SET 4 PIEZAS"},"content":{"rendered":"<p><img loading=\"lazy\" decoding=\"async\" class=\"\" src=\"https:\/\/upload.wikimedia.org\/wikipedia\/fr\/thumb\/1\/1c\/Logo_mauboussin.svg\/1200px-Logo_mauboussin.svg.png\" alt=\"Fichier:Logo mauboussin.svg \u2014 Wikip\u00e9dia\" width=\"141\" height=\"50\" \/><\/p>\n<h1>IN RED<\/h1>\n<p>Las ocasiones especiales requieren regalos especiales, tanto si deseas sorprender a tus seres queridos como darte un capricho. El lote de regalo Mauboussin In Red contiene una combinaci\u00f3n de fragancias y productos cosm\u00e9ticos seleccionados con esmero y amor, que dibujar\u00e1n una sonrisa en tu rostro o en el de tus seres queridos, tanto si te decides a explorar todos los productos a la vez como si los abres poco a poco a lo largo de todo el mes.<\/p>\n<p>El set Mauboussin In Red re\u00fane dos frascos de Eau de Parfum y una suave loci\u00f3n corporal hidratante, todos bajo una fragancia unificada. Puedes guardarlos c\u00f3modamente en el elegante neceser incluido en este set. La fragancia In Red est\u00e1 dise\u00f1ada para mujeres, transmitiendo elegancia y admiraci\u00f3n a trav\u00e9s de sus notas. El dise\u00f1o del frasco de Eau de Parfum de tama\u00f1o completo est\u00e1 lleno de simbolismo, creado por Mauboussin para celebrar su 20\u00ba aniversario. Es un homenaje a los perfumes L&#8217;Originale. A trav\u00e9s de los tres colores \u2014 rojo, dorado y negro \u2014 encarna sensualidad, pasi\u00f3n y lujo.<\/p>\n<p>&nbsp;<\/p>\n<h3>Notas Olfativas<\/h3>\n<p>&nbsp;<\/p>\n<p><span dir=\"ltr\" lang=\"es-MX\">El kit de perfume y cuidado corporal Mauboussin In Red combina una fragancia vibrante y seductora que transmite energ\u00eda, elegancia y confianza. Incluye un Eau de Parfum 100 ml, una loci\u00f3n corporal perfumada que hidrata y prolonga el aroma, un gel de ducha perfumado que aporta frescura desde la primera aplicaci\u00f3n, y una mini fragancia, perfecta para llevar contigo en el bolso.\u00a0<\/span><\/p>\n<p><strong>Notas de salida: <\/strong>grosella negra, manzana roja y bergamota.<br \/>\n<strong>Notas de coraz\u00f3n: <\/strong>nectarina, peon\u00eda roja, rosa b\u00falgara.<br \/>\n<strong>Notas de fondo:<\/strong> pralin\u00e9, \u00e1mbar rojo, maderas blancas.<\/p>\n<p><span dir=\"ltr\" lang=\"es-MX\"><strong>El set contiene:<\/strong><\/span><\/p>\n<ul>\n<li><span dir=\"ltr\" lang=\"es-MX\">1 Perfume Mauboussin In Red Eau de Parfum 100ml<\/span><\/li>\n<li><span dir=\"ltr\" lang=\"es-MX\">1 Spray de viaje Mauboussin In Red Eau de Parfum 10ml<\/span><\/li>\n<li><span dir=\"ltr\" lang=\"es-MX\">1 Gel de ducha Mauboussin In Red 75ml<\/span><\/li>\n<li><span dir=\"ltr\" lang=\"es-MX\">1 estuche<\/span><\/li>\n<\/ul>\n","protected":false},"excerpt":{"rendered":"<p>IN RED Las ocasiones especiales requieren regalos especiales, tanto si deseas sorprender a tus seres queridos como darte un capricho.<\/p>\n","protected":false},"featured_media":95077,"comment_status":"open","ping_status":"closed","template":"","meta":{"nf_dc_page":""},"product_brand":[2117],"product_cat":[84],"product_tag":[3088],"class_list":{"0":"post-95076","1":"product","2":"type-product","3":"status-publish","4":"has-post-thumbnail","6":"product_brand-mauboussin","7":"product_cat-perfumeria","8":"product_tag-3088","10":"first","11":"instock","12":"sale","13":"shipping-taxable","14":"purchasable","15":"product-type-simple"},"_links":{"self":[{"href":"https:\/\/brandss.com.py\/index\/wp-json\/wp\/v2\/product\/95076","targetHints":{"allow":["GET"]}}],"collection":[{"href":"https:\/\/brandss.com.py\/index\/wp-json\/wp\/v2\/product"}],"about":[{"href":"https:\/\/brandss.com.py\/index\/wp-json\/wp\/v2\/types\/product"}],"replies":[{"embeddable":true,"href":"https:\/\/brandss.com.py\/index\/wp-json\/wp\/v2\/comments?post=95076"}],"version-history":[{"count":1,"href":"https:\/\/brandss.com.py\/index\/wp-json\/wp\/v2\/product\/95076\/revisions"}],"predecessor-version":[{"id":95080,"href":"https:\/\/brandss.com.py\/index\/wp-json\/wp\/v2\/product\/95076\/revisions\/95080"}],"wp:featuredmedia":[{"embeddable":true,"href":"https:\/\/brandss.com.py\/index\/wp-json\/wp\/v2\/media\/95077"}],"wp:attachment":[{"href":"https:\/\/brandss.com.py\/index\/wp-json\/wp\/v2\/media?parent=95076"}],"wp:term":[{"taxonomy":"product_brand","embeddable":true,"href":"https:\/\/brandss.com.py\/index\/wp-json\/wp\/v2\/product_brand?post=95076"},{"taxonomy":"product_cat","embeddable":true,"href":"https:\/\/brandss.com.py\/index\/wp-json\/wp\/v2\/product_cat?post=95076"},{"taxonomy":"product_tag","embeddable":true,"href":"https:\/\/brandss.com.py\/index\/wp-json\/wp\/v2\/product_tag?post=95076"}],"curies":[{"name":"wp","href":"https:\/\/api.w.org\/{rel}","templated":true}]}}