{"id":95094,"date":"2025-12-17T14:08:23","date_gmt":"2025-12-17T14:08:23","guid":{"rendered":"https:\/\/brandss.com.py\/index\/?post_type=product&#038;p=95094"},"modified":"2026-03-12T12:11:50","modified_gmt":"2026-03-12T12:11:50","slug":"perfume-masculino-police-potion-power-for-him-edp-100ml","status":"publish","type":"product","link":"https:\/\/brandss.com.py\/index\/producto\/perfume-masculino-police-potion-power-for-him-edp-100ml\/","title":{"rendered":"PERFUME MASCULINO POLICE POTION POWER FOR HIM EDP 100ML"},"content":{"rendered":"<p><img loading=\"lazy\" decoding=\"async\" class=\"\" src=\"https:\/\/m.media-amazon.com\/images\/S\/aplus-media\/sota\/49fd393e-894a-4e2b-9bf5-157dee888e82.__CR0,0,600,180_PT0_SX600_V1___.jpg\" alt=\"Amazon.com: Police Icon Eau de Parfum, 4.2 onzas : Belleza y Cuidado  Personal\" width=\"176\" height=\"53\" \/><\/p>\n<h1>POTION POWER<\/h1>\n<p>Es el primer cap\u00edtulo de una colecci\u00f3n de fragancias inspiradas en el m\u00e1gico mundo de las pociones. Police Potion Power es una explosi\u00f3n de pura energ\u00eda y vitalidad que capta y atrapa la atenci\u00f3n sin remedio. Los destellos met\u00e1licos de esta creaci\u00f3n son como una armadura resplandeciente que la hacen inolvidable por su magn\u00e9tico encanto.<\/p>\n<p><img decoding=\"async\" class=\"alignleft\" src=\"https:\/\/http2.mlstatic.com\/D_NQ_NP_849410-MLA49062443861_022022-O.webp\" \/><\/p>\n<h3>Notas Olfativas<\/h3>\n<p>&nbsp;<\/p>\n<p>Creada por Jordi Fern\u00e1ndez, Police Potion Power forma parte de una colecci\u00f3n inspirada en el m\u00e1gico mundo de las pociones, una inspiraci\u00f3n que se refleja claramente en el dise\u00f1o \u00fanico e interesante de su frasco y caja.<\/p>\n<p>El frasco contiene una fragancia de estilo oriental, con notas de salida de bergamota, canela, lavanda y flor de azahar. En el coraz\u00f3n de la fragancia se encuentran notas de \u00e1mbar, jazm\u00edn, rosa dama, notas solares y violeta, junto con notas de fondo de almizcle, maderas preciosas, haba tonka y vainilla. Police Potion Power se lanz\u00f3 en 2021. Elegante, moderna y duradera, ideal para los amantes de las fragancias contempor\u00e1neas.<\/p>\n<p>Las frescas notas c\u00edtricas de salida se combinan con el chispeante car\u00e1cter del azahar, que abre paso a un coraz\u00f3n de maderas refinadas y arom\u00e1ticas. Las c\u00e1lidas notas del almizcle blanco envuelven a quien viste esta fragancia con sensualidad, volvi\u00e9ndola adictiva.<\/p>\n<div><strong>Notas de salida:<\/strong> bergamota, lavanda, notas arom\u00e1ticas, canela, azahar.<\/div>\n<div><strong>Notas de coraz\u00f3n:<\/strong> violeta, pink lady, \u00e1mbar, jazm\u00edn, notas solares.<\/div>\n<div><strong>Notas de fondo:<\/strong> almizcle, vainilla, haba tonka, maderas refinadas.<\/div>\n","protected":false},"excerpt":{"rendered":"<p>POTION POWER Es el primer cap\u00edtulo de una colecci\u00f3n de fragancias inspiradas en el m\u00e1gico mundo de las pociones. Police<\/p>\n","protected":false},"featured_media":95095,"comment_status":"open","ping_status":"closed","template":"","meta":{"nf_dc_page":""},"product_brand":[2029],"product_cat":[84],"product_tag":[2175],"class_list":{"0":"post-95094","1":"product","2":"type-product","3":"status-publish","4":"has-post-thumbnail","6":"product_brand-police","7":"product_cat-perfumeria","8":"product_tag-2175","10":"first","11":"outofstock","12":"shipping-taxable","13":"purchasable","14":"product-type-simple"},"_links":{"self":[{"href":"https:\/\/brandss.com.py\/index\/wp-json\/wp\/v2\/product\/95094","targetHints":{"allow":["GET"]}}],"collection":[{"href":"https:\/\/brandss.com.py\/index\/wp-json\/wp\/v2\/product"}],"about":[{"href":"https:\/\/brandss.com.py\/index\/wp-json\/wp\/v2\/types\/product"}],"replies":[{"embeddable":true,"href":"https:\/\/brandss.com.py\/index\/wp-json\/wp\/v2\/comments?post=95094"}],"version-history":[{"count":1,"href":"https:\/\/brandss.com.py\/index\/wp-json\/wp\/v2\/product\/95094\/revisions"}],"predecessor-version":[{"id":95099,"href":"https:\/\/brandss.com.py\/index\/wp-json\/wp\/v2\/product\/95094\/revisions\/95099"}],"wp:featuredmedia":[{"embeddable":true,"href":"https:\/\/brandss.com.py\/index\/wp-json\/wp\/v2\/media\/95095"}],"wp:attachment":[{"href":"https:\/\/brandss.com.py\/index\/wp-json\/wp\/v2\/media?parent=95094"}],"wp:term":[{"taxonomy":"product_brand","embeddable":true,"href":"https:\/\/brandss.com.py\/index\/wp-json\/wp\/v2\/product_brand?post=95094"},{"taxonomy":"product_cat","embeddable":true,"href":"https:\/\/brandss.com.py\/index\/wp-json\/wp\/v2\/product_cat?post=95094"},{"taxonomy":"product_tag","embeddable":true,"href":"https:\/\/brandss.com.py\/index\/wp-json\/wp\/v2\/product_tag?post=95094"}],"curies":[{"name":"wp","href":"https:\/\/api.w.org\/{rel}","templated":true}]}}