{"id":95101,"date":"2025-12-17T14:34:44","date_gmt":"2025-12-17T14:34:44","guid":{"rendered":"https:\/\/brandss.com.py\/index\/?post_type=product&#038;p=95101"},"modified":"2026-03-12T11:11:58","modified_gmt":"2026-03-12T11:11:58","slug":"perfume-femenino-police-love-cherry-edt-100ml","status":"publish","type":"product","link":"https:\/\/brandss.com.py\/index\/producto\/perfume-femenino-police-love-cherry-edt-100ml\/","title":{"rendered":"PERFUME FEMENINO POLICE LOVE CHERRY EDT 100ML"},"content":{"rendered":"<p><img loading=\"lazy\" decoding=\"async\" class=\"\" src=\"https:\/\/m.media-amazon.com\/images\/S\/aplus-media\/sota\/49fd393e-894a-4e2b-9bf5-157dee888e82.__CR0,0,600,180_PT0_SX600_V1___.jpg\" alt=\"Amazon.com: Police Icon Eau de Parfum, 4.2 onzas : Belleza y Cuidado  Personal\" width=\"180\" height=\"54\" \/><\/p>\n<h1>LOVE CHERRY<\/h1>\n<p>Es una fragancia femenina y alegre con deliciosas notas de cereza. Perfecta para el d\u00eda y la noche. La fragancia Love Cherry es una vibrante mezcla de jugosas notas de cereza con un toque alegre que encarna a la perfecci\u00f3n la esencia alegre de la chica moderna y con estilo.<img loading=\"lazy\" decoding=\"async\" class=\"alignleft\" src=\"https:\/\/m.media-amazon.com\/images\/I\/71L0e1bC40L._AC_SL1500_.jpg\" width=\"600\" height=\"600\" \/><\/p>\n<p>Love Cherry es la \u00faltima fragancia de la l\u00ednea femenina Police Contemporary, creada para encarnar el esp\u00edritu juvenil y alegre de la mujer moderna.<\/p>\n<p>&nbsp;<\/p>\n<h3>Notas Olfativas<\/h3>\n<p>&nbsp;<\/p>\n<p>El viaje comienza con la radiante esencia del Lim\u00f3n Italiano, que se combina armoniosamente con la dulzura de la Cereza y la frescura crujiente de la Pera Crujiente.<\/p>\n<p>Este preludio se ve realzado por la delicada elegancia del aroma de Jazm\u00edn y Mugane\u2122 en el coraz\u00f3n, donde un misterioso Acorde de Caf\u00e9 susurra seducci\u00f3n.<\/p>\n<p>En el fondo, la sofisticaci\u00f3n terrosa del Pachul\u00ed se funde con la suavidad aterciopelada de la Vainilla, entrelazada con la gracia de la Madera de Cedro.<\/p>\n<p>El resultado es una fragancia que irradia modernidad, sensualidad y un encanto atemporal.<\/p>\n<p><strong>Notas de salida:<\/strong> lim\u00f3n italiano, cereza, pera.<\/p>\n<p><strong>Notas de coraz\u00f3n:<\/strong> lirio de los valles, jazm\u00edn, acorde de caf\u00e9.<\/p>\n<p><strong>Notas de fondo:<\/strong> pachul\u00ed, vainilla, madera de cedro.<\/p>\n","protected":false},"excerpt":{"rendered":"<p>LOVE CHERRY Es una fragancia femenina y alegre con deliciosas notas de cereza. Perfecta para el d\u00eda y la noche.<\/p>\n","protected":false},"featured_media":95102,"comment_status":"open","ping_status":"closed","template":"","meta":{"nf_dc_page":""},"product_brand":[2029],"product_cat":[84],"product_tag":[2176],"class_list":{"0":"post-95101","1":"product","2":"type-product","3":"status-publish","4":"has-post-thumbnail","6":"product_brand-police","7":"product_cat-perfumeria","8":"product_tag-2176","10":"first","11":"instock","12":"shipping-taxable","13":"purchasable","14":"product-type-simple"},"_links":{"self":[{"href":"https:\/\/brandss.com.py\/index\/wp-json\/wp\/v2\/product\/95101","targetHints":{"allow":["GET"]}}],"collection":[{"href":"https:\/\/brandss.com.py\/index\/wp-json\/wp\/v2\/product"}],"about":[{"href":"https:\/\/brandss.com.py\/index\/wp-json\/wp\/v2\/types\/product"}],"replies":[{"embeddable":true,"href":"https:\/\/brandss.com.py\/index\/wp-json\/wp\/v2\/comments?post=95101"}],"version-history":[{"count":1,"href":"https:\/\/brandss.com.py\/index\/wp-json\/wp\/v2\/product\/95101\/revisions"}],"predecessor-version":[{"id":95108,"href":"https:\/\/brandss.com.py\/index\/wp-json\/wp\/v2\/product\/95101\/revisions\/95108"}],"wp:featuredmedia":[{"embeddable":true,"href":"https:\/\/brandss.com.py\/index\/wp-json\/wp\/v2\/media\/95102"}],"wp:attachment":[{"href":"https:\/\/brandss.com.py\/index\/wp-json\/wp\/v2\/media?parent=95101"}],"wp:term":[{"taxonomy":"product_brand","embeddable":true,"href":"https:\/\/brandss.com.py\/index\/wp-json\/wp\/v2\/product_brand?post=95101"},{"taxonomy":"product_cat","embeddable":true,"href":"https:\/\/brandss.com.py\/index\/wp-json\/wp\/v2\/product_cat?post=95101"},{"taxonomy":"product_tag","embeddable":true,"href":"https:\/\/brandss.com.py\/index\/wp-json\/wp\/v2\/product_tag?post=95101"}],"curies":[{"name":"wp","href":"https:\/\/api.w.org\/{rel}","templated":true}]}}