{"id":95109,"date":"2025-12-17T16:40:03","date_gmt":"2025-12-17T16:40:03","guid":{"rendered":"https:\/\/brandss.com.py\/index\/?post_type=product&#038;p=95109"},"modified":"2026-03-12T12:09:27","modified_gmt":"2026-03-12T12:09:27","slug":"perfume-unisex-police-to-be-super-pure-edt-125ml","status":"publish","type":"product","link":"https:\/\/brandss.com.py\/index\/producto\/perfume-unisex-police-to-be-super-pure-edt-125ml\/","title":{"rendered":"PERFUME UNISEX POLICE TO BE SUPER PURE EDT 125ML"},"content":{"rendered":"<p><img loading=\"lazy\" decoding=\"async\" class=\"\" src=\"https:\/\/m.media-amazon.com\/images\/S\/aplus-media\/sota\/49fd393e-894a-4e2b-9bf5-157dee888e82.__CR0,0,600,180_PT0_SX600_V1___.jpg\" alt=\"Amazon.com: Police Icon Eau de Parfum, 4.2 onzas : Belleza y Cuidado  Personal\" width=\"137\" height=\"41\" \/><\/p>\n<h1>TO BE SUPER PURE<\/h1>\n<p>Es la quintaesencia de la pureza y la frescura. Desde su frasco transparente hasta su fragancia fluida, este perfume encarna la dualidad; representa la fusi\u00f3n de luminosidad y atracci\u00f3n, lo masculino y lo femenino.<img decoding=\"async\" class=\"alignleft\" src=\"https:\/\/www.myperfumeshop.co.nz\/cdn\/shop\/files\/police-to-be-super-pure-edt-perfume-cologne-447929.png?v=1733355189&amp;width=500\" \/><\/p>\n<p>To Be Super Pure es una fragancia unisex dise\u00f1ada para revelar la verdadera esencia de quien la lleva y eliminar lo innecesario. Este manifiesto olfativo celebra un amor consciente por uno mismo, libre de restricciones y reglas. Este eau de toilette une a mujeres y hombres en una historia extraordinaria, creando un rastro compartido. Simboliza pureza y frescura, impregnando cada aspecto de su aroma: desde el frasco transparente hasta su composici\u00f3n fluida.<\/p>\n<h3>Notas Olfativas<\/h3>\n<p>TO BE SUPER[PURE] es la nueva fragancia vegana, ecodise\u00f1ada y\u00a0 sin g\u00e9nero de Police, que es una invitaci\u00f3n a reconectar con nuestro ser m\u00e1s esencial y a liberarnos de los excesos. Un brioso toque de bergamota, Bigarane\u2122 y aceite esencial de mandarina brilla en un coraz\u00f3n floral de Osmanthus Abs y Mugane\u2122, enriquecido con una refinada nota de aceite esencial de t\u00e9 negro. La creaci\u00f3n se sella en las notas de fondo con una encantadora mezcla amaderada de Driftwood y Maderal\u2122 entrelazada con los tonos frescos del aceite esencial de davana. Fragancia c\u00edtrica amaderada.<\/p>\n<p><strong>Notas de salida:<\/strong> bergamota, mandarina<br \/>\n<strong>Notas de coraz\u00f3n:<\/strong> t\u00e9 negro, Mugane, osmanto.<br \/>\n<strong>Notas de fondo:<\/strong> trozos de madera a la deriva, davana, notas amaderadas.<\/p>\n","protected":false},"excerpt":{"rendered":"<p>TO BE SUPER PURE Es la quintaesencia de la pureza y la frescura. Desde su frasco transparente hasta su fragancia<\/p>\n","protected":false},"featured_media":95110,"comment_status":"open","ping_status":"closed","template":"","meta":{"nf_dc_page":""},"product_brand":[2029],"product_cat":[84],"product_tag":[2177],"class_list":{"0":"post-95109","1":"product","2":"type-product","3":"status-publish","4":"has-post-thumbnail","6":"product_brand-police","7":"product_cat-perfumeria","8":"product_tag-2177","10":"first","11":"instock","12":"shipping-taxable","13":"purchasable","14":"product-type-simple"},"_links":{"self":[{"href":"https:\/\/brandss.com.py\/index\/wp-json\/wp\/v2\/product\/95109","targetHints":{"allow":["GET"]}}],"collection":[{"href":"https:\/\/brandss.com.py\/index\/wp-json\/wp\/v2\/product"}],"about":[{"href":"https:\/\/brandss.com.py\/index\/wp-json\/wp\/v2\/types\/product"}],"replies":[{"embeddable":true,"href":"https:\/\/brandss.com.py\/index\/wp-json\/wp\/v2\/comments?post=95109"}],"version-history":[{"count":1,"href":"https:\/\/brandss.com.py\/index\/wp-json\/wp\/v2\/product\/95109\/revisions"}],"predecessor-version":[{"id":95115,"href":"https:\/\/brandss.com.py\/index\/wp-json\/wp\/v2\/product\/95109\/revisions\/95115"}],"wp:featuredmedia":[{"embeddable":true,"href":"https:\/\/brandss.com.py\/index\/wp-json\/wp\/v2\/media\/95110"}],"wp:attachment":[{"href":"https:\/\/brandss.com.py\/index\/wp-json\/wp\/v2\/media?parent=95109"}],"wp:term":[{"taxonomy":"product_brand","embeddable":true,"href":"https:\/\/brandss.com.py\/index\/wp-json\/wp\/v2\/product_brand?post=95109"},{"taxonomy":"product_cat","embeddable":true,"href":"https:\/\/brandss.com.py\/index\/wp-json\/wp\/v2\/product_cat?post=95109"},{"taxonomy":"product_tag","embeddable":true,"href":"https:\/\/brandss.com.py\/index\/wp-json\/wp\/v2\/product_tag?post=95109"}],"curies":[{"name":"wp","href":"https:\/\/api.w.org\/{rel}","templated":true}]}}