{"id":95116,"date":"2025-12-17T17:22:05","date_gmt":"2025-12-17T17:22:05","guid":{"rendered":"https:\/\/brandss.com.py\/index\/?post_type=product&#038;p=95116"},"modified":"2026-03-12T12:11:01","modified_gmt":"2026-03-12T12:11:01","slug":"perfume-masculino-police-to-be-freetodare-edt-125-ml","status":"publish","type":"product","link":"https:\/\/brandss.com.py\/index\/producto\/perfume-masculino-police-to-be-freetodare-edt-125-ml\/","title":{"rendered":"PERFUME MASCULINO POLICE TO BE #FREETODARE EDT 125 ML"},"content":{"rendered":"<p><img loading=\"lazy\" decoding=\"async\" class=\"\" src=\"https:\/\/m.media-amazon.com\/images\/S\/aplus-media\/sota\/49fd393e-894a-4e2b-9bf5-157dee888e82.__CR0,0,600,180_PT0_SX600_V1___.jpg\" alt=\"Amazon.com: Police Icon Eau de Parfum, 4.2 onzas : Belleza y Cuidado  Personal\" width=\"187\" height=\"56\" \/><\/p>\n<h1>TO BE #FREETODARE<\/h1>\n<p>Presentamos la fragancia atrevida y audaz para hombre: Police To Be #FREETODARE. Representando el esp\u00edritu del hombre moderno, esta fragancia es tan aventurera como sofisticada, perfecta para quienes no temen dejar huella.<\/p>\n<p>To Be #FREETODARE For Him est\u00e1 dedicada a un hombre fuerte y apasionado, que es due\u00f1o de s\u00ed mismo y seduce a los dem\u00e1s con una emoci\u00f3n vibrante y aura energ\u00e9tica. Un juego de luces y sombras caracteriza esta creaci\u00f3n, basada en un frescor arom\u00e1tico poco com\u00fan y un intenso y secado misterioso.<img decoding=\"async\" class=\"alignleft\" src=\"https:\/\/www.ezebra.pl\/data\/include\/cms\/zdjecia-produktow\/Police\/To-Be-Free-to-Dare-for-Man\/Police-To-Be-Free-to-Dare-for-Man.webp\" \/><\/p>\n<p><span dir=\"auto\">Dise\u00f1ado para encarnar el esp\u00edritu de libertad y audacia, Police To Be #FREETODARE es m\u00e1s que una simple fragancia. Es una expresi\u00f3n de la personalidad y una declaraci\u00f3n de individualidad. Presentado en un elegante y estilizado frasco, este EDT en spray es un imprescindible en la colecci\u00f3n de fragancias de cualquier hombre.<\/span><\/p>\n<p><span dir=\"auto\">Ya sea para una ocasi\u00f3n especial o para el d\u00eda a d\u00eda, este Police Men&#8217;s To Be #FREETODARE EDT Spray de 118 ml crea una experiencia arom\u00e1tica inolvidable. Su aroma caracter\u00edstico deja una huella imborrable.\u00a0<\/span><\/p>\n<p>&nbsp;<\/p>\n<h3>Notas Olfativas<\/h3>\n<p>&nbsp;<\/p>\n<p><span dir=\"auto\">Lanzada en 2023 por la reconocida casa de dise\u00f1o Police, esta fragancia es una cautivadora mezcla de notas de salida de cardamomo, pomelo y menta. A este vigorizante comienzo le siguen notas de coraz\u00f3n de notas acu\u00e1ticas, hoja de cedro y geranio, que le aportan un toque inesperado y refrescante.<\/span><\/p>\n<p><span dir=\"auto\">Al asentarse, la fragancia revela las seductoras notas de fondo de ambroxan, vainilla y cedro de Virginia. Estas notas le aportan un matiz c\u00e1lido y sensual, convirti\u00e9ndola en una excelente opci\u00f3n para quienes disfrutan de aromas duraderos e impactantes.<\/span><\/p>\n<p><span dir=\"auto\">\u2022 <strong>Notas de salida:<\/strong> pomelo, menta, cardamomo.<\/span><br \/>\n<span dir=\"auto\"><strong>\u2022 Notas de coraz\u00f3n:<\/strong> acorde acu\u00e1tico, agujas de cedro blanco, geranio.<\/span><br \/>\n<span dir=\"auto\"><strong>\u2022 Notas de fondo:<\/strong> madera de cedro, vainilla, \u00e1mbar.<\/span><\/p>\n","protected":false},"excerpt":{"rendered":"<p>TO BE #FREETODARE Presentamos la fragancia atrevida y audaz para hombre: Police To Be #FREETODARE. Representando el esp\u00edritu del hombre<\/p>\n","protected":false},"featured_media":95117,"comment_status":"open","ping_status":"closed","template":"","meta":{"nf_dc_page":""},"product_brand":[2029],"product_cat":[84],"product_tag":[2178],"class_list":{"0":"post-95116","1":"product","2":"type-product","3":"status-publish","4":"has-post-thumbnail","6":"product_brand-police","7":"product_cat-perfumeria","8":"product_tag-2178","10":"first","11":"instock","12":"shipping-taxable","13":"purchasable","14":"product-type-simple"},"_links":{"self":[{"href":"https:\/\/brandss.com.py\/index\/wp-json\/wp\/v2\/product\/95116","targetHints":{"allow":["GET"]}}],"collection":[{"href":"https:\/\/brandss.com.py\/index\/wp-json\/wp\/v2\/product"}],"about":[{"href":"https:\/\/brandss.com.py\/index\/wp-json\/wp\/v2\/types\/product"}],"replies":[{"embeddable":true,"href":"https:\/\/brandss.com.py\/index\/wp-json\/wp\/v2\/comments?post=95116"}],"version-history":[{"count":1,"href":"https:\/\/brandss.com.py\/index\/wp-json\/wp\/v2\/product\/95116\/revisions"}],"predecessor-version":[{"id":95122,"href":"https:\/\/brandss.com.py\/index\/wp-json\/wp\/v2\/product\/95116\/revisions\/95122"}],"wp:featuredmedia":[{"embeddable":true,"href":"https:\/\/brandss.com.py\/index\/wp-json\/wp\/v2\/media\/95117"}],"wp:attachment":[{"href":"https:\/\/brandss.com.py\/index\/wp-json\/wp\/v2\/media?parent=95116"}],"wp:term":[{"taxonomy":"product_brand","embeddable":true,"href":"https:\/\/brandss.com.py\/index\/wp-json\/wp\/v2\/product_brand?post=95116"},{"taxonomy":"product_cat","embeddable":true,"href":"https:\/\/brandss.com.py\/index\/wp-json\/wp\/v2\/product_cat?post=95116"},{"taxonomy":"product_tag","embeddable":true,"href":"https:\/\/brandss.com.py\/index\/wp-json\/wp\/v2\/product_tag?post=95116"}],"curies":[{"name":"wp","href":"https:\/\/api.w.org\/{rel}","templated":true}]}}