{"id":95123,"date":"2025-12-17T17:57:05","date_gmt":"2025-12-17T17:57:05","guid":{"rendered":"https:\/\/brandss.com.py\/index\/?post_type=product&#038;p=95123"},"modified":"2025-12-17T17:58:54","modified_gmt":"2025-12-17T17:58:54","slug":"perfume-femenino-police-to-be-freetodare-edt-125ml","status":"publish","type":"product","link":"https:\/\/brandss.com.py\/index\/producto\/perfume-femenino-police-to-be-freetodare-edt-125ml\/","title":{"rendered":"PERFUME FEMENINO POLICE TO BE #FREETODARE EDP 125ML"},"content":{"rendered":"<p><img loading=\"lazy\" decoding=\"async\" class=\"\" src=\"https:\/\/m.media-amazon.com\/images\/S\/aplus-media\/sota\/49fd393e-894a-4e2b-9bf5-157dee888e82.__CR0,0,600,180_PT0_SX600_V1___.jpg\" alt=\"Amazon.com: Police Icon Eau de Parfum, 4.2 onzas : Belleza y Cuidado  Personal\" width=\"187\" height=\"56\" \/><\/p>\n<h1>TO BE #FREETODARE<\/h1>\n<p>Es un seductor perfume femenino elaborado para una mujer fascinante y atrevida. To Be #freetodare para mujer es una fragancia ultrafemenina que encarna la esencia de la libertad y la autoexpresi\u00f3n. Este lujoso perfume ofrece una combinaci\u00f3n \u00fanica de sofisticaci\u00f3n y sensualidad, ideal para la mujer moderna.<img loading=\"lazy\" decoding=\"async\" class=\"alignleft\" src=\"https:\/\/www.myperfumeshop.qa\/cdn\/shop\/files\/71C9W1GvgYL._UF1000_1000_QL80__1.png?v=1756139526&amp;width=1000\" width=\"660\" height=\"660\" \/><\/p>\n<p>Police To Be #Freetodare es un perfume para mujer, esta fragancia de \u00e9lite cautiva con su original dise\u00f1o de frasco en forma de calavera, que simboliza tanto la muerte como la victoria sobre ella. Es un perfume para mujeres creativas e impredecibles que valoran la libertad y tienen un gusto refinado. Para quienes nunca se duermen en los laureles y buscan constantemente nuevas experiencias y desaf\u00edos. Police To Be #Freetodare cautiva con su composici\u00f3n ambarada y afrutada, que combina sensualidad, elegancia y energ\u00eda.<\/p>\n<h3>Notas Olfativas<\/h3>\n<p>TO BE #FREETODARE seduce con su explosiva femineidad. Una sorprendente sacudida de vitalidad, pensada para una joven audaz y libre de toda convenci\u00f3n. Esta fragancia luminosa y cautivadora se abre con notas crujientes de pera y lim\u00f3n jugoso, iluminadas por toques vivos de mandarina picante italiana. Notas de coraz\u00f3n florales irresistibles, donde las seductoras notas de jazm\u00edn y heliotropo chocan con el frescor espont\u00e1neo de fresia. Un sorprendente y exclusivo acorde de vainilla y granos de cacao, subraya el car\u00e1cter sensual del s\u00e1ndalo, todo creado para atraer y encantar.<\/p>\n<p><strong><span dir=\"auto\">Notas de salida:<\/span><\/strong><span dir=\"auto\"> mandarina italiana, pera, frambuesa.<\/span><br \/>\n<strong><span dir=\"auto\">Notas de coraz\u00f3n:<\/span><\/strong><span dir=\"auto\"> fresia, heliotropo, jazm\u00edn.<\/span><br \/>\n<strong><span dir=\"auto\">Notas de fondo:<\/span><\/strong><span dir=\"auto\"> cacao, s\u00e1ndalo, vainilla.<\/span><\/p>\n","protected":false},"excerpt":{"rendered":"<p>TO BE #FREETODARE Es un seductor perfume femenino elaborado para una mujer fascinante y atrevida. To Be #freetodare para mujer<\/p>\n","protected":false},"featured_media":95124,"comment_status":"open","ping_status":"closed","template":"","meta":{"nf_dc_page":""},"product_brand":[2029],"product_cat":[84],"product_tag":[2179],"class_list":{"0":"post-95123","1":"product","2":"type-product","3":"status-publish","4":"has-post-thumbnail","6":"product_brand-police","7":"product_cat-perfumeria","8":"product_tag-2179","10":"first","11":"instock","12":"shipping-taxable","13":"purchasable","14":"product-type-simple"},"_links":{"self":[{"href":"https:\/\/brandss.com.py\/index\/wp-json\/wp\/v2\/product\/95123","targetHints":{"allow":["GET"]}}],"collection":[{"href":"https:\/\/brandss.com.py\/index\/wp-json\/wp\/v2\/product"}],"about":[{"href":"https:\/\/brandss.com.py\/index\/wp-json\/wp\/v2\/types\/product"}],"replies":[{"embeddable":true,"href":"https:\/\/brandss.com.py\/index\/wp-json\/wp\/v2\/comments?post=95123"}],"version-history":[{"count":2,"href":"https:\/\/brandss.com.py\/index\/wp-json\/wp\/v2\/product\/95123\/revisions"}],"predecessor-version":[{"id":95130,"href":"https:\/\/brandss.com.py\/index\/wp-json\/wp\/v2\/product\/95123\/revisions\/95130"}],"wp:featuredmedia":[{"embeddable":true,"href":"https:\/\/brandss.com.py\/index\/wp-json\/wp\/v2\/media\/95124"}],"wp:attachment":[{"href":"https:\/\/brandss.com.py\/index\/wp-json\/wp\/v2\/media?parent=95123"}],"wp:term":[{"taxonomy":"product_brand","embeddable":true,"href":"https:\/\/brandss.com.py\/index\/wp-json\/wp\/v2\/product_brand?post=95123"},{"taxonomy":"product_cat","embeddable":true,"href":"https:\/\/brandss.com.py\/index\/wp-json\/wp\/v2\/product_cat?post=95123"},{"taxonomy":"product_tag","embeddable":true,"href":"https:\/\/brandss.com.py\/index\/wp-json\/wp\/v2\/product_tag?post=95123"}],"curies":[{"name":"wp","href":"https:\/\/api.w.org\/{rel}","templated":true}]}}