{"id":95138,"date":"2025-12-18T16:39:16","date_gmt":"2025-12-18T16:39:16","guid":{"rendered":"https:\/\/brandss.com.py\/index\/?post_type=product&#038;p=95138"},"modified":"2025-12-18T16:43:02","modified_gmt":"2025-12-18T16:43:02","slug":"perfume-masculino-replay-green-on-me-edt-100ml","status":"publish","type":"product","link":"https:\/\/brandss.com.py\/index\/producto\/perfume-masculino-replay-green-on-me-edt-100ml\/","title":{"rendered":"PERFUME MASCULINO REPLAY GREEN ON ME EDT 100ML"},"content":{"rendered":"<p><img loading=\"lazy\" decoding=\"async\" class=\"\" src=\"https:\/\/cdn.perfumetrader.de\/media\/catalog\/category\/REPLAY_FRAGRANCES_nero_1.png\" alt=\"Replay Signature for Her! Eau de Toilette 60 ml | Perfumetrader\" width=\"168\" height=\"48\" \/><\/p>\n<h1>GREEN ON ME<\/h1>\n<p>Un viaje al verde de las monta\u00f1as, entre manantiales frescos y cristalinos y los embriagadores aromas de la vegetaci\u00f3n. Hojas vibrantes enmarcan el paisaje, creando armoniosos efectos de luz: una experiencia inmersa en la riqueza de la naturaleza.<\/p>\n<p><img loading=\"lazy\" decoding=\"async\" class=\"alignleft\" src=\"https:\/\/i.ebayimg.com\/images\/g\/IlcAAeSwPHBocifp\/s-l1600.webp\" width=\"557\" height=\"802\" \/><\/p>\n<h3>\nNotas Olfativas<\/h3>\n<p>&nbsp;<\/p>\n<p>Un viaje al abrazo verde de las monta\u00f1as ofrece una aventura sensorial incomparable, evocando las notas arom\u00e1ticas de una fragancia compleja.<\/p>\n<p>Comienza con una apertura viva y especiada de cardamomo, pimienta blanca y un toque c\u00edtrico de naranja, que recuerdan la pureza del aire de monta\u00f1a y la energ\u00eda de las aguas cristalinas.<\/p>\n<p>Cada paso se da en un reino entre corrientes fr\u00edas y la embriaguez de la vegetaci\u00f3n frondosa, intensificada por el coraz\u00f3n \u00fanico de flor de cannabis, la calidez del clavo y la profundidad del ajenjo, evocando la riqueza de los bosques en flor y la complejidad de la vida salvaje.<\/p>\n<p>La experiencia se sumerge a\u00fan m\u00e1s con una base c\u00e1lida y envolvente de s\u00e1ndalo, Iso E Super y madera de \u00e1mbar, que reflejan el aroma terroso del suelo bajo el dosel del bosque y el misterio de los parajes antiguos.<\/p>\n<p>El aire fresco y h\u00famedo acaricia la piel, recordando la naturaleza virgen que nos rodea, mientras el follaje vibrante crea un tapiz vivo que enmarca el paisaje, casi entrelazado con los acentos arom\u00e1ticos de la fragancia.<\/p>\n<p><strong>\u00a0Notas de salida:<\/strong> cardamomo, pimienta blanca, naranja.<\/p>\n<p><strong>Notas de coraz\u00f3n:<\/strong> clavel, artemisa.<\/p>\n<p><strong>Notas de fondo:<\/strong> s\u00e1ndalo, iso e super, maderas de \u00e1mbar.<\/p>\n","protected":false},"excerpt":{"rendered":"<p>GREEN ON ME Un viaje al verde de las monta\u00f1as, entre manantiales frescos y cristalinos y los embriagadores aromas de<\/p>\n","protected":false},"featured_media":95139,"comment_status":"open","ping_status":"closed","template":"","meta":{"nf_dc_page":""},"product_brand":[2172],"product_cat":[84],"product_tag":[2181],"class_list":{"0":"post-95138","1":"product","2":"type-product","3":"status-publish","4":"has-post-thumbnail","6":"product_brand-replay","7":"product_cat-perfumeria","8":"product_tag-2181","10":"first","11":"instock","12":"shipping-taxable","13":"purchasable","14":"product-type-simple"},"_links":{"self":[{"href":"https:\/\/brandss.com.py\/index\/wp-json\/wp\/v2\/product\/95138","targetHints":{"allow":["GET"]}}],"collection":[{"href":"https:\/\/brandss.com.py\/index\/wp-json\/wp\/v2\/product"}],"about":[{"href":"https:\/\/brandss.com.py\/index\/wp-json\/wp\/v2\/types\/product"}],"replies":[{"embeddable":true,"href":"https:\/\/brandss.com.py\/index\/wp-json\/wp\/v2\/comments?post=95138"}],"version-history":[{"count":1,"href":"https:\/\/brandss.com.py\/index\/wp-json\/wp\/v2\/product\/95138\/revisions"}],"predecessor-version":[{"id":95144,"href":"https:\/\/brandss.com.py\/index\/wp-json\/wp\/v2\/product\/95138\/revisions\/95144"}],"wp:featuredmedia":[{"embeddable":true,"href":"https:\/\/brandss.com.py\/index\/wp-json\/wp\/v2\/media\/95139"}],"wp:attachment":[{"href":"https:\/\/brandss.com.py\/index\/wp-json\/wp\/v2\/media?parent=95138"}],"wp:term":[{"taxonomy":"product_brand","embeddable":true,"href":"https:\/\/brandss.com.py\/index\/wp-json\/wp\/v2\/product_brand?post=95138"},{"taxonomy":"product_cat","embeddable":true,"href":"https:\/\/brandss.com.py\/index\/wp-json\/wp\/v2\/product_cat?post=95138"},{"taxonomy":"product_tag","embeddable":true,"href":"https:\/\/brandss.com.py\/index\/wp-json\/wp\/v2\/product_tag?post=95138"}],"curies":[{"name":"wp","href":"https:\/\/api.w.org\/{rel}","templated":true}]}}