{"id":95152,"date":"2025-12-19T12:49:47","date_gmt":"2025-12-19T12:49:47","guid":{"rendered":"https:\/\/brandss.com.py\/index\/?post_type=product&#038;p=95152"},"modified":"2025-12-19T12:50:18","modified_gmt":"2025-12-19T12:50:18","slug":"perfume-masculino-bespoke-london-wild-herbs-and-tonka-bean-edp-100ml","status":"publish","type":"product","link":"https:\/\/brandss.com.py\/index\/producto\/perfume-masculino-bespoke-london-wild-herbs-and-tonka-bean-edp-100ml\/","title":{"rendered":"PERFUME MASCULINO BESPOKE LONDON WILD HERBS AND TONKA BEAN EDP 100ML"},"content":{"rendered":"<p><img loading=\"lazy\" decoding=\"async\" class=\"\" src=\"https:\/\/encrypted-tbn0.gstatic.com\/images?q=tbn:ANd9GcT64y79eoG_Kji3L1GzOqvQRRHgb5kxtS8lQg&amp;s\" alt=\"Bespoke London | lyko.com\" width=\"148\" height=\"45\" \/><\/p>\n<h1>WILD HERBS AND TONKA BEAN<\/h1>\n<p><i><span dir=\"auto\">Un tributo a la artesan\u00eda brit\u00e1nica y la audacia moderna<\/span><\/i><\/p>\n<p>Una fragancia masculina que captura la esencia de la naturaleza brit\u00e1nica y el lujo moderno. <span class=\"a-list-item\"><span dir=\"auto\">\u00bfFresco, encantador, carism\u00e1tico y seguro de s\u00ed mismo? As\u00ed es el hombre BESPOKE LONDON. BESPOKE LONDON presenta una nueva gama de fragancias para hombres que aprecian las cosas buenas de la vida. <\/span><\/span><span class=\"a-list-item\"><span dir=\"auto\">Inspirado en materiales lujosos y en lo esencialmente brit\u00e1nico, atraer\u00e1 a una amplia gama de hombres j\u00f3venes y caballeros maduros que buscan una fragancia de alta calidad.<img loading=\"lazy\" decoding=\"async\" class=\"alignleft\" src=\"https:\/\/media.superdrug.com\/\/medias\/sys_master\/prd-images\/h7e\/hc1\/11252580450334\/prd-ls2-779507_600x600\/prd-ls2-779507-600x600.jpg\" width=\"536\" height=\"536\" \/><\/span><\/span><\/p>\n<p><span dir=\"auto\">Inspirado en los paisajes salvajes del Reino Unido y la precisi\u00f3n de los accesorios de lujo,\u00a0<\/span><span dir=\"auto\">Bespoke London Wild Herbs &amp; Tonka Bean<\/span><span dir=\"auto\">\u00a0es una fragancia que trasciende tendencias. Dise\u00f1ada para el hombre que valora la autenticidad, esta composici\u00f3n equilibra frescura herbal, especias vibrantes y profundidad amaderada.<\/span><\/p>\n<p>&nbsp;<\/p>\n<h3>Notas Olfativas<\/h3>\n<p>&nbsp;<\/p>\n<p>Si\u00e9ntete fresco y sofisticado con Wild Herbs &amp; Tonka Bean. Las notas de salida de romero, salvia y lima se combinan con nuez moscada, jengibre, geranio y cardamomo para un aroma inigualable. Haba tonka, cacao y s\u00e1ndalo son la base de esta fragancia diaria.<\/p>\n<ul>\n<li><strong><span dir=\"auto\">Notas de salida: <\/span><\/strong><span dir=\"auto\">r<\/span><span dir=\"auto\">omero,<\/span><span dir=\"auto\">\u00a0<\/span><span dir=\"auto\">salvia esclarea, pomelo, mandarina, lima, lim\u00f3n, naranja.<\/span><\/li>\n<li><strong><span dir=\"auto\">Notas de coraz\u00f3n: <\/span><\/strong><span dir=\"auto\">nuez moscada,<\/span><span dir=\"auto\">\u00a0<\/span><span dir=\"auto\">jengibre, cardamomo, lavanda, geranio.<\/span><\/li>\n<li><strong><span dir=\"auto\">Notas de fondo: <\/span><\/strong><span dir=\"auto\">pachul\u00ed, madera de cedro, s\u00e1ndalo, \u00e1mbar, vainilla, musgo, <\/span><span dir=\"auto\">haba tonka,<\/span><span dir=\"auto\">\u00a0<\/span><span dir=\"auto\">cacao<\/span><i><span dir=\"auto\">.<\/span><\/i><\/li>\n<\/ul>\n","protected":false},"excerpt":{"rendered":"<p>WILD HERBS AND TONKA BEAN Un tributo a la artesan\u00eda brit\u00e1nica y la audacia moderna Una fragancia masculina que captura<\/p>\n","protected":false},"featured_media":95153,"comment_status":"open","ping_status":"closed","template":"","meta":{"nf_dc_page":""},"product_brand":[2183],"product_cat":[84],"product_tag":[2184],"class_list":{"0":"post-95152","1":"product","2":"type-product","3":"status-publish","4":"has-post-thumbnail","6":"product_brand-bespoke-london","7":"product_cat-perfumeria","8":"product_tag-2184","10":"first","11":"instock","12":"shipping-taxable","13":"purchasable","14":"product-type-simple"},"_links":{"self":[{"href":"https:\/\/brandss.com.py\/index\/wp-json\/wp\/v2\/product\/95152","targetHints":{"allow":["GET"]}}],"collection":[{"href":"https:\/\/brandss.com.py\/index\/wp-json\/wp\/v2\/product"}],"about":[{"href":"https:\/\/brandss.com.py\/index\/wp-json\/wp\/v2\/types\/product"}],"replies":[{"embeddable":true,"href":"https:\/\/brandss.com.py\/index\/wp-json\/wp\/v2\/comments?post=95152"}],"version-history":[{"count":1,"href":"https:\/\/brandss.com.py\/index\/wp-json\/wp\/v2\/product\/95152\/revisions"}],"predecessor-version":[{"id":95158,"href":"https:\/\/brandss.com.py\/index\/wp-json\/wp\/v2\/product\/95152\/revisions\/95158"}],"wp:featuredmedia":[{"embeddable":true,"href":"https:\/\/brandss.com.py\/index\/wp-json\/wp\/v2\/media\/95153"}],"wp:attachment":[{"href":"https:\/\/brandss.com.py\/index\/wp-json\/wp\/v2\/media?parent=95152"}],"wp:term":[{"taxonomy":"product_brand","embeddable":true,"href":"https:\/\/brandss.com.py\/index\/wp-json\/wp\/v2\/product_brand?post=95152"},{"taxonomy":"product_cat","embeddable":true,"href":"https:\/\/brandss.com.py\/index\/wp-json\/wp\/v2\/product_cat?post=95152"},{"taxonomy":"product_tag","embeddable":true,"href":"https:\/\/brandss.com.py\/index\/wp-json\/wp\/v2\/product_tag?post=95152"}],"curies":[{"name":"wp","href":"https:\/\/api.w.org\/{rel}","templated":true}]}}