{"id":95233,"date":"2025-12-22T11:10:07","date_gmt":"2025-12-22T11:10:07","guid":{"rendered":"https:\/\/brandss.com.py\/index\/?post_type=product&#038;p=95233"},"modified":"2025-12-22T17:11:38","modified_gmt":"2025-12-22T17:11:38","slug":"perfume-feminino-animale-sexy-edp-100ml","status":"publish","type":"product","link":"https:\/\/brandss.com.py\/index\/producto\/perfume-feminino-animale-sexy-edp-100ml\/","title":{"rendered":"PERFUME FEMENINO ANIMALE SEXY EDP 100ML"},"content":{"rendered":"<p><img loading=\"lazy\" decoding=\"async\" class=\"\" src=\"https:\/\/priveperfumes.com\/cdn\/shop\/collections\/animale-prive-perfumes-banner.webp?v=1741500465&amp;width=1024\" alt=\"Animale | Perfumes de Lujo | Priv\u00e9 Perfumes\" width=\"67\" height=\"67\" \/><\/p>\n<h1>SEXY<\/h1>\n<p>Moderno. Atractivo. Audaz. Animale Sexy es una fragancia envolvente que captura la esencia de una mujer poderosa y encantadora.<\/p>\n<p><img loading=\"lazy\" decoding=\"async\" class=\"alignleft\" src=\"https:\/\/compras.macedonia.com.py\/wp-content\/uploads\/2021\/09\/cea2d199-a3e3-462c-b888-fb804b52cff3-animale-sexy-eau-de-perfume-perfume-feminino-100ml.png\" width=\"477\" height=\"477\" \/><\/p>\n<h3>Notas Olfativas<\/h3>\n<p>&nbsp;<\/p>\n<p>La fragancia se abre con notas frescas de bergamota y fresia que deslumbran los sentidos con un toque de frutos del bosque.<\/p>\n<p>El coraz\u00f3n se desarrolla elegantemente con notas de jazm\u00edn, flor de azahar y la ex\u00f3tica orqu\u00eddea p\u00farpura, mientras que el fondo de pachul\u00ed caramelizado, almizcle y gotas de elixir de vainilla despliega con fuerza una estela \u00edntima y duradera.<\/p>\n<p>&nbsp;<\/p>\n<p><strong>Notas de salida:<\/strong> bayas silvestres, fresia, bergamota.<\/p>\n<p><strong>Notas de coraz\u00f3n:<\/strong> jazm\u00edn, flor de azahar del naranjo, orqu\u00eddea.<br \/>\n<strong><br \/>\nNotas de fondo:<\/strong> caramelo, almizcle, absoluto de vainilla, pachul\u00ed.<\/p>\n","protected":false},"excerpt":{"rendered":"<p>SEXY Moderno. Atractivo. Audaz. Animale Sexy es una fragancia envolvente que captura la esencia de una mujer poderosa y encantadora.<\/p>\n","protected":false},"featured_media":95234,"comment_status":"open","ping_status":"closed","template":"","meta":{"nf_dc_page":""},"product_brand":[97],"product_cat":[84],"product_tag":[2199],"class_list":{"0":"post-95233","1":"product","2":"type-product","3":"status-publish","4":"has-post-thumbnail","6":"product_brand-animale","7":"product_cat-perfumeria","8":"product_tag-2199","10":"first","11":"instock","12":"shipping-taxable","13":"purchasable","14":"product-type-simple"},"_links":{"self":[{"href":"https:\/\/brandss.com.py\/index\/wp-json\/wp\/v2\/product\/95233","targetHints":{"allow":["GET"]}}],"collection":[{"href":"https:\/\/brandss.com.py\/index\/wp-json\/wp\/v2\/product"}],"about":[{"href":"https:\/\/brandss.com.py\/index\/wp-json\/wp\/v2\/types\/product"}],"replies":[{"embeddable":true,"href":"https:\/\/brandss.com.py\/index\/wp-json\/wp\/v2\/comments?post=95233"}],"version-history":[{"count":2,"href":"https:\/\/brandss.com.py\/index\/wp-json\/wp\/v2\/product\/95233\/revisions"}],"predecessor-version":[{"id":95248,"href":"https:\/\/brandss.com.py\/index\/wp-json\/wp\/v2\/product\/95233\/revisions\/95248"}],"wp:featuredmedia":[{"embeddable":true,"href":"https:\/\/brandss.com.py\/index\/wp-json\/wp\/v2\/media\/95234"}],"wp:attachment":[{"href":"https:\/\/brandss.com.py\/index\/wp-json\/wp\/v2\/media?parent=95233"}],"wp:term":[{"taxonomy":"product_brand","embeddable":true,"href":"https:\/\/brandss.com.py\/index\/wp-json\/wp\/v2\/product_brand?post=95233"},{"taxonomy":"product_cat","embeddable":true,"href":"https:\/\/brandss.com.py\/index\/wp-json\/wp\/v2\/product_cat?post=95233"},{"taxonomy":"product_tag","embeddable":true,"href":"https:\/\/brandss.com.py\/index\/wp-json\/wp\/v2\/product_tag?post=95233"}],"curies":[{"name":"wp","href":"https:\/\/api.w.org\/{rel}","templated":true}]}}