{"id":95239,"date":"2025-12-22T12:21:12","date_gmt":"2025-12-22T12:21:12","guid":{"rendered":"https:\/\/brandss.com.py\/index\/?post_type=product&#038;p=95239"},"modified":"2026-03-23T16:55:15","modified_gmt":"2026-03-23T16:55:15","slug":"perfume-unisex-lattafa-al-noble-wazeer-edp-100ml","status":"publish","type":"product","link":"https:\/\/brandss.com.py\/index\/producto\/perfume-unisex-lattafa-al-noble-wazeer-edp-100ml\/","title":{"rendered":"PERFUME UNISEX LATTAFA AL NOBLE WAZEER EDP 100ML"},"content":{"rendered":"<p><img loading=\"lazy\" decoding=\"async\" class=\"\" src=\"https:\/\/myscentjourney.s3.us-east-2.amazonaws.com\/2022\/02\/14\/29KIascent_j_marca_1644871114_202.png\" alt=\"MSJ::LATTAFA\" width=\"81\" height=\"96\" \/><\/p>\n<h1>AL NOBLE WAZEER<\/h1>\n<p>Es como una pel\u00edcula en la que el protagonista seduce a cada uno de los sentidos. Es el aroma que susurra promesas de emociones intensas y momentos compartidos en la oscuridad del cine. Es la fragancia que te transporta a un mundo de tentaci\u00f3n y deleite, donde las risas y la complicidad se entrelazan con miradas c\u00f3mplices y caricias furtivas. Descubre la seducci\u00f3n de Al Noble Wazeer y vive una experiencia cinematogr\u00e1fica llena de sensualidad y placer!!<img decoding=\"async\" class=\"alignleft\" src=\"https:\/\/www.farmadon.com.ve\/wp-content\/uploads\/2024\/06\/Lattafa-Al-Noble-Wazeer-Eau-De-Parfum-100Ml-2v.png\" \/><\/p>\n<p>Wazeer es una fragancia elegante y sofisticada. Ideal para el uso diario y ocasiones especiales, este perfume destaca por su frescura y profundidad, perfecto para quienes buscan un aroma que inspire confianza y estilo.<\/p>\n<p>&nbsp;<\/p>\n<h3>Notas Olfativas<\/h3>\n<p>&nbsp;<\/p>\n<p>Wazeer de Lattafa Perfumes es una creaci\u00f3n olfativa de la marca Lattafa Perfumes, lanzada al mercado en 2022. Esta fragancia se presenta en concentraci\u00f3n Eau de Parfum y est\u00e1 dise\u00f1ada para Hombres y Mujeres, representando una sofisticada interpretaci\u00f3n dentro de la familia Frutal y Amaderada.<\/p>\n<p>El inicio es brillante y fresco, con notas de menta, naranja, bergamota y enebro de Virginia que aportan una explosi\u00f3n de frescura desde el primer momento.<\/p>\n<p>En el coraz\u00f3n, la fragancia se enriquece con un aroma dulce y afrutado, gracias a las notas de chocolate, caramelo, pera, iris y frambuesa, que a\u00f1aden un toque elegante y equilibrado.<\/p>\n<p>El cierre es c\u00e1lido y envolvente, con una base de \u00e1mbar, vainilla, s\u00e1ndalo, almizcle, cedro y vetiver, que proporciona una profundidad duradera y una sensaci\u00f3n envolvente, dejando una estela memorable y encantadora.<\/p>\n<ul>\n<li><strong>Notas de salida: <\/strong>menta, naranja, bergamota, enebro de virginia.<\/li>\n<li><strong>Notas de coraz\u00f3n: <\/strong>chocolate, caramelo, pera, iris, frambuesa.<\/li>\n<li><strong>Notas de fondo:<\/strong> \u00e1mbar, vainilla, s\u00e1ndalo, almizcle, cedro, vetiver.<\/li>\n<\/ul>\n","protected":false},"excerpt":{"rendered":"<p>AL NOBLE WAZEER Es como una pel\u00edcula en la que el protagonista seduce a cada uno de los sentidos. Es<\/p>\n","protected":false},"featured_media":95240,"comment_status":"open","ping_status":"closed","template":"","meta":{"nf_dc_page":""},"product_brand":[109],"product_cat":[84],"product_tag":[2200],"class_list":{"0":"post-95239","1":"product","2":"type-product","3":"status-publish","4":"has-post-thumbnail","6":"product_brand-lattafa","7":"product_cat-perfumeria","8":"product_tag-2200","10":"first","11":"instock","12":"sale","13":"shipping-taxable","14":"purchasable","15":"product-type-simple"},"_links":{"self":[{"href":"https:\/\/brandss.com.py\/index\/wp-json\/wp\/v2\/product\/95239","targetHints":{"allow":["GET"]}}],"collection":[{"href":"https:\/\/brandss.com.py\/index\/wp-json\/wp\/v2\/product"}],"about":[{"href":"https:\/\/brandss.com.py\/index\/wp-json\/wp\/v2\/types\/product"}],"replies":[{"embeddable":true,"href":"https:\/\/brandss.com.py\/index\/wp-json\/wp\/v2\/comments?post=95239"}],"version-history":[{"count":1,"href":"https:\/\/brandss.com.py\/index\/wp-json\/wp\/v2\/product\/95239\/revisions"}],"predecessor-version":[{"id":95245,"href":"https:\/\/brandss.com.py\/index\/wp-json\/wp\/v2\/product\/95239\/revisions\/95245"}],"wp:featuredmedia":[{"embeddable":true,"href":"https:\/\/brandss.com.py\/index\/wp-json\/wp\/v2\/media\/95240"}],"wp:attachment":[{"href":"https:\/\/brandss.com.py\/index\/wp-json\/wp\/v2\/media?parent=95239"}],"wp:term":[{"taxonomy":"product_brand","embeddable":true,"href":"https:\/\/brandss.com.py\/index\/wp-json\/wp\/v2\/product_brand?post=95239"},{"taxonomy":"product_cat","embeddable":true,"href":"https:\/\/brandss.com.py\/index\/wp-json\/wp\/v2\/product_cat?post=95239"},{"taxonomy":"product_tag","embeddable":true,"href":"https:\/\/brandss.com.py\/index\/wp-json\/wp\/v2\/product_tag?post=95239"}],"curies":[{"name":"wp","href":"https:\/\/api.w.org\/{rel}","templated":true}]}}