{"id":95327,"date":"2025-12-26T18:47:37","date_gmt":"2025-12-26T18:47:37","guid":{"rendered":"https:\/\/brandss.com.py\/index\/?post_type=product&#038;p=95327"},"modified":"2026-03-25T19:17:23","modified_gmt":"2026-03-25T19:17:23","slug":"perfume-masculino-emper-le-chameau-arabia-explorer-edp-100ml","status":"publish","type":"product","link":"https:\/\/brandss.com.py\/index\/producto\/perfume-masculino-emper-le-chameau-arabia-explorer-edp-100ml\/","title":{"rendered":"PERFUME MASCULINO EMPER LE CHAMEAU ARABIA EXPLORER EDP 100ML"},"content":{"rendered":"<p><img loading=\"lazy\" decoding=\"async\" class=\"\" src=\"https:\/\/www.perfumesmalaga.es\/img\/cms\/emper-breadcrumb.png\" alt=\"Luxe Verde de Emper, est\u00e1 inspirado en la belleza del misterio\" width=\"89\" height=\"74\" \/><\/p>\n<h1>LE CHAMEAU ARABIA EXPLORER<\/h1>\n<p><em><strong data-start=\"419\" data-end=\"497\">\u00a1Un viaje arom\u00e1tico que fusiona frescura, elegancia y esp\u00edritu aventurero!<\/strong>\u00a0<\/em><\/p>\n<p>Es\u00a0 una fragancia para aquellos hombres que ven un nuevo reto en cada d\u00eda. La fragancia cobra fuerza desde el primer instante con frescor y energ\u00eda, para dejar a continuaci\u00f3n una huella carism\u00e1tica cargada de profundidad y de gusto refinado. Irradia vitalidad, osad\u00eda y confianza en uno mismo: precisamente lo que define a los exploradores de hoy en d\u00eda.<img loading=\"lazy\" decoding=\"async\" class=\"alignleft\" src=\"https:\/\/compuboutique.com\/cdn\/shop\/files\/Arabia-Explorer-by-Le-Chameau-Eau-de-Parfum-for-Men_1_800x.jpg?v=1718661911\" width=\"614\" height=\"614\" \/><\/p>\n<p>Este perfume ensalza la calidad, la visi\u00f3n y el logro, inspirado en la sensacional experiencia de exploraci\u00f3n, armon\u00eda y sentimiento que cualquier hombre ha vivido. El envase encapsula un camello y representa el esp\u00edritu de la curiosidad. Inspirado en la exploraci\u00f3n del desierto, revela las muchas maravillas que hay por descubrir.<\/p>\n<p><span dir=\"auto\">Arabia Explorer no es solo un perfume; es tu compa\u00f1ero en tu viaje hacia la grandeza. Ya sea que est\u00e9s escalando monta\u00f1as o explorando junglas urbanas, deja que su vigorizante mezcla de ingredientes te inspire a superar l\u00edmites y desafiar expectativas.<\/span><\/p>\n<p><span dir=\"auto\">Esta fragancia est\u00e1 dise\u00f1ada para el hombre que se deleita con la emoci\u00f3n y acepta la incertidumbre. Con cada rociado, Arabia Explorer te anima a salir de tu zona de confort y a abrazar la emoci\u00f3n de lo desconocido.<\/span><\/p>\n<p><span dir=\"auto\">Marca la diferencia con Arabia Explorer para hombre, una fragancia exclusiva que refleja tu personalidad audaz. Su distintiva combinaci\u00f3n de frescura c\u00edtrica y sensualidad te garantiza dejar una huella imborrable dondequiera que vayas.<\/span><\/p>\n<p><span dir=\"auto\">Ya sea que te prepares para una reuni\u00f3n de negocios o una escapada de fin de semana, esta fragancia se adapta a la perfecci\u00f3n a cualquier ocasi\u00f3n. Es el complemento perfecto para tu seguridad y esp\u00edritu aventurero.<\/span><\/p>\n<p>&nbsp;<\/p>\n<h3>Notas Olfativas<\/h3>\n<p>&nbsp;<\/p>\n<p><span dir=\"auto\">Imag\u00ednate embarcando en una expedici\u00f3n a trav\u00e9s de territorios inexplorados, guiado por la estela arom\u00e1tica de Arabia Explorer, es m\u00e1s que una simple fragancia: es un viaje olfativo para el alma aventurera. Con vibrantes notas c\u00edtricas de bergamota, manzana verde y pi\u00f1a, esta fragancia cautiva inmediatamente los sentidos con su refrescante encanto. A medida que la fragancia evoluciona, emergen la calidez del \u00e1mbar y la terrosidad del musgo de roble, dejando una huella imborrable de resiliencia y determinaci\u00f3n. El coraz\u00f3n de Arabia Explorer para hombre revela una sofisticada mezcla de jazm\u00edn y cuero, que a\u00f1ade una capa de intriga y profundidad que evoca la exploraci\u00f3n intr\u00e9pida. Estas notas se entrelazan para evocar la esencia del descubrimiento y la valent\u00eda, invit\u00e1ndote a explorar nuevos horizontes.\u00a0<\/span><\/p>\n<p><span dir=\"auto\">Dise\u00f1ada para el explorador moderno, esta fragancia es un testimonio de fuerza y \u200b\u200bperseverancia. Representa el esp\u00edritu de quienes buscan desaf\u00edos, listos para conquistar el mundo a cada paso.<\/span><\/p>\n<ul>\n<li><strong><span dir=\"auto\">Notas de sallida:<\/span><\/strong><span dir=\"auto\"> bergamota, pimienta rosa, manzana verde, pi\u00f1a, grosella negra.<\/span><\/li>\n<li><strong><span dir=\"auto\">Notas de coraz\u00f3n:<\/span><\/strong><span dir=\"auto\"> pachul\u00ed, jazm\u00edn, cuero.<\/span><\/li>\n<li><strong><span dir=\"auto\">Notas de fondo:<\/span><\/strong><span dir=\"auto\"> \u00e1mbar, musgo de roble, almizcle blanco.<\/span><\/li>\n<\/ul>\n","protected":false},"excerpt":{"rendered":"<p>LE CHAMEAU ARABIA EXPLORER \u00a1Un viaje arom\u00e1tico que fusiona frescura, elegancia y esp\u00edritu aventurero!\u00a0 Es\u00a0 una fragancia para aquellos hombres<\/p>\n","protected":false},"featured_media":95328,"comment_status":"open","ping_status":"closed","template":"","meta":{"nf_dc_page":""},"product_brand":[2211],"product_cat":[84],"product_tag":[2223],"class_list":{"0":"post-95327","1":"product","2":"type-product","3":"status-publish","4":"has-post-thumbnail","6":"product_brand-emper","7":"product_cat-perfumeria","8":"product_tag-2223","10":"first","11":"instock","12":"sale","13":"shipping-taxable","14":"purchasable","15":"product-type-simple"},"_links":{"self":[{"href":"https:\/\/brandss.com.py\/index\/wp-json\/wp\/v2\/product\/95327","targetHints":{"allow":["GET"]}}],"collection":[{"href":"https:\/\/brandss.com.py\/index\/wp-json\/wp\/v2\/product"}],"about":[{"href":"https:\/\/brandss.com.py\/index\/wp-json\/wp\/v2\/types\/product"}],"replies":[{"embeddable":true,"href":"https:\/\/brandss.com.py\/index\/wp-json\/wp\/v2\/comments?post=95327"}],"version-history":[{"count":1,"href":"https:\/\/brandss.com.py\/index\/wp-json\/wp\/v2\/product\/95327\/revisions"}],"predecessor-version":[{"id":95334,"href":"https:\/\/brandss.com.py\/index\/wp-json\/wp\/v2\/product\/95327\/revisions\/95334"}],"wp:featuredmedia":[{"embeddable":true,"href":"https:\/\/brandss.com.py\/index\/wp-json\/wp\/v2\/media\/95328"}],"wp:attachment":[{"href":"https:\/\/brandss.com.py\/index\/wp-json\/wp\/v2\/media?parent=95327"}],"wp:term":[{"taxonomy":"product_brand","embeddable":true,"href":"https:\/\/brandss.com.py\/index\/wp-json\/wp\/v2\/product_brand?post=95327"},{"taxonomy":"product_cat","embeddable":true,"href":"https:\/\/brandss.com.py\/index\/wp-json\/wp\/v2\/product_cat?post=95327"},{"taxonomy":"product_tag","embeddable":true,"href":"https:\/\/brandss.com.py\/index\/wp-json\/wp\/v2\/product_tag?post=95327"}],"curies":[{"name":"wp","href":"https:\/\/api.w.org\/{rel}","templated":true}]}}