{"id":95369,"date":"2025-12-27T13:51:22","date_gmt":"2025-12-27T13:51:22","guid":{"rendered":"https:\/\/brandss.com.py\/index\/?post_type=product&#038;p=95369"},"modified":"2026-03-25T19:16:39","modified_gmt":"2026-03-25T19:16:39","slug":"perfume-femenino-emper-le-chameau-arabia-madame-edp-100ml","status":"publish","type":"product","link":"https:\/\/brandss.com.py\/index\/producto\/perfume-femenino-emper-le-chameau-arabia-madame-edp-100ml\/","title":{"rendered":"PERFUME FEMENINO EMPER LE CHAMEAU ARABIA MADAME EDP 100ML"},"content":{"rendered":"<p><img loading=\"lazy\" decoding=\"async\" class=\"\" src=\"https:\/\/www.perfumesmalaga.es\/img\/cms\/emper-breadcrumb.png\" alt=\"Luxe Verde de Emper, est\u00e1 inspirado en la belleza del misterio\" width=\"131\" height=\"109\" \/><\/p>\n<h1>LE CHAMEAU ARABIA MADAME<\/h1>\n<p>Un perfume moderno impregnado de la esencia de la elegancia atemporal. Una fragancia que evoca tu belleza magn\u00e9tica, tu confianza en ti misma y tu imaginaci\u00f3n infinita.<img loading=\"lazy\" decoding=\"async\" class=\"alignleft\" src=\"https:\/\/laurenjayparis.co.uk\/cdn\/shop\/files\/WhatsAppImage2023-05-27at16.40.28.jpg?v=1704326466&amp;width=823\" width=\"536\" height=\"531\" \/><\/p>\n<p>La seducci\u00f3n es un juego y una fragancia irresistible es el arma femenina con la que siempre tendr\u00e1s ventaja. El eau de parfum Le Chameau Arabia Madame te envolver\u00e1 en una fragancia sensual y sofisticada siempre que desees brillar.<\/p>\n<p><span dir=\"auto\">La impactante fragancia Arabia Madame ofrece presencia y sofisticaci\u00f3n desde la primera aplicaci\u00f3n. Inspirada en intensos acordes orientales, combina notas cautivadoras que perduran durante todo el d\u00eda. Un perfume femenino con un toque dulce y amaderado, ideal para ocasiones especiales, citas o para destacar. Perfecto para fiestas o para el trabajo y dejar una impresi\u00f3n memorable a diario.<\/span><\/p>\n<h3>Notas Olfativas<\/h3>\n<div class=\"response-container-content ng-tns-c2180156490-1124\">\n<div class=\"response-content ng-tns-c2180156490-1124\">\n<div class=\"markdown markdown-main-panel\" dir=\"ltr\">\n<p class=\"first-token\" data-sourcepos=\"1:1-1:21\">Arabia Madame: Fragancia moderna para mujeres. Comienza con notas c\u00edtricas, coraz\u00f3n floral y base terrosa. Sofisticada y de larga duraci\u00f3n. Arabia Madame es una fragancia sofisticada que encarna la feminidad moderna con una cautivadora mezcla de aromas. Se abre con las notas c\u00edtricas energizantes de lim\u00f3n y naranja, creando un inicio brillante y estimulante. A medida que se desarrolla la fragancia, emerge un delicado ramo de jazm\u00edn y rosa, ofreciendo un aroma sensual y encantador que recuerda a un jard\u00edn en flor. Los matices terrosos y ahumados del vetiver a\u00f1aden profundidad, mientras que el pachul\u00ed infunde el perfume con su car\u00e1cter rico y seductor. La fragancia concluye con las c\u00e1lidas y reconfortantes notas de vainilla, evocando intimidad y serenidad, e invitando a disfrutar de los placeres simples de la vida.<\/p>\n<\/div>\n<\/div>\n<\/div>\n<p><strong>Notas de salida:<\/strong> lim\u00f3n, naranja, bergamota.<\/p>\n<p><strong>Notas de coraz\u00f3n:<\/strong> rosa, jazm\u00edn, ylang-ylang.<\/p>\n<p><strong>Notas de fondo:<\/strong> pachul\u00ed, vetiver, almizcle blanco, vainilla.<\/p>\n","protected":false},"excerpt":{"rendered":"<p>LE CHAMEAU ARABIA MADAME Un perfume moderno impregnado de la esencia de la elegancia atemporal. Una fragancia que evoca tu<\/p>\n","protected":false},"featured_media":95370,"comment_status":"open","ping_status":"closed","template":"","meta":{"nf_dc_page":""},"product_brand":[2211],"product_cat":[84],"product_tag":[2229],"class_list":{"0":"post-95369","1":"product","2":"type-product","3":"status-publish","4":"has-post-thumbnail","6":"product_brand-emper","7":"product_cat-perfumeria","8":"product_tag-2229","10":"first","11":"instock","12":"sale","13":"shipping-taxable","14":"purchasable","15":"product-type-simple"},"_links":{"self":[{"href":"https:\/\/brandss.com.py\/index\/wp-json\/wp\/v2\/product\/95369","targetHints":{"allow":["GET"]}}],"collection":[{"href":"https:\/\/brandss.com.py\/index\/wp-json\/wp\/v2\/product"}],"about":[{"href":"https:\/\/brandss.com.py\/index\/wp-json\/wp\/v2\/types\/product"}],"replies":[{"embeddable":true,"href":"https:\/\/brandss.com.py\/index\/wp-json\/wp\/v2\/comments?post=95369"}],"version-history":[{"count":1,"href":"https:\/\/brandss.com.py\/index\/wp-json\/wp\/v2\/product\/95369\/revisions"}],"predecessor-version":[{"id":95375,"href":"https:\/\/brandss.com.py\/index\/wp-json\/wp\/v2\/product\/95369\/revisions\/95375"}],"wp:featuredmedia":[{"embeddable":true,"href":"https:\/\/brandss.com.py\/index\/wp-json\/wp\/v2\/media\/95370"}],"wp:attachment":[{"href":"https:\/\/brandss.com.py\/index\/wp-json\/wp\/v2\/media?parent=95369"}],"wp:term":[{"taxonomy":"product_brand","embeddable":true,"href":"https:\/\/brandss.com.py\/index\/wp-json\/wp\/v2\/product_brand?post=95369"},{"taxonomy":"product_cat","embeddable":true,"href":"https:\/\/brandss.com.py\/index\/wp-json\/wp\/v2\/product_cat?post=95369"},{"taxonomy":"product_tag","embeddable":true,"href":"https:\/\/brandss.com.py\/index\/wp-json\/wp\/v2\/product_tag?post=95369"}],"curies":[{"name":"wp","href":"https:\/\/api.w.org\/{rel}","templated":true}]}}