{"id":95410,"date":"2025-12-29T13:50:35","date_gmt":"2025-12-29T13:50:35","guid":{"rendered":"https:\/\/brandss.com.py\/index\/?post_type=product&#038;p=95410"},"modified":"2025-12-29T13:54:30","modified_gmt":"2025-12-29T13:54:30","slug":"perfume-masculino-emper-legend-elixir-edp-100ml","status":"publish","type":"product","link":"https:\/\/brandss.com.py\/index\/producto\/perfume-masculino-emper-legend-elixir-edp-100ml\/","title":{"rendered":"PERFUME MASCULINO EMPER LEGEND ELIXIR EDP 100ML"},"content":{"rendered":"<p><img loading=\"lazy\" decoding=\"async\" class=\"\" src=\"https:\/\/www.perfumesmalaga.es\/img\/cms\/emper-breadcrumb.png\" alt=\"Luxe Verde de Emper, est\u00e1 inspirado en la belleza del misterio\" width=\"136\" height=\"113\" \/><\/p>\n<h1>LEGEND ELIXIR<\/h1>\n<p><em><strong>Capturando lo salvaje<\/strong><\/em><br \/>\nEs una fragancia poderosa y sofisticada que captura la esencia de lo salvaje bajo un cielo azul. La fresca bergamota se encuentra con la sensual vainilla en este Eau de Parfum, inspirado en el contraste de frescura y calidez del desierto crepuscular. Legend Elixir es una fragancia arom\u00e1tica para hombres que no tienen miedo de enfrentarse al mundo y dejar su huella.<img loading=\"lazy\" decoding=\"async\" class=\"alignleft\" src=\"https:\/\/i.ebayimg.com\/images\/g\/oTgAAOSwO5NoFFx1\/s-l1600.webp\" width=\"558\" height=\"558\" \/><\/p>\n<p>Legend Elixir es perfecto para quienes aprecian una fragancia que evoca fuerza y \u200b\u200bsofisticaci\u00f3n. Ya sea que est\u00e9 explorando el aire libre o asistiendo a un evento formal, Legend Elixir complementa su estilo con su combinaci\u00f3n \u00fanica de notas que capturan la esencia de lo salvaje.<\/p>\n<p>A\u00f1ade Legend Elixir a tu colecci\u00f3n y disfruta de una fragancia que encarna el esp\u00edritu de aventura y elegancia. Eleva tu presencia con este poderoso Eau de Parfum que deja una impresi\u00f3n duradera.<\/p>\n<h3>Notas Olfativas<\/h3>\n<p>Legend Elixir se abre con bergamota fresca de Calabria, creando una nota alta vivaz y vigorizante. A medida que se desarrolla la fragancia, se despliega un sensual acorde de vainilla que a\u00f1ade profundidad y sofisticaci\u00f3n a la composici\u00f3n.<\/p>\n<p>Experimente el poder y el encanto de Legend Elixir, una fragancia que equilibra la frescura con la sensualidad. Su mezcla de pimienta, bergamota y una rica base de cedro y ambroxan garantiza una impresi\u00f3n duradera dondequiera que vaya.<\/p>\n<p><span dir=\"auto\"><strong>Notas de salida:<\/strong> bergamota de calabria, pimienta.<\/span><\/p>\n<p><span dir=\"auto\"><strong>Notas de coraz\u00f3n:<\/strong> pimienta de sichuan, lavanda, pimienta rosa, vetiver, pachul\u00ed, geranio, elem\u00ed.<\/span><\/p>\n<p><span dir=\"auto\"><strong>Notas de fondo:<\/strong> ambroxan, cedro, l\u00e1dano.<\/span><\/p>\n","protected":false},"excerpt":{"rendered":"<p>LEGEND ELIXIR Capturando lo salvaje Es una fragancia poderosa y sofisticada que captura la esencia de lo salvaje bajo un<\/p>\n","protected":false},"featured_media":95411,"comment_status":"open","ping_status":"closed","template":"","meta":{"nf_dc_page":""},"product_brand":[2211],"product_cat":[84],"product_tag":[2235],"class_list":{"0":"post-95410","1":"product","2":"type-product","3":"status-publish","4":"has-post-thumbnail","6":"product_brand-emper","7":"product_cat-perfumeria","8":"product_tag-2235","10":"first","11":"instock","12":"shipping-taxable","13":"purchasable","14":"product-type-simple"},"_links":{"self":[{"href":"https:\/\/brandss.com.py\/index\/wp-json\/wp\/v2\/product\/95410","targetHints":{"allow":["GET"]}}],"collection":[{"href":"https:\/\/brandss.com.py\/index\/wp-json\/wp\/v2\/product"}],"about":[{"href":"https:\/\/brandss.com.py\/index\/wp-json\/wp\/v2\/types\/product"}],"replies":[{"embeddable":true,"href":"https:\/\/brandss.com.py\/index\/wp-json\/wp\/v2\/comments?post=95410"}],"version-history":[{"count":1,"href":"https:\/\/brandss.com.py\/index\/wp-json\/wp\/v2\/product\/95410\/revisions"}],"predecessor-version":[{"id":95414,"href":"https:\/\/brandss.com.py\/index\/wp-json\/wp\/v2\/product\/95410\/revisions\/95414"}],"wp:featuredmedia":[{"embeddable":true,"href":"https:\/\/brandss.com.py\/index\/wp-json\/wp\/v2\/media\/95411"}],"wp:attachment":[{"href":"https:\/\/brandss.com.py\/index\/wp-json\/wp\/v2\/media?parent=95410"}],"wp:term":[{"taxonomy":"product_brand","embeddable":true,"href":"https:\/\/brandss.com.py\/index\/wp-json\/wp\/v2\/product_brand?post=95410"},{"taxonomy":"product_cat","embeddable":true,"href":"https:\/\/brandss.com.py\/index\/wp-json\/wp\/v2\/product_cat?post=95410"},{"taxonomy":"product_tag","embeddable":true,"href":"https:\/\/brandss.com.py\/index\/wp-json\/wp\/v2\/product_tag?post=95410"}],"curies":[{"name":"wp","href":"https:\/\/api.w.org\/{rel}","templated":true}]}}