{"id":95415,"date":"2025-12-29T14:16:11","date_gmt":"2025-12-29T14:16:11","guid":{"rendered":"https:\/\/brandss.com.py\/index\/?post_type=product&#038;p=95415"},"modified":"2025-12-29T14:17:27","modified_gmt":"2025-12-29T14:17:27","slug":"perfume-masculino-emper-legend-arabia-edp-100ml","status":"publish","type":"product","link":"https:\/\/brandss.com.py\/index\/producto\/perfume-masculino-emper-legend-arabia-edp-100ml\/","title":{"rendered":"PERFUME MASCULINO EMPER LEGEND ARABIA EDP 100ML"},"content":{"rendered":"<p><img loading=\"lazy\" decoding=\"async\" class=\"\" src=\"https:\/\/www.perfumesmalaga.es\/img\/cms\/emper-breadcrumb.png\" alt=\"Luxe Verde de Emper, est\u00e1 inspirado en la belleza del misterio\" width=\"72\" height=\"60\" \/><\/p>\n<h1>LEGEND ARABIA<\/h1>\n<p>Es un aroma de puro lujo entrelazado con la esencia de la masculinidad y un encanto infinito para ofrecerte. Legend Arabia, una fragancia especialmente dise\u00f1ada para un hombre independiente, nacido para conquistarlo todo. <img loading=\"lazy\" decoding=\"async\" class=\"alignleft\" src=\"https:\/\/www.atlanticoshop.com.py\/image\/catalog\/212%20FRAGANCIAS\/legend%20arabia%20desc%20esp.jpg\" width=\"467\" height=\"701\" \/><\/p>\n<p>Cada d\u00eda es una nueva oportunidad para afrontar retos. El eau de parfum unisex Emper Legend Arabia refresca tu mente para que puedas seguir tu instinto con valent\u00eda. L\u00e1nzate al encuentro de la aventura diaria.<\/p>\n<p>&nbsp;<\/p>\n<h3>Notas Olfativas<\/h3>\n<p>&nbsp;<\/p>\n<p>El Eau de Parfum Legend Arabia revela una fragancia sensual e impredecible. La fragancia se abre con cautivadoras notas de azafr\u00e1n, dando paso a un potente coraz\u00f3n de madera de oud y rosa, y un irresistible final de madera de oud, pralin\u00e9 y vainilla.<\/p>\n<p><span dir=\"auto\"><strong>Notas de salida:<\/strong> azafr\u00e1n.<\/span><\/p>\n<p><span dir=\"auto\"><strong>Notas coraz\u00f3n:<\/strong> madera de agar (Oud), rosa.<\/span><\/p>\n<p><span dir=\"auto\"><strong>Notas de fondo:<\/strong> madera de oud, pralin\u00e9, vainilla.<\/span><\/p>\n","protected":false},"excerpt":{"rendered":"<p>LEGEND ARABIA Es un aroma de puro lujo entrelazado con la esencia de la masculinidad y un encanto infinito para<\/p>\n","protected":false},"featured_media":95416,"comment_status":"open","ping_status":"closed","template":"","meta":{"nf_dc_page":""},"product_brand":[2211],"product_cat":[84],"product_tag":[2236],"class_list":{"0":"post-95415","1":"product","2":"type-product","3":"status-publish","4":"has-post-thumbnail","6":"product_brand-emper","7":"product_cat-perfumeria","8":"product_tag-2236","10":"first","11":"instock","12":"shipping-taxable","13":"purchasable","14":"product-type-simple"},"_links":{"self":[{"href":"https:\/\/brandss.com.py\/index\/wp-json\/wp\/v2\/product\/95415","targetHints":{"allow":["GET"]}}],"collection":[{"href":"https:\/\/brandss.com.py\/index\/wp-json\/wp\/v2\/product"}],"about":[{"href":"https:\/\/brandss.com.py\/index\/wp-json\/wp\/v2\/types\/product"}],"replies":[{"embeddable":true,"href":"https:\/\/brandss.com.py\/index\/wp-json\/wp\/v2\/comments?post=95415"}],"version-history":[{"count":1,"href":"https:\/\/brandss.com.py\/index\/wp-json\/wp\/v2\/product\/95415\/revisions"}],"predecessor-version":[{"id":95419,"href":"https:\/\/brandss.com.py\/index\/wp-json\/wp\/v2\/product\/95415\/revisions\/95419"}],"wp:featuredmedia":[{"embeddable":true,"href":"https:\/\/brandss.com.py\/index\/wp-json\/wp\/v2\/media\/95416"}],"wp:attachment":[{"href":"https:\/\/brandss.com.py\/index\/wp-json\/wp\/v2\/media?parent=95415"}],"wp:term":[{"taxonomy":"product_brand","embeddable":true,"href":"https:\/\/brandss.com.py\/index\/wp-json\/wp\/v2\/product_brand?post=95415"},{"taxonomy":"product_cat","embeddable":true,"href":"https:\/\/brandss.com.py\/index\/wp-json\/wp\/v2\/product_cat?post=95415"},{"taxonomy":"product_tag","embeddable":true,"href":"https:\/\/brandss.com.py\/index\/wp-json\/wp\/v2\/product_tag?post=95415"}],"curies":[{"name":"wp","href":"https:\/\/api.w.org\/{rel}","templated":true}]}}